{"id":217316,"date":"2022-06-10T15:01:59","date_gmt":"2022-06-10T14:01:59","guid":{"rendered":"https:\/\/www.moskito.cz\/?post_type=product&#038;p=217316"},"modified":"2025-05-07T10:39:07","modified_gmt":"2025-05-07T09:39:07","slug":"pero-heretic-thoth-pen-dlc-finished-titanium-tail-and-end-cap-copper-barrel-copper-bolt-h038-dlc-cu","status":"publish","type":"product","link":"https:\/\/www.moskito.cz\/fr\/produkt\/pero-heretic-thoth-pen-dlc-finished-titanium-tail-and-end-cap-copper-barrel-copper-bolt-h038-dlc-cu\/","title":{"rendered":"Pero Heretic Thoth Pen- DLC Finished Titanium Tail and End Cap-Copper Barrel-Copper Bolt H038-DLC\/Cu"},"content":{"rendered":"<p>Pero <strong>Heretic<\/strong> Thoth Pen- DLC Finished Titanium Tail and End Cap-Copper Barrel-Copper Bolt H038-DLC\/Cu<\/p>\n<p>Zcela nov\u00e9 ak\u010dn\u00ed pero Bolt!<\/p>\n<p>Nov\u00e9 modul\u00e1rn\u00ed pero \u2013 The Thoth. Lze pou\u017e\u00edt jako ohr\u00e1dku b\u011b\u017en\u00e9 d\u00e9lky nebo zkr\u00e1tit odstran\u011bn\u00edm. Toto pero m\u00e1 titanovou koncovku a koncovku s povrchovou \u00fapravou DLC a t\u011blo z \u010dern\u00e9ho eloxovan\u00e9ho hlin\u00edku. M\u00e1 tak\u00e9 modr\u00fd eloxovan\u00fd titanov\u00fd \u0161roub a DLC Titanium roller.<\/p>\n<p>Heretic Thoth Pen \u2013 povrchov\u00e1 \u00faprava DLC \u2013 titanov\u00e1 koncovka a koncovka \u2013 \u010dern\u00e1 hlin\u00edkov\u00e1 hlave\u0148 \u2013 modr\u00fd \u0161roub H038-DLC<\/p>\n<p>Dlouh\u00e1 d\u00e9lka: <span id=\"cwos\" class=\"qv3Wpe\">12.55<\/span> cm<br \/>\nKr\u00e1tk\u00e1 d\u00e9lka: 9 cm<\/p>\n<p><iframe title=\"Heretic Shop Video\" width=\"800\" height=\"450\" src=\"https:\/\/www.youtube.com\/embed\/7qUL5q7Cvgo?feature=oembed\" frameborder=\"0\" allow=\"accelerometer; autoplay; clipboard-write; encrypted-media; gyroscope; picture-in-picture; web-share\" referrerpolicy=\"strict-origin-when-cross-origin\" allowfullscreen><\/iframe><\/p>\n<p>&nbsp;<\/p>\n<p>&nbsp;<\/p>\n","protected":false},"excerpt":{"rendered":"<p>Nov\u00e9 modul\u00e1rn\u00ed pero \u2013 The Thoth.<\/p>\n","protected":false},"featured_media":217317,"comment_status":"open","ping_status":"closed","template":"","meta":[],"pwb-brand":[318],"product_brand":[],"product_cat":[2019,17],"product_tag":[],"class_list":{"0":"post-217316","1":"product","2":"type-product","3":"status-publish","4":"has-post-thumbnail","6":"pwb-brand-heretic-knives","7":"product_cat-vystrelovaci-noze","8":"product_cat-noze","10":"first","11":"instock","12":"taxable","13":"shipping-taxable","14":"purchasable","15":"product-type-simple"},"brands":[{"id":318,"name":"Heretic Knives","slug":"heretic-knives"}],"_links":{"self":[{"href":"https:\/\/www.moskito.cz\/fr\/wp-json\/wp\/v2\/product\/217316","targetHints":{"allow":["GET"]}}],"collection":[{"href":"https:\/\/www.moskito.cz\/fr\/wp-json\/wp\/v2\/product"}],"about":[{"href":"https:\/\/www.moskito.cz\/fr\/wp-json\/wp\/v2\/types\/product"}],"replies":[{"embeddable":true,"href":"https:\/\/www.moskito.cz\/fr\/wp-json\/wp\/v2\/comments?post=217316"}],"wp:featuredmedia":[{"embeddable":true,"href":"https:\/\/www.moskito.cz\/fr\/wp-json\/wp\/v2\/media\/217317"}],"wp:attachment":[{"href":"https:\/\/www.moskito.cz\/fr\/wp-json\/wp\/v2\/media?parent=217316"}],"wp:term":[{"taxonomy":"pwb-brand","embeddable":true,"href":"https:\/\/www.moskito.cz\/fr\/wp-json\/wp\/v2\/pwb-brand?post=217316"},{"taxonomy":"product_brand","embeddable":true,"href":"https:\/\/www.moskito.cz\/fr\/wp-json\/wp\/v2\/product_brand?post=217316"},{"taxonomy":"product_cat","embeddable":true,"href":"https:\/\/www.moskito.cz\/fr\/wp-json\/wp\/v2\/product_cat?post=217316"},{"taxonomy":"product_tag","embeddable":true,"href":"https:\/\/www.moskito.cz\/fr\/wp-json\/wp\/v2\/product_tag?post=217316"}],"curies":[{"name":"wp","href":"https:\/\/api.w.org\/{rel}","templated":true}]}}