{"id":217327,"date":"2022-06-10T15:19:13","date_gmt":"2022-06-10T14:19:13","guid":{"rendered":"https:\/\/www.moskito.cz\/?post_type=product&#038;p=217327"},"modified":"2025-05-07T10:39:07","modified_gmt":"2025-05-07T09:39:07","slug":"pero-heretic-knives-thoth-modular-pen-black-dlc-titanium-with-black-aluminum-barrel-extension-h038-dlc","status":"publish","type":"product","link":"https:\/\/www.moskito.cz\/fr\/produkt\/pero-heretic-knives-thoth-modular-pen-black-dlc-titanium-with-black-aluminum-barrel-extension-h038-dlc\/","title":{"rendered":"Pero Heretic Knives Thoth Modular Pen, Black DLC Titanium with Black Aluminum Barrel Extension &#8211; H038-DLC"},"content":{"rendered":"<p>Pero <strong>Heretic Knives<\/strong> Thoth Modular Pen, Black DLC Titanium with Black Aluminum Barrel Extension &#8211; H038-DLC<\/p>\n<p>The Thoth je prvn\u00ed design pera od <strong>Heretic Knives<\/strong>. M\u00e1 \u010dernou titanovou koncovku DLC, \u010dernou titanovou koncovku DLC, \u010dern\u011b eloxovan\u00fd hlin\u00edkov\u00fd v\u00e1lec, modr\u00fd eloxovan\u00fd titanov\u00fd \u0161roub a \u010dern\u00fd DLC titanov\u00fd roller. Pero je modul\u00e1rn\u00ed, tak\u017ee m\u016f\u017eete pou\u017e\u00edvat pero v pln\u00e9 velikosti <span id=\"cwos\" class=\"qv3Wpe\">12.55<\/span> cm nebo m\u016f\u017eete odstranit v\u00e1lec a n\u00e1stavec inkoustov\u00e9 kazety a spustit men\u0161\u00ed verzi 9 cm bez nutnosti dal\u0161\u00edch n\u00e1kup\u016f nebo n\u00e1stroj\u016f. Pou\u017e\u00edv\u00e1 stejnou inkoustovou kazetu v obou konfigurac\u00edch a je to \u00fa\u017easn\u00fd design od TJ, kter\u00fd n\u00e1s opravdu bav\u00ed.<br \/>\nSpecifikace<\/p>\n<p>Celkov\u00e1 d\u00e9lka: <span id=\"cwos\" class=\"qv3Wpe\">12.55<\/span> cm<br \/>\nKompaktn\u00ed celkov\u00e1 d\u00e9lka: 9 cm\u00a0\u00bb<br \/>\nMateri\u00e1ly: \u010cern\u00e1 hlin\u00edkov\u00e1 hlave\u0148 a \u010dern\u00e1 DLC Titanium V\u0161echno ostatn\u00ed<br \/>\nN\u00e1pl\u0148: Fisher Space Pen<br \/>\nHmotnost: 1,27 oz.<br \/>\nVyrobeno v USA<\/p>\n<p><iframe title=\"Heretic Shop Video\" width=\"800\" height=\"450\" src=\"https:\/\/www.youtube.com\/embed\/7qUL5q7Cvgo?feature=oembed\" frameborder=\"0\" allow=\"accelerometer; autoplay; clipboard-write; encrypted-media; gyroscope; picture-in-picture; web-share\" referrerpolicy=\"strict-origin-when-cross-origin\" allowfullscreen><\/iframe><\/p>\n","protected":false},"excerpt":{"rendered":"<p>The Thoth je prvn\u00ed design pera od <strong>Heretic Knives<\/strong>.<\/p>\n","protected":false},"featured_media":217328,"comment_status":"open","ping_status":"closed","template":"","meta":[],"pwb-brand":[318],"product_brand":[],"product_cat":[2019,17],"product_tag":[],"class_list":{"0":"post-217327","1":"product","2":"type-product","3":"status-publish","4":"has-post-thumbnail","6":"pwb-brand-heretic-knives","7":"product_cat-vystrelovaci-noze","8":"product_cat-noze","10":"first","11":"outofstock","12":"taxable","13":"shipping-taxable","14":"purchasable","15":"product-type-simple"},"brands":[{"id":318,"name":"Heretic Knives","slug":"heretic-knives"}],"_links":{"self":[{"href":"https:\/\/www.moskito.cz\/fr\/wp-json\/wp\/v2\/product\/217327","targetHints":{"allow":["GET"]}}],"collection":[{"href":"https:\/\/www.moskito.cz\/fr\/wp-json\/wp\/v2\/product"}],"about":[{"href":"https:\/\/www.moskito.cz\/fr\/wp-json\/wp\/v2\/types\/product"}],"replies":[{"embeddable":true,"href":"https:\/\/www.moskito.cz\/fr\/wp-json\/wp\/v2\/comments?post=217327"}],"wp:featuredmedia":[{"embeddable":true,"href":"https:\/\/www.moskito.cz\/fr\/wp-json\/wp\/v2\/media\/217328"}],"wp:attachment":[{"href":"https:\/\/www.moskito.cz\/fr\/wp-json\/wp\/v2\/media?parent=217327"}],"wp:term":[{"taxonomy":"pwb-brand","embeddable":true,"href":"https:\/\/www.moskito.cz\/fr\/wp-json\/wp\/v2\/pwb-brand?post=217327"},{"taxonomy":"product_brand","embeddable":true,"href":"https:\/\/www.moskito.cz\/fr\/wp-json\/wp\/v2\/product_brand?post=217327"},{"taxonomy":"product_cat","embeddable":true,"href":"https:\/\/www.moskito.cz\/fr\/wp-json\/wp\/v2\/product_cat?post=217327"},{"taxonomy":"product_tag","embeddable":true,"href":"https:\/\/www.moskito.cz\/fr\/wp-json\/wp\/v2\/product_tag?post=217327"}],"curies":[{"name":"wp","href":"https:\/\/api.w.org\/{rel}","templated":true}]}}