{"id":217533,"date":"2022-06-24T15:17:45","date_gmt":"2022-06-24T14:17:45","guid":{"rendered":"https:\/\/www.moskito.cz\/?post_type=product&#038;p=217533"},"modified":"2025-05-07T10:39:08","modified_gmt":"2025-05-07T09:39:08","slug":"pevny-nuz-extrema-ratio-k-talon-stone-washed","status":"publish","type":"product","link":"https:\/\/www.moskito.cz\/fr\/produkt\/pevny-nuz-extrema-ratio-k-talon-stone-washed\/","title":{"rendered":"Pevn\u00fd N\u016f\u017e Extrema Ratio K-TALON STONE WASHED"},"content":{"rendered":"<p>Pevn\u00fd N\u016f\u017e <strong>Extrema Rati<\/strong>o K-TALON STONE WASHED.<\/p>\n<p><strong>K-Talon<\/strong> Karambit, Stone Washed, hork\u00e1 novinka od Extrema Ratio na Blade Show 2022!!! Agresivn\u00ed linie taktick\u00e9ho designu ve vynikaj\u00edc\u00edm v\u00fdkonu. Osv\u011bd\u010den\u00e1 nerezov\u00e1 ocel N690, panc\u00e9\u0159ovan\u00fd v\u00fdkon, ploch\u00e9 pozdro s v\u00edce mo\u017enostmi mont\u00e1\u017ee! Skute\u010dn\u00fd bestseller!!!<\/p>\n<p><strong>Karambi<\/strong>t \u2013 typ no\u017ee, kter\u00fd se zrodil v Indon\u00e9sii, s ko\u0159eny v Malajsii a na Filip\u00edn\u00e1ch. Vyzna\u010duje se prstencem na prstu a srpovitou \u010depel\u00ed, kter\u00e1 se vyzna\u010duje velkou \u00fa\u010dinnost\u00ed. Umo\u017e\u0148uje kontrolu \u0159ezan\u00e9ho p\u0159edm\u011btu t\u00edm, \u017ee jej dr\u017e\u00ed na zak\u0159iven\u00e9m naost\u0159en\u00e9m ost\u0159\u00ed, \u010d\u00edm\u017e zabra\u0148uje sklouznut\u00ed p\u0159edm\u011btu z konce \u010depele. Jest\u0159\u00e1bn\u00edk napodobuje trhac\u00ed akci orl\u00edho nebo tyg\u0159\u00edho dr\u00e1pu, propichov\u00e1n\u00ed a \u0159ez\u00e1n\u00ed z\u00e1rove\u0148. Pou\u017e\u00edv\u00e1 se jako pracovn\u00ed n\u016f\u017e a na obranu.<br \/>\nOcel<\/p>\n<p><strong>N690<\/strong> &#8211; vysoce uhl\u00edkov\u00e1 nerezov\u00e1 ocel s p\u0159idan\u00fdm kobaltem pro struktur\u00e1ln\u00ed jednotnost. Dnes jedna z nejlep\u0161\u00edch n\u00e1strojov\u00fdch ocel\u00ed na sv\u011bt\u011b. Kaleno v rozmez\u00ed 58-60 HRC. Vyrobeno v rakousk\u00e9 ocel\u00e1rn\u011b B\u00f6hler-Uddeholm.<br \/>\n\u010cepel<\/p>\n<p>D\u00edky agresivn\u00edmu profilu Hawkbill m\u00e1 zaoblen\u00fd tvar \u010depele skv\u011blou \u0159eznou \u00fa\u010dinnost a rychlost. Profil Hawkbill napodobuje zp\u016fsob, jak\u00fdm se trh\u00e1 orl\u00ed nebo tyg\u0159\u00ed dr\u00e1p, propichuje a \u0159e\u017ee z\u00e1rove\u0148. Hladk\u00e1 \u010depel s ultratenkou \u0161pi\u010dkou a vynikaj\u00edc\u00edm zak\u0159iven\u00edm pro maxim\u00e1ln\u00ed \u0159ezn\u00e9 schopnosti. Pe\u010dliv\u011b vyroben\u00e9 brn\u011bn\u00ed posiluje \u010depel a z\u00e1rove\u0148 sni\u017euje jej\u00ed hmotnost. Povrchov\u00e1 \u00faprava Stonewashed pro nulov\u00e9 odlesky.<br \/>\nRukoje\u0165<\/p>\n<p>Eloxovan\u00e9 hlin\u00edkov\u00e9 vlo\u017eky p\u0159i\u0161roubovan\u00e9 p\u0159\u00edmo ke stopce no\u017ee. M\u00edrn\u011b drsn\u00fd povrch v kombinaci s profilov\u00e1n\u00edm rukojeti poskytuje bezpe\u010dn\u00fd \u00fachop v prim\u00e1rn\u00edm i sekund\u00e1rn\u00edm \u00fachopu. Rukoje\u0165 je zakon\u010dena krou\u017ekem na prst (Back Ring). Zabra\u0148uje n\u00e1hodn\u00e9mu uvoln\u011bn\u00ed no\u017ee z ruky a tak\u00e9 usnad\u0148uje ot\u00e1\u010den\u00ed slo\u017eky kolem prstu, co\u017e umo\u017e\u0148uje prov\u00e1d\u011bt tradi\u010dn\u00ed techniky.<br \/>\nPouzdro<\/p>\n<p>Extr\u00e9mn\u011b ploch\u00fd, vyroben\u00fd z Kydexu, umo\u017e\u0148uje tajn\u011b nosit n\u016f\u017e pod ko\u0161il\u00ed nebo na opasku. \u0160irok\u00e9 otvory na okraj\u00edch pochvy slou\u017e\u00ed k p\u0159ipevn\u011bn\u00ed no\u017ee k opasku nebo vybaven\u00ed pomoc\u00ed p\u0159ilo\u017een\u00e9ho kusu paracordu. Lze jej tak\u00e9 pou\u017e\u00edt k zav\u011b\u0161en\u00ed no\u017ee na krk.<\/p>\n<p>Hmotnost g: 130<br \/>\nhmotnost unce: 4,58<br \/>\nD\u00e9lka \u010depele (mm): 70<br \/>\nD\u00e9lka \u010depele (palce): 2,75<br \/>\nCelkov\u00e1 d\u00e9lka (mm): 175<br \/>\nCelkov\u00e1 d\u00e9lka (v): 6,89<br \/>\nTlou\u0161\u0165ka \u010depele (mm): 4<br \/>\nTlou\u0161\u0165ka \u010depele (palce): 0,15<br \/>\nMateri\u00e1l \u010depele: B\u00f6HLER N690 STEEL (58HRC)<br \/>\nPovrchov\u00e1 \u00faprava \u010depele: KAMENE WASHED<br \/>\nHlavn\u00ed m\u0159\u00ed\u017eka: PLOCH\u00c1<br \/>\nMateri\u00e1l rukojeti: ANTIKOROD\u00c1LN\u00cd ELOXOVAN\u00dd HLIN\u00cdK<\/p>\n<p>&nbsp;<\/p>\n<p>&nbsp;<\/p>\n","protected":false},"excerpt":{"rendered":"<p>Spole\u010dnost\u00a0<strong>Extrema Ratio<\/strong>\u00a0se s\u00eddlem v italsk\u00e9m Pratu navrhuje a vyr\u00e1b\u00ed vysoce v\u00fdkonn\u00e9 bojov\u00e9, vojensk\u00e9, kuchy\u0148sk\u00e9, loveck\u00e9 a taktick\u00e9 no\u017ee od roku 1997 a m\u00e1 pov\u011bst vynikaj\u00edc\u00ed kvality, kter\u00e1 je v oboru vojensk\u00fdch a taktick\u00fdch no\u017e\u016f nep\u0159ekonateln\u00e1.\u00a0<strong>Doprava zdarma<\/strong>.<\/p>\n","protected":false},"featured_media":217534,"comment_status":"open","ping_status":"closed","template":"","meta":[],"pwb-brand":[267],"product_brand":[],"product_cat":[2062,17],"product_tag":[3667],"class_list":{"0":"post-217533","1":"product","2":"type-product","3":"status-publish","4":"has-post-thumbnail","6":"pwb-brand-extrema-ratio","7":"product_cat-karambity","8":"product_cat-noze","9":"product_tag-b2b","11":"first","12":"instock","13":"taxable","14":"shipping-taxable","15":"purchasable","16":"product-type-simple"},"brands":[{"id":267,"name":"Extrema Ratio","slug":"extrema-ratio"}],"_links":{"self":[{"href":"https:\/\/www.moskito.cz\/fr\/wp-json\/wp\/v2\/product\/217533","targetHints":{"allow":["GET"]}}],"collection":[{"href":"https:\/\/www.moskito.cz\/fr\/wp-json\/wp\/v2\/product"}],"about":[{"href":"https:\/\/www.moskito.cz\/fr\/wp-json\/wp\/v2\/types\/product"}],"replies":[{"embeddable":true,"href":"https:\/\/www.moskito.cz\/fr\/wp-json\/wp\/v2\/comments?post=217533"}],"wp:featuredmedia":[{"embeddable":true,"href":"https:\/\/www.moskito.cz\/fr\/wp-json\/wp\/v2\/media\/217534"}],"wp:attachment":[{"href":"https:\/\/www.moskito.cz\/fr\/wp-json\/wp\/v2\/media?parent=217533"}],"wp:term":[{"taxonomy":"pwb-brand","embeddable":true,"href":"https:\/\/www.moskito.cz\/fr\/wp-json\/wp\/v2\/pwb-brand?post=217533"},{"taxonomy":"product_brand","embeddable":true,"href":"https:\/\/www.moskito.cz\/fr\/wp-json\/wp\/v2\/product_brand?post=217533"},{"taxonomy":"product_cat","embeddable":true,"href":"https:\/\/www.moskito.cz\/fr\/wp-json\/wp\/v2\/product_cat?post=217533"},{"taxonomy":"product_tag","embeddable":true,"href":"https:\/\/www.moskito.cz\/fr\/wp-json\/wp\/v2\/product_tag?post=217533"}],"curies":[{"name":"wp","href":"https:\/\/api.w.org\/{rel}","templated":true}]}}