{"id":217752,"date":"2022-06-28T10:59:51","date_gmt":"2022-06-28T09:59:51","guid":{"rendered":"https:\/\/www.moskito.cz\/?post_type=product&#038;p=217752"},"modified":"2025-05-07T10:39:10","modified_gmt":"2025-05-07T09:39:10","slug":"zaviraci-nuz-boker-plus-fieldfolder","status":"publish","type":"product","link":"https:\/\/www.moskito.cz\/fr\/produkt\/zaviraci-nuz-boker-plus-fieldfolder\/","title":{"rendered":"Zav\u00edrac\u00ed N\u016f\u017e B\u00f6ker Plus Fieldfolder"},"content":{"rendered":"<p>Zav\u00edrac\u00ed N\u016f\u017e <strong>B\u00f6ker Plu<\/strong>s Fieldfolder<\/p>\n<p><strong>Boker Plus Fieldfolder<\/strong> navr\u017een\u00fd Jesperem Voxnaesem zvl\u00e1dne v\u0161echny \u0159ezac\u00ed \u00fakoly bez n\u00e1mahy a p\u0159esv\u011bd\u010d\u00ed v ka\u017edodenn\u00edm \u017eivot\u011b i p\u0159i pou\u017e\u00edv\u00e1n\u00ed. Spolehliv\u00fd kapesn\u00ed n\u016f\u017e je dod\u00e1v\u00e1n s tmavou \u010depel\u00ed Stonewash z D2, kter\u00e1 se ovl\u00e1d\u00e1 otvorem pro palec a je zaji\u0161t\u011bna pevn\u00fdm z\u00e1mkem. Vlo\u017eky zapu\u0161t\u011bn\u00e9 do p\u016fsobiv\u00e9 texturovan\u00e9 \u010dern\u00e9 stupnice rukojeti G10 jsou vyrobeny z nerezov\u00e9 oceli, zat\u00edmco \u010d\u00e1ste\u010dn\u011b odkryt\u00e1 distan\u010dn\u00ed vlo\u017eka je vyrobena z mosazi. Stejn\u011b tak mosazn\u00fd krou\u017eek kolem ozdobn\u00e9ho oto\u010dn\u00e9ho \u0161roubu dod\u00e1v\u00e1 dal\u0161\u00ed vizu\u00e1ln\u00ed akcent. Jimpingy kolem op\u011brky palce a na konci rukojeti zvy\u0161uj\u00ed bezpe\u010dnost p\u0159i pr\u00e1ci. S otvorem pro \u0161\u0148\u016frku, hluboce uchycenou sponou (tip-up\/r) a vysoce kvalitn\u00edm nylonov\u00fdm pouzdrem pro skladov\u00e1n\u00ed.<\/p>\n<p>Typ: Kapesn\u00ed n\u016f\u017e<br \/>\nCelkov\u00e1 d\u00e9lka: 20,56 cm<br \/>\nD\u00e9lka \u010depele: 8,65 cm<br \/>\nTlou\u0161\u0165ka \u010depele: 4,00 mm<br \/>\nHmotnost: 145,50 g<br \/>\nN\u00e1vrh\u00e1\u0159: Jesper Voxnaes<br \/>\nMateri\u00e1l \u010depele: D2<br \/>\nMateri\u00e1l rukojeti: G10<br \/>\nOtv\u00edr\u00e1k: Otvor pro palec<br \/>\nOtev\u00edrac\u00ed: Manu\u00e1l<br \/>\nTyp z\u00e1mku: Linerlock<br \/>\nBarva: \u010cern\u00e1<\/p>\n","protected":false},"excerpt":{"rendered":"<p><strong>Boker Plus Fieldfolder<\/strong> navr\u017een\u00fd Jesperem Voxnaesem zvl\u00e1dne v\u0161echny \u0159ezac\u00ed \u00fakoly bez n\u00e1mahy a p\u0159esv\u011bd\u010d\u00ed v ka\u017edodenn\u00edm \u017eivot\u011b i p\u0159i pou\u017e\u00edv\u00e1n\u00ed.<\/p>\n","protected":false},"featured_media":217753,"comment_status":"open","ping_status":"closed","template":"","meta":[],"pwb-brand":[140],"product_brand":[],"product_cat":[22,17],"product_tag":[3667],"class_list":{"0":"post-217752","1":"product","2":"type-product","3":"status-publish","4":"has-post-thumbnail","6":"pwb-brand-boker","7":"product_cat-zaviraci-noze","8":"product_cat-noze","9":"product_tag-b2b","11":"first","12":"instock","13":"taxable","14":"shipping-taxable","15":"purchasable","16":"product-type-simple"},"brands":[{"id":140,"name":"Boker","slug":"boker"}],"_links":{"self":[{"href":"https:\/\/www.moskito.cz\/fr\/wp-json\/wp\/v2\/product\/217752","targetHints":{"allow":["GET"]}}],"collection":[{"href":"https:\/\/www.moskito.cz\/fr\/wp-json\/wp\/v2\/product"}],"about":[{"href":"https:\/\/www.moskito.cz\/fr\/wp-json\/wp\/v2\/types\/product"}],"replies":[{"embeddable":true,"href":"https:\/\/www.moskito.cz\/fr\/wp-json\/wp\/v2\/comments?post=217752"}],"wp:featuredmedia":[{"embeddable":true,"href":"https:\/\/www.moskito.cz\/fr\/wp-json\/wp\/v2\/media\/217753"}],"wp:attachment":[{"href":"https:\/\/www.moskito.cz\/fr\/wp-json\/wp\/v2\/media?parent=217752"}],"wp:term":[{"taxonomy":"pwb-brand","embeddable":true,"href":"https:\/\/www.moskito.cz\/fr\/wp-json\/wp\/v2\/pwb-brand?post=217752"},{"taxonomy":"product_brand","embeddable":true,"href":"https:\/\/www.moskito.cz\/fr\/wp-json\/wp\/v2\/product_brand?post=217752"},{"taxonomy":"product_cat","embeddable":true,"href":"https:\/\/www.moskito.cz\/fr\/wp-json\/wp\/v2\/product_cat?post=217752"},{"taxonomy":"product_tag","embeddable":true,"href":"https:\/\/www.moskito.cz\/fr\/wp-json\/wp\/v2\/product_tag?post=217752"}],"curies":[{"name":"wp","href":"https:\/\/api.w.org\/{rel}","templated":true}]}}