{"id":217957,"date":"2022-06-29T16:48:44","date_gmt":"2022-06-29T15:48:44","guid":{"rendered":"https:\/\/www.moskito.cz\/?post_type=product&#038;p=217957"},"modified":"2025-05-07T10:39:15","modified_gmt":"2025-05-07T09:39:15","slug":"zaviraci-nuz-magnum-boker-master-craftsman-5","status":"publish","type":"product","link":"https:\/\/www.moskito.cz\/fr\/produkt\/zaviraci-nuz-magnum-boker-master-craftsman-5\/","title":{"rendered":"Zav\u00edrac\u00ed N\u016f\u017e Magnum B\u00f6ker Master Craftsman 5"},"content":{"rendered":"<p>Zav\u00edrac\u00ed N\u016f\u017e Magnum <strong>B\u00f6ker Master<\/strong> Craftsman 5<\/p>\n<p>Nov\u00e1 \u0159ada no\u017e\u016f Magnum je zam\u011b\u0159ena p\u0159edev\u0161\u00edm na \u0159emesln\u00edky, kte\u0159\u00ed vy\u017eaduj\u00ed solidn\u00ed a spolehliv\u00fd, ale tak\u00e9 cenov\u011b v\u00fdhodn\u00fd n\u016f\u017e, kter\u00fd je opravdovou pomoc\u00ed a nenahraditeln\u00fdm n\u00e1strojem p\u0159i jejich pr\u00e1ci. No\u017ee maj\u00ed \u010depele odoln\u00e9 proti korozi vyroben\u00e9 z nerezov\u00e9 oceli 440A. R\u016fzn\u00e9 otv\u00edrac\u00ed a uzamykac\u00ed mechanismy, stejn\u011b jako v\u0161estrann\u00e9 rukojeti pro \u0161irokou \u0161k\u00e1lu ergonomick\u00fdch po\u017eadavk\u016f. D\u00edky robustn\u00edmu vzhledu, spolehlivosti a v neposledn\u00ed \u0159ad\u011b vynikaj\u00edc\u00edmu pom\u011bru ceny a v\u00fdkonu t\u011bchto v\u0161estrann\u00fdch profesion\u00e1ln\u00edch no\u017e\u016f pro ka\u017edodenn\u00ed pou\u017eit\u00ed z \u0159ady Handwerksmeister jsou perfektn\u00ed volbou pro \u0159emesln\u00edky. St\u0159enky ze d\u0159eva Pakka jsou u no\u017ee Handwerksmeister 5 opat\u0159eny jemn\u00fdm brou\u0161en\u00edm, kter\u00e9 poskytuje nejen zvl\u00e1\u0161tn\u00ed vzhled, ale tak\u00e9 optimalizuje funk\u010dnost, proto\u017ee n\u016f\u017e je d\u00edky t\u00e9to struktu\u0159e rukojeti v ruce podstatn\u011b bezpe\u010dn\u011bj\u0161\u00ed a protiskluzov\u00fd. Rukoje\u0165 je vyrobena z nerezov\u00e9 oceli a m\u00e1 na horn\u00ed st\u0159ence malou vygrav\u00edrovanou desti\u010dku. S otvorem pro \u0161\u0148\u016fru a klipem pro uchycen\u00ed<br \/>\nPopis produktu<br \/>\nCelkov\u00e1 d\u00e9lka: 16.5 cm<br \/>\nD\u00e9lka \u010depele: 7.2 cm<br \/>\nTlou\u0161\u0165ka \u010depele: 2.7 mm<br \/>\nHmotnost: 96 g<br \/>\nMateri\u00e1l \u010depele: 440A<br \/>\nMateri\u00e1l rukojeti: Pakka<br \/>\nTyp pojistky: Linerlock<\/p>\n<p>&nbsp;<\/p>\n","protected":false},"excerpt":{"rendered":"<p>Nov\u00e1 \u0159ada no\u017e\u016f Magnum je zam\u011b\u0159ena p\u0159edev\u0161\u00edm na \u0159emesln\u00edky, kte\u0159\u00ed vy\u017eaduj\u00ed solidn\u00ed a spolehliv\u00fd, ale tak\u00e9 cenov\u011b v\u00fdhodn\u00fd n\u016f\u017e, kter\u00fd je opravdovou pomoc\u00ed a nenahraditeln\u00fdm n\u00e1strojem p\u0159i jejich pr\u00e1ci.<\/p>\n","protected":false},"featured_media":217958,"comment_status":"open","ping_status":"closed","template":"","meta":[],"pwb-brand":[140],"product_brand":[],"product_cat":[22,17],"product_tag":[3667],"class_list":{"0":"post-217957","1":"product","2":"type-product","3":"status-publish","4":"has-post-thumbnail","6":"pwb-brand-boker","7":"product_cat-zaviraci-noze","8":"product_cat-noze","9":"product_tag-b2b","11":"first","12":"instock","13":"taxable","14":"shipping-taxable","15":"purchasable","16":"product-type-simple"},"brands":[{"id":140,"name":"Boker","slug":"boker"}],"_links":{"self":[{"href":"https:\/\/www.moskito.cz\/fr\/wp-json\/wp\/v2\/product\/217957","targetHints":{"allow":["GET"]}}],"collection":[{"href":"https:\/\/www.moskito.cz\/fr\/wp-json\/wp\/v2\/product"}],"about":[{"href":"https:\/\/www.moskito.cz\/fr\/wp-json\/wp\/v2\/types\/product"}],"replies":[{"embeddable":true,"href":"https:\/\/www.moskito.cz\/fr\/wp-json\/wp\/v2\/comments?post=217957"}],"wp:featuredmedia":[{"embeddable":true,"href":"https:\/\/www.moskito.cz\/fr\/wp-json\/wp\/v2\/media\/217958"}],"wp:attachment":[{"href":"https:\/\/www.moskito.cz\/fr\/wp-json\/wp\/v2\/media?parent=217957"}],"wp:term":[{"taxonomy":"pwb-brand","embeddable":true,"href":"https:\/\/www.moskito.cz\/fr\/wp-json\/wp\/v2\/pwb-brand?post=217957"},{"taxonomy":"product_brand","embeddable":true,"href":"https:\/\/www.moskito.cz\/fr\/wp-json\/wp\/v2\/product_brand?post=217957"},{"taxonomy":"product_cat","embeddable":true,"href":"https:\/\/www.moskito.cz\/fr\/wp-json\/wp\/v2\/product_cat?post=217957"},{"taxonomy":"product_tag","embeddable":true,"href":"https:\/\/www.moskito.cz\/fr\/wp-json\/wp\/v2\/product_tag?post=217957"}],"curies":[{"name":"wp","href":"https:\/\/api.w.org\/{rel}","templated":true}]}}