{"id":217997,"date":"2022-06-29T18:08:15","date_gmt":"2022-06-29T17:08:15","guid":{"rendered":"https:\/\/www.moskito.cz\/?post_type=product&#038;p=217997"},"modified":"2025-05-07T10:39:16","modified_gmt":"2025-05-07T09:39:16","slug":"zaviraci-nuz-magnum-boker-nw-skinner","status":"publish","type":"product","link":"https:\/\/www.moskito.cz\/fr\/produkt\/zaviraci-nuz-magnum-boker-nw-skinner\/","title":{"rendered":"Zav\u00edrac\u00ed N\u016f\u017e Magnum B\u00f6ker NW Skinner"},"content":{"rendered":"<p>Zav\u00edrac\u00ed N\u016f\u017e <strong>Magnum B\u00f6ker<\/strong> NW Skinner<\/p>\n<p>N\u016f\u017e Skinner je nepostradateln\u00fdm n\u00e1strojem p\u0159i lovu. Roz\u0161\u00ed\u0159en\u00e1 \u010depel s jemn\u011b nabrou\u0161en\u00fdm ost\u0159\u00edm z nerezov\u00e9 oceli 440A je jemn\u011b satinovan\u00e1. Vybr\u00e1n\u00ed na prsty umo\u017e\u0148uj\u00ed vynikaj\u00edc\u00ed manipulaci s no\u017eem. Klip na uchycen\u00ed a otvor pro \u0161\u0148\u016fru zvy\u0161uj\u00ed u\u017eitnou hodnotu tohoto skl\u00e1dac\u00edho no\u017ee. Kov\u00e1n\u00ed je vyrobeno z extr\u00e9mn\u011b robustn\u00ed nerezov\u00e9 oceli a st\u0159enky rukojeti jsou vyrobeny z odoln\u00e9ho materi\u00e1lu G-10.<\/p>\n<p>Celkov\u00e1 d\u00e9lka: 20.5 cm<br \/>\nD\u00e9lka \u010depele: 8.5 cm<br \/>\nTlou\u0161\u0165ka \u010depele: 3 mm<br \/>\nHmotnost: 160 g<br \/>\nMateri\u00e1l \u010depele: 440A<br \/>\nMateri\u00e1l rukojeti: G-10<br \/>\nTyp pojistky: Linerlock<\/p>\n","protected":false},"excerpt":{"rendered":"<p><strong>N\u016f\u017e Skinner je nepostradateln\u00fdm n\u00e1strojem p\u0159i lovu.<\/strong><\/p>\n","protected":false},"featured_media":217998,"comment_status":"open","ping_status":"closed","template":"","meta":[],"pwb-brand":[140],"product_brand":[],"product_cat":[22,17],"product_tag":[3667],"class_list":{"0":"post-217997","1":"product","2":"type-product","3":"status-publish","4":"has-post-thumbnail","6":"pwb-brand-boker","7":"product_cat-zaviraci-noze","8":"product_cat-noze","9":"product_tag-b2b","11":"first","12":"outofstock","13":"taxable","14":"shipping-taxable","15":"purchasable","16":"product-type-simple"},"brands":[{"id":140,"name":"Boker","slug":"boker"}],"_links":{"self":[{"href":"https:\/\/www.moskito.cz\/fr\/wp-json\/wp\/v2\/product\/217997","targetHints":{"allow":["GET"]}}],"collection":[{"href":"https:\/\/www.moskito.cz\/fr\/wp-json\/wp\/v2\/product"}],"about":[{"href":"https:\/\/www.moskito.cz\/fr\/wp-json\/wp\/v2\/types\/product"}],"replies":[{"embeddable":true,"href":"https:\/\/www.moskito.cz\/fr\/wp-json\/wp\/v2\/comments?post=217997"}],"wp:featuredmedia":[{"embeddable":true,"href":"https:\/\/www.moskito.cz\/fr\/wp-json\/wp\/v2\/media\/217998"}],"wp:attachment":[{"href":"https:\/\/www.moskito.cz\/fr\/wp-json\/wp\/v2\/media?parent=217997"}],"wp:term":[{"taxonomy":"pwb-brand","embeddable":true,"href":"https:\/\/www.moskito.cz\/fr\/wp-json\/wp\/v2\/pwb-brand?post=217997"},{"taxonomy":"product_brand","embeddable":true,"href":"https:\/\/www.moskito.cz\/fr\/wp-json\/wp\/v2\/product_brand?post=217997"},{"taxonomy":"product_cat","embeddable":true,"href":"https:\/\/www.moskito.cz\/fr\/wp-json\/wp\/v2\/product_cat?post=217997"},{"taxonomy":"product_tag","embeddable":true,"href":"https:\/\/www.moskito.cz\/fr\/wp-json\/wp\/v2\/product_tag?post=217997"}],"curies":[{"name":"wp","href":"https:\/\/api.w.org\/{rel}","templated":true}]}}