{"id":218378,"date":"2022-07-06T12:54:19","date_gmt":"2022-07-06T11:54:19","guid":{"rendered":"https:\/\/www.moskito.cz\/?post_type=product&#038;p=218378"},"modified":"2025-05-07T10:39:22","modified_gmt":"2025-05-07T09:39:22","slug":"zaviraci-nuz-extrema-ratio-mf0-d-black-ruvido","status":"publish","type":"product","link":"https:\/\/www.moskito.cz\/fr\/produkt\/zaviraci-nuz-extrema-ratio-mf0-d-black-ruvido\/","title":{"rendered":"Zav\u00edrac\u00ed N\u016f\u017e Extrema Ratio MF0 D BLACK RUVIDO"},"content":{"rendered":"<p>Zav\u00edrac\u00ed N\u016f\u017e Extrema Ratio MF0 D BLACK RUVIDO<\/p>\n<p>MF je zkratka pro Medium Folder. Tato \u0159ada no\u017e\u016f se hod\u00ed mezi s\u00e9rie Basic Folders a Heavy Folders. Typick\u00fdm mechanismem \u0159ady je LINER-LOCK. Celkov\u00e1 konstrukce je robustn\u00ed. V\u0161echny no\u017ee \u0159ady MF maj\u00ed zadn\u00ed rozb\u00edje\u010d skla. Vyzna\u010duj\u00ed se tak\u00e9 inovac\u00ed stav\u011bc\u00edho \u0161roubu na \u010depu \u010depele. Odstran\u011bn\u00edm proti\u0161roubu je mo\u017en\u00e9 ut\u00e1hnout nebo povolit centr\u00e1ln\u00ed \u010dep podle pot\u0159eby, aby se dos\u00e1hlo po\u017eadovan\u00e9 plynulosti otev\u00edr\u00e1n\u00ed. K upevn\u011bn\u00ed nastaven\u00ed bude sta\u010dit znovu zajistit \u010depov\u00fd \u0161roub proti\u0161roubem. Polokulov\u00e9 dr\u00e1\u017eky na rukojet\u00edch usnad\u0148uj\u00ed zm\u011bnu \u00fachopu z \u00ab\u00a0\u0161avlov\u00e9ho \u00fachopu\u00a0\u00bb na \u00ab\u00a0reverzn\u00ed \u00fachop\u00a0\u00bb. Klip je reverzibiln\u00ed. MF0 je \u00ab\u00a0mal\u00fd\u00a0\u00bb z \u0159ady MF a v podstat\u011b kompaktn\u00ed verze MF1, proto\u017ee si zachov\u00e1v\u00e1 v\u0161echny sv\u00e9 vlastnosti krom\u011b d\u00e9lky rukojeti zkr\u00e1cen\u00e9 na minimum a \u010depele, kter\u00e1 je po zkr\u00e1cen\u00ed velmi podobn\u00e1 z\u00e1lo\u017en\u00ed \u010depeli SHRAPNEL OG . Dostupn\u00e9 ve verz\u00edch MF0 BLACK, MF0 BLACK ROUGH, MF0 DESERT WARFARE.<\/p>\n<p>V\u00c1HA G: 139<br \/>\nHMOTNOST OZ .: 4.9<br \/>\nD\u00c9LKA \u010cEPELE (MM): 68<br \/>\nD\u00c9LKA \u010cEPELE (IN): 2,7<br \/>\nCELKOV\u00c1 D\u00c9LKA (MM): 181<br \/>\nCELKOV\u00c1 D\u00c9LKA (IN): 7.1<br \/>\nTLOU\u0160\u0164KA \u010cEPELE (MM): 4<br \/>\nTLOU\u0160\u0164KA \u010cEPELE (IN): 0,16<br \/>\nMATERI\u00c1L \u010cEPELE: B\u00d6HLER N690 STEEL (58HRC)<br \/>\nPOVRCHOV\u00c1 \u00daPRAVA NO\u017dE: MIL-C-13924 BURNISH<br \/>\n\u0160IPKA \u010cEPELE: PLOCH\u00dd DR\u00c1T<br \/>\nMATERI\u00c1L RUKOJETI: ELOXOVAN\u00dd ANTIKOROD\u00c1LN\u00cd HLIN\u00cdK<\/p>\n","protected":false},"excerpt":{"rendered":"<p>Extrema-Ratio-MF0-D-BLACK-RUVIDO<\/p>\n","protected":false},"featured_media":218379,"comment_status":"open","ping_status":"closed","template":"","meta":[],"pwb-brand":[267],"product_brand":[],"product_cat":[22,17],"product_tag":[3667],"class_list":{"0":"post-218378","1":"product","2":"type-product","3":"status-publish","4":"has-post-thumbnail","6":"pwb-brand-extrema-ratio","7":"product_cat-zaviraci-noze","8":"product_cat-noze","9":"product_tag-b2b","11":"first","12":"instock","13":"taxable","14":"shipping-taxable","15":"purchasable","16":"product-type-simple"},"brands":[{"id":267,"name":"Extrema Ratio","slug":"extrema-ratio"}],"_links":{"self":[{"href":"https:\/\/www.moskito.cz\/fr\/wp-json\/wp\/v2\/product\/218378","targetHints":{"allow":["GET"]}}],"collection":[{"href":"https:\/\/www.moskito.cz\/fr\/wp-json\/wp\/v2\/product"}],"about":[{"href":"https:\/\/www.moskito.cz\/fr\/wp-json\/wp\/v2\/types\/product"}],"replies":[{"embeddable":true,"href":"https:\/\/www.moskito.cz\/fr\/wp-json\/wp\/v2\/comments?post=218378"}],"wp:featuredmedia":[{"embeddable":true,"href":"https:\/\/www.moskito.cz\/fr\/wp-json\/wp\/v2\/media\/218379"}],"wp:attachment":[{"href":"https:\/\/www.moskito.cz\/fr\/wp-json\/wp\/v2\/media?parent=218378"}],"wp:term":[{"taxonomy":"pwb-brand","embeddable":true,"href":"https:\/\/www.moskito.cz\/fr\/wp-json\/wp\/v2\/pwb-brand?post=218378"},{"taxonomy":"product_brand","embeddable":true,"href":"https:\/\/www.moskito.cz\/fr\/wp-json\/wp\/v2\/product_brand?post=218378"},{"taxonomy":"product_cat","embeddable":true,"href":"https:\/\/www.moskito.cz\/fr\/wp-json\/wp\/v2\/product_cat?post=218378"},{"taxonomy":"product_tag","embeddable":true,"href":"https:\/\/www.moskito.cz\/fr\/wp-json\/wp\/v2\/product_tag?post=218378"}],"curies":[{"name":"wp","href":"https:\/\/api.w.org\/{rel}","templated":true}]}}