{"id":218417,"date":"2022-07-06T18:17:45","date_gmt":"2022-07-06T17:17:45","guid":{"rendered":"https:\/\/www.moskito.cz\/?post_type=product&#038;p=218417"},"modified":"2025-05-07T10:39:24","modified_gmt":"2025-05-07T09:39:24","slug":"pevny-nuz-extrema-ratio-n-k-3-stone-washed","status":"publish","type":"product","link":"https:\/\/www.moskito.cz\/fr\/produkt\/pevny-nuz-extrema-ratio-n-k-3-stone-washed\/","title":{"rendered":"Pevn\u00fd N\u016f\u017e Extrema Ratio N.K.3 STONE WASHED"},"content":{"rendered":"<p>Pevn\u00fd N\u016f\u017e <strong>Extrema Ratio<\/strong> N.K.3 STONE WASHED<\/p>\n<p><strong>N.K.3<\/strong> je mal\u00fd n\u016f\u017e, kter\u00fd roz\u0161i\u0159uje rodinu no\u017e\u016f na krk Extrema Ratio. Od model\u016f N.K.1 a N.K.2 se li\u0161\u00ed v\u011bt\u0161\u00ed velikost\u00ed ost\u0159\u00ed 70mm, vybaven\u00e9 fr\u00e9zov\u00e1n\u00edm pro odvod krve. Ergonomie rukojeti je navr\u017eena tak, aby se zabr\u00e1nilo n\u00e1hodn\u00e9mu po\u0159ez\u00e1n\u00ed p\u0159i vytahov\u00e1n\u00ed z pouzdra. Na zadn\u00ed stran\u011b je reli\u00e9f pro polohov\u00e1n\u00ed palce nebo ukazov\u00e1\u010dku v z\u00e1vislosti na pou\u017eit\u00ed. Konstrukce umo\u017e\u0148uje jeho pou\u017eit\u00ed pro velmi efektivn\u00ed \u0159ezn\u00e9 zdvihy nebo pro mal\u00e9 p\u0159esn\u00e9 pr\u00e1ce. Kydexov\u00e9 pouzdro je rychloup\u00ednac\u00ed a je dod\u00e1v\u00e1no s paracordem pro no\u0161en\u00ed no\u017ee kolem krku a lze jej p\u0159ipevnit na MOLLE syst\u00e9m nebo na opasek pomoc\u00ed speci\u00e1ln\u00edho p\u0159\u00edslu\u0161enstv\u00ed Extrema Ratio (nen\u00ed sou\u010d\u00e1st\u00ed dod\u00e1vky). K dispozici ve verz\u00edch N.K.3 BLACK, N.K.3 DESERT WARFARE, N.K.3 STONE WASHED<\/p>\n<p>PESO G.: 82<br \/>\nPESO OZ.: 2.8<br \/>\nLUNGHEZZA LAMA (MM): 70<br \/>\nLUNGHEZZA LAMA (IN): 2.75<br \/>\nLUNGHEZZA TOTALE (MM): 153<br \/>\nLUNGHEZZA TOTALE (IN): 6<br \/>\nSPESSORE LAMA (MM): 6.3<br \/>\nSPESSORE LAMA (IN): 0.25<br \/>\nMATERIALE LAMA: ACCIAIO B\u00d6HLER N690 (58HRC)<br \/>\nFINITURA LAMA: STONE WASHED<br \/>\nARROTATURA LAMA: FILO PIANO<br \/>\nMATERIALE IMPUGNATURA: ACCIAIO B\u00d6HLER N690 (58HRC)<\/p>\n","protected":false},"excerpt":{"rendered":"<p>Spole\u010dnost\u00a0<strong>Extrema Ratio<\/strong>\u00a0se s\u00eddlem v italsk\u00e9m Pratu navrhuje a vyr\u00e1b\u00ed vysoce v\u00fdkonn\u00e9 bojov\u00e9, vojensk\u00e9, kuchy\u0148sk\u00e9, loveck\u00e9 a taktick\u00e9 no\u017ee od roku 1997 a m\u00e1 pov\u011bst vynikaj\u00edc\u00ed kvality, kter\u00e1 je v oboru vojensk\u00fdch a taktick\u00fdch no\u017e\u016f nep\u0159ekonateln\u00e1.\u00a0<strong>Doprava zdarma.<\/strong><\/p>\n","protected":false},"featured_media":218418,"comment_status":"open","ping_status":"closed","template":"","meta":[],"pwb-brand":[267],"product_brand":[],"product_cat":[23,17],"product_tag":[3667],"class_list":{"0":"post-218417","1":"product","2":"type-product","3":"status-publish","4":"has-post-thumbnail","6":"pwb-brand-extrema-ratio","7":"product_cat-pevne-noze","8":"product_cat-noze","9":"product_tag-b2b","11":"first","12":"instock","13":"taxable","14":"shipping-taxable","15":"purchasable","16":"product-type-simple"},"brands":[{"id":267,"name":"Extrema Ratio","slug":"extrema-ratio"}],"_links":{"self":[{"href":"https:\/\/www.moskito.cz\/fr\/wp-json\/wp\/v2\/product\/218417","targetHints":{"allow":["GET"]}}],"collection":[{"href":"https:\/\/www.moskito.cz\/fr\/wp-json\/wp\/v2\/product"}],"about":[{"href":"https:\/\/www.moskito.cz\/fr\/wp-json\/wp\/v2\/types\/product"}],"replies":[{"embeddable":true,"href":"https:\/\/www.moskito.cz\/fr\/wp-json\/wp\/v2\/comments?post=218417"}],"wp:featuredmedia":[{"embeddable":true,"href":"https:\/\/www.moskito.cz\/fr\/wp-json\/wp\/v2\/media\/218418"}],"wp:attachment":[{"href":"https:\/\/www.moskito.cz\/fr\/wp-json\/wp\/v2\/media?parent=218417"}],"wp:term":[{"taxonomy":"pwb-brand","embeddable":true,"href":"https:\/\/www.moskito.cz\/fr\/wp-json\/wp\/v2\/pwb-brand?post=218417"},{"taxonomy":"product_brand","embeddable":true,"href":"https:\/\/www.moskito.cz\/fr\/wp-json\/wp\/v2\/product_brand?post=218417"},{"taxonomy":"product_cat","embeddable":true,"href":"https:\/\/www.moskito.cz\/fr\/wp-json\/wp\/v2\/product_cat?post=218417"},{"taxonomy":"product_tag","embeddable":true,"href":"https:\/\/www.moskito.cz\/fr\/wp-json\/wp\/v2\/product_tag?post=218417"}],"curies":[{"name":"wp","href":"https:\/\/api.w.org\/{rel}","templated":true}]}}