{"id":218496,"date":"2022-07-06T20:18:34","date_gmt":"2022-07-06T19:18:34","guid":{"rendered":"https:\/\/www.moskito.cz\/?post_type=product&#038;p=218496"},"modified":"2025-05-07T10:39:26","modified_gmt":"2025-05-07T09:39:26","slug":"zaviraci-nuz-extrema-ratio-panthera-black","status":"publish","type":"product","link":"https:\/\/www.moskito.cz\/fr\/produkt\/zaviraci-nuz-extrema-ratio-panthera-black\/","title":{"rendered":"Zav\u00edrac\u00ed N\u016f\u017e Extrema Ratio PANTHERA BLACK"},"content":{"rendered":"<p>Zav\u00edrac\u00ed N\u016f\u017e <strong>Extrema Ratio<\/strong> PANTHERA BLACK<\/p>\n<p>Panthera je zav\u00edrac\u00ed n\u016f\u017e, model si zachov\u00e1v\u00e1 v\u0161echny vlastnosti T-Razor, ze kter\u00fdch \u010derp\u00e1 inspiraci, s t\u00edm rozd\u00edlem, \u017ee h\u0159betn\u00ed \u010d\u00e1st \u010depele jde dol\u016f ke \u0161pi\u010dce jako \u010depele Wharncliff.<\/p>\n<p>N\u016f\u017e p\u0159edstavuje nov\u00fd syst\u00e9m rychl\u00e9ho otev\u00edr\u00e1n\u00ed Razor. Dostupn\u00e9 v sat\u00e9nov\u00e9 a \u010dern\u00e9 verzi.<\/p>\n<p>HMOTNOST G: 132<br \/>\nHMOTNOST OZ: 4,65<br \/>\nD\u00c9LKA \u010cEPELE (MM): 100<br \/>\nD\u00c9LKA \u010cEPELE (IN): 3,93<br \/>\nCELKOV\u00c1 D\u00c9LKA (MM): 247<br \/>\nCELKOV\u00c1 D\u00c9LKA (V): 9,72<br \/>\nTLOU\u0160\u0164KA \u010cEPELE (MM): 3<br \/>\nTLOU\u0160\u0164KA \u010cEPELE (IN): 0,11<br \/>\nMATERI\u00c1L \u010cEPELE: B\u00d6HLER N690 STEEL (58HRC)<br \/>\nPOVRCHOV\u00c1 \u00daPRAVA NO\u017dE: LEHEN\u00cd MIL-C-13924<br \/>\nHLAVN\u00cd M\u0158\u00cd\u017dKA: B\u0159itva<br \/>\nMATERI\u00c1L RUKOJETI: ANTIKOROD\u00c1LN\u00cd ELOXOVAN\u00dd HLIN\u00cdK<\/p>\n","protected":false},"excerpt":{"rendered":"<p>Spole\u010dnost\u00a0<strong>Extrema Ratio<\/strong>\u00a0se s\u00eddlem v italsk\u00e9m Pratu navrhuje a vyr\u00e1b\u00ed vysoce v\u00fdkonn\u00e9 bojov\u00e9, vojensk\u00e9, kuchy\u0148sk\u00e9, loveck\u00e9 a taktick\u00e9 no\u017ee od roku 1997 a m\u00e1 pov\u011bst vynikaj\u00edc\u00ed kvality, kter\u00e1 je v oboru vojensk\u00fdch a taktick\u00fdch no\u017e\u016f nep\u0159ekonateln\u00e1.\u00a0<strong>Doprava zdarma.<\/strong><\/p>\n","protected":false},"featured_media":218497,"comment_status":"open","ping_status":"closed","template":"","meta":[],"pwb-brand":[267],"product_brand":[],"product_cat":[22,17],"product_tag":[3667],"class_list":{"0":"post-218496","1":"product","2":"type-product","3":"status-publish","4":"has-post-thumbnail","6":"pwb-brand-extrema-ratio","7":"product_cat-zaviraci-noze","8":"product_cat-noze","9":"product_tag-b2b","11":"first","12":"instock","13":"taxable","14":"shipping-taxable","15":"purchasable","16":"product-type-simple"},"brands":[{"id":267,"name":"Extrema Ratio","slug":"extrema-ratio"}],"_links":{"self":[{"href":"https:\/\/www.moskito.cz\/fr\/wp-json\/wp\/v2\/product\/218496","targetHints":{"allow":["GET"]}}],"collection":[{"href":"https:\/\/www.moskito.cz\/fr\/wp-json\/wp\/v2\/product"}],"about":[{"href":"https:\/\/www.moskito.cz\/fr\/wp-json\/wp\/v2\/types\/product"}],"replies":[{"embeddable":true,"href":"https:\/\/www.moskito.cz\/fr\/wp-json\/wp\/v2\/comments?post=218496"}],"wp:featuredmedia":[{"embeddable":true,"href":"https:\/\/www.moskito.cz\/fr\/wp-json\/wp\/v2\/media\/218497"}],"wp:attachment":[{"href":"https:\/\/www.moskito.cz\/fr\/wp-json\/wp\/v2\/media?parent=218496"}],"wp:term":[{"taxonomy":"pwb-brand","embeddable":true,"href":"https:\/\/www.moskito.cz\/fr\/wp-json\/wp\/v2\/pwb-brand?post=218496"},{"taxonomy":"product_brand","embeddable":true,"href":"https:\/\/www.moskito.cz\/fr\/wp-json\/wp\/v2\/product_brand?post=218496"},{"taxonomy":"product_cat","embeddable":true,"href":"https:\/\/www.moskito.cz\/fr\/wp-json\/wp\/v2\/product_cat?post=218496"},{"taxonomy":"product_tag","embeddable":true,"href":"https:\/\/www.moskito.cz\/fr\/wp-json\/wp\/v2\/product_tag?post=218496"}],"curies":[{"name":"wp","href":"https:\/\/api.w.org\/{rel}","templated":true}]}}