{"id":218518,"date":"2022-07-06T20:40:54","date_gmt":"2022-07-06T19:40:54","guid":{"rendered":"https:\/\/www.moskito.cz\/?post_type=product&#038;p=218518"},"modified":"2025-05-07T10:39:26","modified_gmt":"2025-05-07T09:39:26","slug":"zaviraci-nuz-extrema-ratio-bfo-cd-stone-washed","status":"publish","type":"product","link":"https:\/\/www.moskito.cz\/fr\/produkt\/zaviraci-nuz-extrema-ratio-bfo-cd-stone-washed\/","title":{"rendered":"Zav\u00edrac\u00ed N\u016f\u017e Extrema Ratio BF\u00d8 CD STONE WASHED"},"content":{"rendered":"<p>Zav\u00edrac\u00ed N\u016f\u017e <strong>Extrema Ratio<\/strong> BF\u00d8 CD STONE WASHED<\/p>\n<p>Nov\u00fd Extrema Ratio BF0 je nejmen\u0161\u00ed ze z\u00e1kladn\u00edch slo\u017eek. Rukoje\u0165 vyroben\u00e1 z technopolymeru je lehk\u00e1 a odoln\u00e1, a to i d\u00edky ocelov\u00e9mu vnit\u0159n\u00edmu r\u00e1mu. Syst\u00e9m liner lock umo\u017e\u0148uje otev\u00edr\u00e1n\u00ed a zav\u00edr\u00e1n\u00ed jednou rukou. Dod\u00e1v\u00e1 se s padac\u00ed \u010depel\u00ed a povrchovou \u00fapravou umytou kamenem.<\/p>\n<p>V\u00c1HA G.: 50<br \/>\nHMOTNOST OZ.: 1,76<br \/>\nD\u00c9LKA \u010cEPELE (MM): 55<br \/>\nD\u00c9LKA \u010cEPELE (IN): 2,16<br \/>\nCELKOV\u00c1 D\u00c9LKA (MM): 140<br \/>\nCELKOV\u00c1 D\u00c9LKA (V): 5,51<br \/>\nTLOU\u0160\u0164KA \u010cEPELE (MM): 2,5<br \/>\nTLOU\u0160\u0164KA \u010cEPELE (IN): 0,098<br \/>\nMATERI\u00c1L \u010cEPELE: B\u00d6HLER N690 STEEL (58HRC)<br \/>\nPOVRCHOV\u00c1 \u00daPRAVA NO\u017dE: LEHEN\u00cd MIL-C-13924<br \/>\nHLAVN\u00cd M\u0158\u00cd\u017dKA: PLOCH\u00c1<br \/>\nMATERI\u00c1L RUKOJETI: NYLON<\/p>\n","protected":false},"excerpt":{"rendered":"<p>Spole\u010dnost\u00a0<strong>Extrema Ratio<\/strong>\u00a0se s\u00eddlem v italsk\u00e9m Pratu navrhuje a vyr\u00e1b\u00ed vysoce v\u00fdkonn\u00e9 bojov\u00e9, vojensk\u00e9, kuchy\u0148sk\u00e9, loveck\u00e9 a taktick\u00e9 no\u017ee od roku 1997 a m\u00e1 pov\u011bst vynikaj\u00edc\u00ed kvality, kter\u00e1 je v oboru vojensk\u00fdch a taktick\u00fdch no\u017e\u016f nep\u0159ekonateln\u00e1.<\/p>\n","protected":false},"featured_media":218519,"comment_status":"open","ping_status":"closed","template":"","meta":[],"pwb-brand":[267],"product_brand":[],"product_cat":[22,17],"product_tag":[3667],"class_list":{"0":"post-218518","1":"product","2":"type-product","3":"status-publish","4":"has-post-thumbnail","6":"pwb-brand-extrema-ratio","7":"product_cat-zaviraci-noze","8":"product_cat-noze","9":"product_tag-b2b","11":"first","12":"instock","13":"taxable","14":"shipping-taxable","15":"purchasable","16":"product-type-simple"},"brands":[{"id":267,"name":"Extrema Ratio","slug":"extrema-ratio"}],"_links":{"self":[{"href":"https:\/\/www.moskito.cz\/fr\/wp-json\/wp\/v2\/product\/218518","targetHints":{"allow":["GET"]}}],"collection":[{"href":"https:\/\/www.moskito.cz\/fr\/wp-json\/wp\/v2\/product"}],"about":[{"href":"https:\/\/www.moskito.cz\/fr\/wp-json\/wp\/v2\/types\/product"}],"replies":[{"embeddable":true,"href":"https:\/\/www.moskito.cz\/fr\/wp-json\/wp\/v2\/comments?post=218518"}],"wp:featuredmedia":[{"embeddable":true,"href":"https:\/\/www.moskito.cz\/fr\/wp-json\/wp\/v2\/media\/218519"}],"wp:attachment":[{"href":"https:\/\/www.moskito.cz\/fr\/wp-json\/wp\/v2\/media?parent=218518"}],"wp:term":[{"taxonomy":"pwb-brand","embeddable":true,"href":"https:\/\/www.moskito.cz\/fr\/wp-json\/wp\/v2\/pwb-brand?post=218518"},{"taxonomy":"product_brand","embeddable":true,"href":"https:\/\/www.moskito.cz\/fr\/wp-json\/wp\/v2\/product_brand?post=218518"},{"taxonomy":"product_cat","embeddable":true,"href":"https:\/\/www.moskito.cz\/fr\/wp-json\/wp\/v2\/product_cat?post=218518"},{"taxonomy":"product_tag","embeddable":true,"href":"https:\/\/www.moskito.cz\/fr\/wp-json\/wp\/v2\/product_tag?post=218518"}],"curies":[{"name":"wp","href":"https:\/\/api.w.org\/{rel}","templated":true}]}}