{"id":219049,"date":"2022-07-09T08:16:16","date_gmt":"2022-07-09T07:16:16","guid":{"rendered":"https:\/\/www.moskito.cz\/?post_type=product&#038;p=219049"},"modified":"2025-05-07T10:39:36","modified_gmt":"2025-05-07T09:39:36","slug":"pevny-nuz-extrema-ratio-pugio-black","status":"publish","type":"product","link":"https:\/\/www.moskito.cz\/fr\/produkt\/pevny-nuz-extrema-ratio-pugio-black\/","title":{"rendered":"Pevn\u00fd N\u016f\u017e Extrema Ratio PUGIO BLACK"},"content":{"rendered":"<p>Pevn\u00fd N\u016f\u017e <strong>Extrema Ratio<\/strong> PUGIO BLACK<\/p>\n<p>P\u0159esto\u017ee je pojmenov\u00e1n po kr\u00e1tk\u00e9 a \u0161pi\u010dat\u00e9 \u0159\u00edmsk\u00e9 d\u00fdce, na\u0161e vlastn\u00ed PUGIO m\u00e1 j\u00edlec ve tvaru s\u00e9piov\u00e9 kosti p\u0159ipom\u00ednaj\u00edc\u00ed del\u0161\u00ed kavkazsk\u00e9 no\u017ee. Ir\u2019s boot d\u00fdka, z\u00e1lo\u017en\u00ed zbra\u0148 delf obrany, kter\u00e1 se v\u00fdborn\u011b hod\u00ed pro skryt\u00e9 no\u0161en\u00ed. \u010cepel je dut\u011b brou\u0161en\u00e1, p\u0159i\u010dem\u017e absence z\u00e1\u0161tity zabra\u0148uje n\u00e1hodn\u00e9mu zachycen\u00ed v t\u011bsn\u00e9 bl\u00edzkosti. Obsahuje snadno uzamykateln\u00e9 pevn\u00e9 pouzdro BELT-CLIP, nastaviteln\u00e9 pro vertik\u00e1ln\u00ed, horizont\u00e1ln\u00ed nebo \u0161ikm\u00e9 no\u0161en\u00ed no\u017ee (v \u00fahlu 45\u00b0). Dostupn\u00e9 verze: PUGIO BLACK, PUGIO DESERT WARFARE.<\/p>\n<p>V\u00c1HA G: 170<br \/>\nHMOTNOST OZ.: 6<br \/>\nD\u00c9LKA \u010cEPELE (MM): 110<br \/>\nD\u00c9LKA \u010cEPELE (IN): 4,3<br \/>\nCELKOV\u00c1 D\u00c9LKA (MM): 226<br \/>\nCELKOV\u00c1 D\u00c9LKA (V): 8,9<br \/>\nTLOU\u0160\u0164KA \u010cEPELE (MM): 6,3<br \/>\nTLOU\u0160\u0164KA \u010cEPELE (IN): 0,25<br \/>\nMATERI\u00c1L \u010cEPELE: B\u00d6HLER N690 STEEL (58HRC)<br \/>\nPOVRCHOV\u00c1 \u00daPRAVA NO\u017dE: LEHEN\u00cd MIL-C-13924<br \/>\nHLAVN\u00cd M\u0158\u00cd\u017dKA: B\u0159itva<br \/>\nMATERI\u00c1L RUKOJETI: NYLON<\/p>\n","protected":false},"excerpt":{"rendered":"<p>Spole\u010dnost\u00a0<strong>Extrema Ratio<\/strong>\u00a0se s\u00eddlem v italsk\u00e9m Pratu navrhuje a vyr\u00e1b\u00ed vysoce v\u00fdkonn\u00e9 bojov\u00e9, vojensk\u00e9, kuchy\u0148sk\u00e9, loveck\u00e9 a taktick\u00e9 no\u017ee od roku 1997 a m\u00e1 pov\u011bst vynikaj\u00edc\u00ed kvality, kter\u00e1 je v oboru vojensk\u00fdch a taktick\u00fdch no\u017e\u016f nep\u0159ekonateln\u00e1.\u00a0<strong>Doprava zdarma<\/strong>.<\/p>\n","protected":false},"featured_media":219057,"comment_status":"open","ping_status":"closed","template":"","meta":[],"pwb-brand":[267],"product_brand":[],"product_cat":[23,17],"product_tag":[3667],"class_list":{"0":"post-219049","1":"product","2":"type-product","3":"status-publish","4":"has-post-thumbnail","6":"pwb-brand-extrema-ratio","7":"product_cat-pevne-noze","8":"product_cat-noze","9":"product_tag-b2b","11":"first","12":"outofstock","13":"taxable","14":"shipping-taxable","15":"purchasable","16":"product-type-simple"},"brands":[{"id":267,"name":"Extrema Ratio","slug":"extrema-ratio"}],"_links":{"self":[{"href":"https:\/\/www.moskito.cz\/fr\/wp-json\/wp\/v2\/product\/219049","targetHints":{"allow":["GET"]}}],"collection":[{"href":"https:\/\/www.moskito.cz\/fr\/wp-json\/wp\/v2\/product"}],"about":[{"href":"https:\/\/www.moskito.cz\/fr\/wp-json\/wp\/v2\/types\/product"}],"replies":[{"embeddable":true,"href":"https:\/\/www.moskito.cz\/fr\/wp-json\/wp\/v2\/comments?post=219049"}],"wp:featuredmedia":[{"embeddable":true,"href":"https:\/\/www.moskito.cz\/fr\/wp-json\/wp\/v2\/media\/219057"}],"wp:attachment":[{"href":"https:\/\/www.moskito.cz\/fr\/wp-json\/wp\/v2\/media?parent=219049"}],"wp:term":[{"taxonomy":"pwb-brand","embeddable":true,"href":"https:\/\/www.moskito.cz\/fr\/wp-json\/wp\/v2\/pwb-brand?post=219049"},{"taxonomy":"product_brand","embeddable":true,"href":"https:\/\/www.moskito.cz\/fr\/wp-json\/wp\/v2\/product_brand?post=219049"},{"taxonomy":"product_cat","embeddable":true,"href":"https:\/\/www.moskito.cz\/fr\/wp-json\/wp\/v2\/product_cat?post=219049"},{"taxonomy":"product_tag","embeddable":true,"href":"https:\/\/www.moskito.cz\/fr\/wp-json\/wp\/v2\/product_tag?post=219049"}],"curies":[{"name":"wp","href":"https:\/\/api.w.org\/{rel}","templated":true}]}}