{"id":219809,"date":"2022-07-14T10:35:08","date_gmt":"2022-07-14T09:35:08","guid":{"rendered":"https:\/\/www.moskito.cz\/?post_type=product&#038;p=219809"},"modified":"2025-05-07T10:39:54","modified_gmt":"2025-05-07T09:39:54","slug":"pevny-nuz-microtech-socom-alpha-114-12","status":"publish","type":"product","link":"https:\/\/www.moskito.cz\/fr\/produkt\/pevny-nuz-microtech-socom-alpha-114-12\/","title":{"rendered":"Pevn\u00fd N\u016f\u017e Microtech Socom Alpha 114-12"},"content":{"rendered":"<p>Pevn\u00fd N\u016f\u017e <strong>Microtech<\/strong> Socom Alpha 114-12<\/p>\n<p>Socom Alpha je elitn\u00ed pevn\u00e1 n\u016f\u017e zalo\u017een\u00fd na obl\u00edben\u00e9m zav\u00edrac\u00edm Socomu. Rukoje\u0165 je zhruba stejn\u011b velk\u00e1, ale pevn\u00e1 \u010depel Socom Alpha m\u00e1 o n\u011bco del\u0161\u00ed \u010depel a vytv\u00e1\u0159\u00ed tak dokonale vyv\u00e1\u017een\u00fd n\u016f\u017e. Je navr\u017eena pro taktick\u00e9 u\u017eivatele, sb\u011bratele a kohokoli, kdo ocen\u00ed \u010depel nejvy\u0161\u0161\u00ed kvality.<\/p>\n<p>Tento celoplo\u0161n\u00fd design se vyzna\u010duje lemov\u00e1n\u00edm po cel\u00e9 rukojeti, aby v\u00e1m poskytl nejbezpe\u010dn\u011bj\u0161\u00ed mo\u017enou manipulaci s touto taktickou pevnou \u010depel\u00ed. Fr\u00e9zovan\u00e9 stupnice G10 maj\u00ed tvarovan\u00fd tvar pro maxim\u00e1ln\u011b ergonomick\u00fd \u00fachop a vytv\u00e1\u0159ej\u00ed dokonalou harmonii mezi u\u017eivatelem a n\u00e1strojem. Tanto \u010depel je ploch\u00e1 se zaoblen\u00fdm h\u0159betem, slu\u0161n\u00fdm b\u0159ichem a drsn\u00fdm apokalyptick\u00fdm povrchem. Socom Alpha vyza\u0159uje auru u\u017eivatele nejvy\u0161\u0161\u00ed \u00farovn\u011b jako taktick\u00e1 a u\u017eitkov\u00e1 pevn\u00e1 \u010depel. Vyr\u00e1b\u00ed se s dokonale t\u011bsn\u00fdmi tolerancemi, tak\u017ee v\u00edte, \u017ee zvl\u00e1dne v\u0161e, co na n\u011bj m\u016f\u017eete hodit. Dod\u00e1v\u00e1 se s kydexov\u00fdm pouzdrem z uhl\u00edkov\u00fdch vl\u00e1ken s Blade-Tech MOLLE LOKs pro v\u00edce mo\u017enost\u00ed no\u0161en\u00ed, aby vyhovovaly jejich specifick\u00fdm preferenc\u00edm.<\/p>\n<p>Specifikace<br \/>\nD\u00e9lka \u010depele: 14 cm<br \/>\nD\u00e9lka rukojeti: 12 cm<br \/>\nCelkov\u00e1 d\u00e9lka: 26 cm<\/p>\n<p>Ocel:\u00a0 M390<br \/>\nStyl \u010depele: Tanto<br \/>\nBrou\u0161en\u00ed \u010depele: Ploch\u00e9<br \/>\nPovrchov\u00e1 \u00faprava \u010depele: Stonewash<br \/>\nMateri\u00e1l rukojeti: \u010dern\u00e1 G10<br \/>\nMateri\u00e1l pl\u00e1\u0161t\u011b: Carbon Fiber Finish Kydex<br \/>\nHmotnost: 8,4 oz.<br \/>\nHmotnost s pouzdrem: 12,6 oz.<br \/>\nDesign\u00e9r: Tony Marfione<br \/>\nVyrobeno v USA<\/p>\n<p><iframe title=\"Microtech Combat Troodon Torture Test\" width=\"800\" height=\"450\" src=\"https:\/\/www.youtube.com\/embed\/xE9TeOFYEjg?feature=oembed\" frameborder=\"0\" allow=\"accelerometer; autoplay; clipboard-write; encrypted-media; gyroscope; picture-in-picture; web-share\" allowfullscreen><\/iframe><\/p>\n<p>&nbsp;<\/p>\n<p>&nbsp;<\/p>\n","protected":false},"excerpt":{"rendered":"<div class=\"elementor-element elementor-element-bbb542b elementor-widget elementor-widget-woocommerce-product-short-description\" data-id=\"bbb542b\" data-element_type=\"widget\" data-widget_type=\"woocommerce-product-short-description.default\">\n<div class=\"elementor-widget-container\">\n<div class=\"woocommerce-product-details__short-description\">\n<div class=\"elementor-element elementor-element-bbb542b elementor-widget elementor-widget-woocommerce-product-short-description\" data-id=\"bbb542b\" data-element_type=\"widget\" data-widget_type=\"woocommerce-product-short-description.default\">\n<div class=\"elementor-widget-container\">\n<div class=\"woocommerce-product-details__short-description\">\n<p>V pr\u016fb\u011bhu let <strong>Microtech\u00ae<\/strong> Knives naplnil v\u00e1\u0161n\u00ed a dovednost\u00ed v\u00fdrobu no\u017e\u016f, a\u017e z nich vytvo\u0159il t\u00e9m\u011b\u0159 um\u011bleck\u00e1 d\u00edla,kter\u00e9 jsou vrcholem funk\u010dnosti.V\u0161echny d\u00edly jsou vyrodeny v USA.<br \/>\n<strong>Na v\u0161echny no\u017ee Microtech je do\u017eivotn\u00ed z\u00e1ruka.<\/strong><\/p>\n<p><strong>Doprava zdarma.<\/strong><\/p>\n<\/div>\n<\/div>\n<\/div>\n<\/div>\n<\/div>\n<\/div>\n","protected":false},"featured_media":219810,"comment_status":"open","ping_status":"closed","template":"","meta":[],"pwb-brand":[431],"product_brand":[],"product_cat":[23,17],"product_tag":[3667],"class_list":{"0":"post-219809","1":"product","2":"type-product","3":"status-publish","4":"has-post-thumbnail","6":"pwb-brand-microtech","7":"product_cat-pevne-noze","8":"product_cat-noze","9":"product_tag-b2b","11":"first","12":"instock","13":"taxable","14":"shipping-taxable","15":"purchasable","16":"product-type-simple"},"brands":[{"id":431,"name":"Microtech","slug":"microtech"}],"_links":{"self":[{"href":"https:\/\/www.moskito.cz\/fr\/wp-json\/wp\/v2\/product\/219809","targetHints":{"allow":["GET"]}}],"collection":[{"href":"https:\/\/www.moskito.cz\/fr\/wp-json\/wp\/v2\/product"}],"about":[{"href":"https:\/\/www.moskito.cz\/fr\/wp-json\/wp\/v2\/types\/product"}],"replies":[{"embeddable":true,"href":"https:\/\/www.moskito.cz\/fr\/wp-json\/wp\/v2\/comments?post=219809"}],"wp:featuredmedia":[{"embeddable":true,"href":"https:\/\/www.moskito.cz\/fr\/wp-json\/wp\/v2\/media\/219810"}],"wp:attachment":[{"href":"https:\/\/www.moskito.cz\/fr\/wp-json\/wp\/v2\/media?parent=219809"}],"wp:term":[{"taxonomy":"pwb-brand","embeddable":true,"href":"https:\/\/www.moskito.cz\/fr\/wp-json\/wp\/v2\/pwb-brand?post=219809"},{"taxonomy":"product_brand","embeddable":true,"href":"https:\/\/www.moskito.cz\/fr\/wp-json\/wp\/v2\/product_brand?post=219809"},{"taxonomy":"product_cat","embeddable":true,"href":"https:\/\/www.moskito.cz\/fr\/wp-json\/wp\/v2\/product_cat?post=219809"},{"taxonomy":"product_tag","embeddable":true,"href":"https:\/\/www.moskito.cz\/fr\/wp-json\/wp\/v2\/product_tag?post=219809"}],"curies":[{"name":"wp","href":"https:\/\/api.w.org\/{rel}","templated":true}]}}