{"id":219924,"date":"2022-07-14T17:26:56","date_gmt":"2022-07-14T16:26:56","guid":{"rendered":"https:\/\/www.moskito.cz\/?post_type=product&#038;p=219924"},"modified":"2025-05-07T10:39:56","modified_gmt":"2025-05-07T09:39:56","slug":"pevny-nuz-extrema-ratio-fulcrum-desert-warfare","status":"publish","type":"product","link":"https:\/\/www.moskito.cz\/fr\/produkt\/pevny-nuz-extrema-ratio-fulcrum-desert-warfare\/","title":{"rendered":"Pevn\u00fd N\u016f\u017e Extrema Ratio FULCRUM DESERT WARFARE"},"content":{"rendered":"<p>Pevn\u00fd N\u016f\u017e <strong>Extrema Ratio<\/strong> FULCRUM DESERT WARFARE<\/p>\n<p>Tento miln\u00edk mezi v\u00edce\u00fa\u010delov\u00fdmi no\u017ei, pou\u017e\u00edvan\u00fdmi ve velk\u00e9m m\u011b\u0159\u00edtku v Afgh\u00e1nist\u00e1nu jako standardn\u00ed v\u00fdzbroj italsk\u00e9 mise \u201eNibbio\u201c, vznikl experiment\u00e1ln\u00edm projektem COMALP Alpine Troops Command pro obnovu vybaven\u00ed voj\u00e1k\u016f. Jako sou\u010d\u00e1st p\u0159\u00edpravy na misi COMALP koordinoval t\u00fdm spole\u010dnost\u00ed s c\u00edlem vytvo\u0159it kompletn\u00ed experiment\u00e1ln\u00ed sadu nov\u011b navr\u017een\u00e9ho vybaven\u00ed pro jednotliv\u00e9ho voj\u00e1ka. Extrema Ratio si vybrala spole\u010dnost COMALP k v\u00fdvoji nov\u00e9ho v\u00edce\u00fa\u010delov\u00e9ho no\u017ee vhodn\u00e9ho pro p\u011bchotu \u2013 no\u017ee, kter\u00fd lze pou\u017e\u00edt p\u0159i jak\u00fdchkoli operac\u00edch kdekoli, kter\u00fd je schopen \u00fasp\u011b\u0161n\u011b dokon\u010dit \u00fakoly, u kter\u00fdch specializovan\u011bj\u0161\u00ed n\u00e1stroje selh\u00e1vaj\u00ed. Byli jsme tak \u00fasp\u011b\u0161n\u00ed, \u017ee po tomto v\u00edce\u00fa\u010delov\u00e9m no\u017ei n\u00e1sledovali v\u00fdvoj bajonetu Fulcrum, jeho implementace, kterou lze namontovat na voj\u00e1kovu standardn\u00ed pu\u0161ku. Extr\u00e9mn\u011b odoln\u00fd a v\u0161estrann\u00fd n\u016f\u017e, \u010depel Fulcrum vydr\u017e\u00ed zat\u00ed\u017een\u00ed p\u0159es 150 kilogram\u016f, ani\u017e by se zlomila. \u010cepel ve tvaru tanto umo\u017e\u0148uje velk\u00e9 mno\u017estv\u00ed pr\u00e1ce a opot\u0159eben\u00ed, p\u0159i\u010dem\u017e si st\u00e1le zachov\u00e1v\u00e1 ostrou, pronikavou hranu na sv\u00e9 mimo\u0159\u00e1dn\u011b pevn\u00e9 \u0161pi\u010dce. D\u00edky sv\u00e9 hmotnosti a \u0161pi\u010dkov\u00e9mu vyv\u00e1\u017een\u00ed je Fulcrum vhodn\u00fd i pro t\u011b\u017ekou pr\u00e1ci na h\u0159i\u0161ti. Dostupn\u00e9 verze: FULCRUM E.I., FULCRUM BLACK, FULCRUM DESERT WARFARE.<\/p>\n<p>V\u00c1HA G.: 321<br \/>\nHMOTNOST OZ.: 11,3<br \/>\nD\u00c9LKA \u010cEPELE (MM): 180<br \/>\nD\u00c9LKA \u010cEPELE (IN): 7.1<br \/>\nCELKOV\u00c1 D\u00c9LKA (MM): 310<br \/>\nCELKOV\u00c1 D\u00c9LKA (IN): 12,2<br \/>\nTLOU\u0160\u0164KA \u010cEPELE (MM): 6,3<br \/>\nTLOU\u0160\u0164KA \u010cEPELE (IN): 0,25<br \/>\nMATERI\u00c1L \u010cEPELE: B\u00d6HLER N690 STEEL (58HRC)<br \/>\nPOVRCHOV\u00c1 \u00daPRAVA \u010cEPEL\u00cd: POU\u0160TN\u00cd V\u00c1LKA<br \/>\nHLAVN\u00cd M\u0158\u00cd\u017dKA: PLOCH\u00c1<br \/>\n\u010c\u00c1STE\u010cN\u00c9 ZUBY (MM): 40<br \/>\n\u010c\u00c1STE\u010cN\u00c9 ZUBY (IN): 1,6<br \/>\nMATERI\u00c1L RUKOJETI: FORPRENE<\/p>\n","protected":false},"excerpt":{"rendered":"<p>Spole\u010dnost\u00a0<strong>Extrema Ratio<\/strong>\u00a0se s\u00eddlem v italsk\u00e9m Pratu navrhuje a vyr\u00e1b\u00ed vysoce v\u00fdkonn\u00e9 bojov\u00e9, vojensk\u00e9, kuchy\u0148sk\u00e9, loveck\u00e9 a taktick\u00e9 no\u017ee od roku 1997 a m\u00e1 pov\u011bst vynikaj\u00edc\u00ed kvality, kter\u00e1 je v oboru vojensk\u00fdch a taktick\u00fdch no\u017e\u016f nep\u0159ekonateln\u00e1.\u00a0<strong>Doprava zdarma<\/strong>.<\/p>\n","protected":false},"featured_media":219925,"comment_status":"open","ping_status":"closed","template":"","meta":[],"pwb-brand":[267],"product_brand":[],"product_cat":[23,17],"product_tag":[3667],"class_list":{"0":"post-219924","1":"product","2":"type-product","3":"status-publish","4":"has-post-thumbnail","6":"pwb-brand-extrema-ratio","7":"product_cat-pevne-noze","8":"product_cat-noze","9":"product_tag-b2b","11":"first","12":"instock","13":"taxable","14":"shipping-taxable","15":"purchasable","16":"product-type-simple"},"brands":[{"id":267,"name":"Extrema Ratio","slug":"extrema-ratio"}],"_links":{"self":[{"href":"https:\/\/www.moskito.cz\/fr\/wp-json\/wp\/v2\/product\/219924","targetHints":{"allow":["GET"]}}],"collection":[{"href":"https:\/\/www.moskito.cz\/fr\/wp-json\/wp\/v2\/product"}],"about":[{"href":"https:\/\/www.moskito.cz\/fr\/wp-json\/wp\/v2\/types\/product"}],"replies":[{"embeddable":true,"href":"https:\/\/www.moskito.cz\/fr\/wp-json\/wp\/v2\/comments?post=219924"}],"wp:featuredmedia":[{"embeddable":true,"href":"https:\/\/www.moskito.cz\/fr\/wp-json\/wp\/v2\/media\/219925"}],"wp:attachment":[{"href":"https:\/\/www.moskito.cz\/fr\/wp-json\/wp\/v2\/media?parent=219924"}],"wp:term":[{"taxonomy":"pwb-brand","embeddable":true,"href":"https:\/\/www.moskito.cz\/fr\/wp-json\/wp\/v2\/pwb-brand?post=219924"},{"taxonomy":"product_brand","embeddable":true,"href":"https:\/\/www.moskito.cz\/fr\/wp-json\/wp\/v2\/product_brand?post=219924"},{"taxonomy":"product_cat","embeddable":true,"href":"https:\/\/www.moskito.cz\/fr\/wp-json\/wp\/v2\/product_cat?post=219924"},{"taxonomy":"product_tag","embeddable":true,"href":"https:\/\/www.moskito.cz\/fr\/wp-json\/wp\/v2\/product_tag?post=219924"}],"curies":[{"name":"wp","href":"https:\/\/api.w.org\/{rel}","templated":true}]}}