{"id":220339,"date":"2022-08-12T21:57:36","date_gmt":"2022-08-12T20:57:36","guid":{"rendered":"https:\/\/www.moskito.cz\/?post_type=product&#038;p=220339"},"modified":"2025-05-07T10:39:59","modified_gmt":"2025-05-07T09:39:59","slug":"zaviraci-nuz-crkt-triple-play-6925","status":"publish","type":"product","link":"https:\/\/www.moskito.cz\/fr\/produkt\/zaviraci-nuz-crkt-triple-play-6925\/","title":{"rendered":"Zav\u00edrac\u00ed N\u016f\u017e CRKT TRIPLE PLAY\u2122 6925"},"content":{"rendered":"<div class=\"flex-1 overflow-hidden @container\/thread\">\n<div class=\"h-full\">\n<div class=\"react-scroll-to-bottom--css-vxybp-79elbk h-full\">\n<div class=\"react-scroll-to-bottom--css-vxybp-1n7m0yu\">\n<div class=\"flex flex-col text-sm md:pb-9\">\n<article class=\"w-full scroll-mb-[var(--thread-trailing-height,150px)] text-token-text-primary focus-visible:outline-2 focus-visible:outline-offset-[-4px]\" dir=\"auto\" data-testid=\"conversation-turn-393\" data-scroll-anchor=\"true\">\n<div class=\"m-auto text-base py-[18px] px-3 md:px-4 w-full md:px-5 lg:px-4 xl:px-5\">\n<div class=\"mx-auto flex flex-1 gap-4 text-base md:gap-5 lg:gap-6 md:max-w-3xl\">\n<div class=\"group\/conversation-turn relative flex w-full min-w-0 flex-col agent-turn\">\n<div class=\"flex-col gap-1 md:gap-3\">\n<div class=\"flex max-w-full flex-col flex-grow\">\n<div class=\"min-h-8 text-message flex w-full flex-col items-end gap-2 whitespace-normal break-words text-start [.text-message+&amp;]:mt-5\" dir=\"auto\" data-message-author-role=\"assistant\" data-message-id=\"ab82f88d-6cff-4d8a-97f8-9f7508a26020\" data-message-model-slug=\"gpt-4o-mini\">\n<div class=\"flex w-full flex-col gap-1 empty:hidden first:pt-[3px]\">\n<div class=\"markdown prose w-full break-words dark:prose-invert light\">\n<p><strong>Zav\u00edrac\u00ed N\u016f\u017e CRKT TRIPLE PLAY\u2122 6925<\/strong> je v\u00edce\u00fa\u010delov\u00fd <strong>n\u00e1stroj<\/strong> navr\u017een\u00fd design\u00e9rem <strong>Philipem Boothem<\/strong>, kter\u00fd kombinuje <strong>v\u00fdvrtku<\/strong>, <strong>otv\u00edr\u00e1k na l\u00e1hve<\/strong> a <strong>dv\u011b \u010depele<\/strong> v jednom kompaktn\u00edm balen\u00ed. Tento n\u016f\u017e je skv\u011blou volbou pro <strong>kempov\u00e1n\u00ed<\/strong>, <strong>pikniky<\/strong>, <strong>turistiku<\/strong>, nebo <strong>barmansk\u00e9 pot\u0159eby<\/strong>. V\u0161echny funkce jsou zabalen\u00e9 do jedin\u00e9 praktick\u00e9 konstrukce, kter\u00e1 zaji\u0161\u0165uje, \u017ee budete p\u0159ipraveni na <strong>jak\u00fdkoliv \u00fakol<\/strong>, a\u0165 u\u017e jde o otev\u0159en\u00ed lahve nebo p\u0159\u00edpravu j\u00eddla.<\/p>\n<h3>Kl\u00ed\u010dov\u00e9 vlastnosti <strong>CRKT TRIPLE PLAY\u2122<\/strong>:<\/h3>\n<h4>1. <strong>V\u00edce\u00fa\u010delov\u00fd design<\/strong><\/h4>\n<ul>\n<li><strong>V\u00fdvrtka, otv\u00edr\u00e1k na l\u00e1hve a dv\u011b \u010depele<\/strong> na obou konc\u00edch d\u011blaj\u00ed z tohoto no\u017ee ide\u00e1ln\u00ed n\u00e1stroj pro <strong>kempov\u00e1n\u00ed<\/strong>, <strong>turistiku<\/strong> a <strong>pikniky<\/strong>. Krom\u011b toho je perfektn\u00ed pro <strong>barmany<\/strong> d\u00edky integrovan\u00e9mu <strong>otv\u00edr\u00e1ku na l\u00e1hve<\/strong> a <strong>v\u00fdvrtce<\/strong>.<\/li>\n<\/ul>\n<h4>2. <strong>Vysok\u00e1 kvalita materi\u00e1l\u016f<\/strong><\/h4>\n<ul>\n<li><strong>\u010cepel z oceli 8Cr13MoV<\/strong> je zn\u00e1m\u00e1 svou <strong>vysokou odolnost\u00ed<\/strong> a <strong>dobr\u00fdmi vlastnostmi p\u0159i ost\u0159en\u00ed<\/strong>, co\u017e znamen\u00e1, \u017ee i p\u0159i intenzivn\u00edm pou\u017e\u00edv\u00e1n\u00ed snadno udr\u017e\u00edte ost\u0159\u00ed.<\/li>\n<li><strong>Rukoje\u0165 ze d\u0159eva Pakka<\/strong> kombinuje <strong>pevnost a odolnost<\/strong>, co\u017e zaru\u010duje pohodln\u00fd \u00fachop a dlouhou \u017eivotnost no\u017ee.<\/li>\n<\/ul>\n<h4>3. <strong>Kompaktn\u00ed a p\u0159enosn\u00fd<\/strong><\/h4>\n<ul>\n<li><strong>Kompaktn\u00ed velikost<\/strong> (celkov\u00e1 d\u00e9lka 7,25&Prime;) a <strong>n\u00edzk\u00fd profil<\/strong> d\u00edky <strong>hlubok\u00e9 spon\u011b<\/strong> na p\u0159en\u00e1\u0161en\u00ed znamenaj\u00ed, \u017ee n\u016f\u017e nezab\u00edr\u00e1 p\u0159\u00edli\u0161 m\u00edsta v kapse nebo batohu. Je ide\u00e1ln\u00ed pro <strong>ka\u017edodenn\u00ed p\u0159en\u00e1\u0161en\u00ed<\/strong> nebo jako sou\u010d\u00e1st <strong>kempingov\u00e9 v\u00fdbavy<\/strong>.<\/li>\n<\/ul>\n<h4>4. <strong>Tradi\u010dn\u00ed otev\u00edr\u00e1n\u00ed a uzav\u00edr\u00e1n\u00ed<\/strong><\/h4>\n<ul>\n<li><strong>Z\u00e1\u0159ez na h\u0159eb\u00edk<\/strong> umo\u017e\u0148uje <strong>snadn\u00e9 otev\u0159en\u00ed<\/strong> \u010depele tradi\u010dn\u00edm zp\u016fsobem, co\u017e je ide\u00e1ln\u00ed pro ty, kdo preferuj\u00ed <strong>mechanismus otev\u00edr\u00e1n\u00ed bez asistence<\/strong>.<\/li>\n<li><strong>Kloubov\u00fd mechanismus<\/strong> umo\u017e\u0148uje <strong>otev\u0159en\u00ed a zav\u0159en\u00ed \u010depele dv\u011bma rukama<\/strong>, co\u017e zaji\u0161\u0165uje vysokou \u00farove\u0148 <strong>bezpe\u010dnosti<\/strong>.<\/li>\n<\/ul>\n<h4>5. <strong>U\u017eite\u010dn\u00e9 n\u00e1stroje v jednom<\/strong><\/h4>\n<ul>\n<li><strong>F\u00f3liov\u00fd n\u016f\u017e<\/strong> pro vyjmut\u00ed kapsle na lahv\u00edch, <strong>v\u00fdvrtka<\/strong> pro otev\u00edr\u00e1n\u00ed lahv\u00ed a <strong>otv\u00edr\u00e1k na l\u00e1hve<\/strong> integrovan\u00fd p\u0159\u00edmo do rukojeti jsou ide\u00e1ln\u00ed pro ka\u017edodenn\u00ed situace, kdy pot\u0159ebujete v\u00edce ne\u017e jen \u0159ezac\u00ed n\u00e1stroj.<\/li>\n<\/ul>\n<h3>Specifikace:<\/h3>\n<ul>\n<li><strong>D\u00e9lka \u010depele:<\/strong> 2,51&Prime; (63,80 mm)<\/li>\n<li><strong>Ost\u0159\u00ed:<\/strong> Prost\u00fd<\/li>\n<li><strong>\u010cepel:<\/strong> Ocel 8Cr13MoV<\/li>\n<li><strong>Povrchov\u00e1 \u00faprava \u010depele:<\/strong> Sat\u00e9n<\/li>\n<li><strong>Tlou\u0161\u0165ka \u010depele:<\/strong> 0,09&Prime; (2,29 mm)<\/li>\n<li><strong>Celkov\u00e1 d\u00e9lka:<\/strong> 7,25&Prime; (184,15 mm)<\/li>\n<li><strong>Uzav\u0159en\u00e1 d\u00e9lka:<\/strong> 3,79&Prime; (96,22 mm)<\/li>\n<li><strong>Hmotnost:<\/strong> 4,00 oz (113,40 g)<\/li>\n<li><strong>Rukoje\u0165:<\/strong> Pakkawood<\/li>\n<li><strong>Styl:<\/strong> Skl\u00e1dac\u00ed n\u016f\u017e s posuvn\u00fdm kloubem<\/li>\n<\/ul>\n<h3>Z\u00e1v\u011br:<\/h3>\n<p><strong>CRKT TRIPLE PLAY\u2122 6925<\/strong> je skv\u011bl\u00fd <strong>multi-tool<\/strong> pro ka\u017edodenn\u00ed pou\u017eit\u00ed, kempov\u00e1n\u00ed a turistiku. D\u00edky <strong>vysok\u00e9 kvalit\u011b materi\u00e1l\u016f<\/strong>, <strong>kompaktn\u00ed velikosti<\/strong> a <strong>praktick\u00fdm funkc\u00edm<\/strong> (v\u00fdvrtka, otv\u00edr\u00e1k na l\u00e1hve, f\u00f3liov\u00fd n\u016f\u017e) je ide\u00e1ln\u00ed pro ka\u017ed\u00e9ho, kdo pot\u0159ebuje spolehliv\u00fd n\u00e1stroj pro r\u016fzn\u00e9 situace. Rukoje\u0165 z <strong>d\u0159eva Pakka<\/strong> zaji\u0161\u0165uje pohodln\u00fd \u00fachop, zat\u00edmco <strong>kloubov\u00fd mechanismus<\/strong> pro <strong>otev\u0159en\u00ed a zav\u0159en\u00ed<\/strong> je tradi\u010dn\u00ed a intuitivn\u00ed. N\u016f\u017e je skv\u011blou volbou pro ty, kte\u0159\u00ed hledaj\u00ed <strong>praktick\u00fd a v\u0161estrann\u00fd n\u00e1stroj<\/strong> v kompaktn\u00ed form\u011b.<\/p>\n<\/div>\n<\/div>\n<\/div>\n<\/div>\n<div class=\"mb-2 flex gap-3 empty:hidden -ml-2\">\n<div class=\"items-center justify-start rounded-xl p-1 flex\">\n<div class=\"flex items-center\"><\/div>\n<\/div>\n<\/div>\n<div class=\"pr-2 lg:pr-0\"><\/div>\n<\/div>\n<\/div>\n<\/div>\n<\/div>\n<\/article>\n<\/div>\n<\/div>\n<\/div>\n<\/div>\n<\/div>\n","protected":false},"excerpt":{"rendered":"<p><strong>CRKT TRIPLE PLAY\u2122 6925 je skv\u011bl\u00fd multi-tool pro ka\u017edodenn\u00ed pou\u017eit\u00ed, kempov\u00e1n\u00ed a turistiku. D\u00edky vysok\u00e9 kvalit\u011b materi\u00e1l\u016f, kompaktn\u00ed velikosti a praktick\u00fdm funkc\u00edm (v\u00fdvrtka, otv\u00edr\u00e1k na l\u00e1hve, f\u00f3liov\u00fd n\u016f\u017e) je ide\u00e1ln\u00ed pro ka\u017ed\u00e9ho, kdo pot\u0159ebuje spolehliv\u00fd n\u00e1stroj pro r\u016fzn\u00e9 situace. Rukoje\u0165 z d\u0159eva Pakka zaji\u0161\u0165uje pohodln\u00fd \u00fachop, zat\u00edmco kloubov\u00fd mechanismus pro otev\u0159en\u00ed a zav\u0159en\u00ed je tradi\u010dn\u00ed a intuitivn\u00ed. N\u016f\u017e je skv\u011blou volbou pro ty, kte\u0159\u00ed hledaj\u00ed praktick\u00fd a v\u0161estrann\u00fd n\u00e1stroj v kompaktn\u00ed form\u011b.<\/strong><\/p>\n","protected":false},"featured_media":220340,"comment_status":"open","ping_status":"closed","template":"","meta":[],"pwb-brand":[209],"product_brand":[],"product_cat":[22,17],"product_tag":[3667],"class_list":{"0":"post-220339","1":"product","2":"type-product","3":"status-publish","4":"has-post-thumbnail","6":"pwb-brand-crkt","7":"product_cat-zaviraci-noze","8":"product_cat-noze","9":"product_tag-b2b","11":"first","12":"instock","13":"taxable","14":"shipping-taxable","15":"purchasable","16":"product-type-simple"},"brands":[{"id":209,"name":"CRKT","slug":"crkt"}],"_links":{"self":[{"href":"https:\/\/www.moskito.cz\/fr\/wp-json\/wp\/v2\/product\/220339","targetHints":{"allow":["GET"]}}],"collection":[{"href":"https:\/\/www.moskito.cz\/fr\/wp-json\/wp\/v2\/product"}],"about":[{"href":"https:\/\/www.moskito.cz\/fr\/wp-json\/wp\/v2\/types\/product"}],"replies":[{"embeddable":true,"href":"https:\/\/www.moskito.cz\/fr\/wp-json\/wp\/v2\/comments?post=220339"}],"wp:featuredmedia":[{"embeddable":true,"href":"https:\/\/www.moskito.cz\/fr\/wp-json\/wp\/v2\/media\/220340"}],"wp:attachment":[{"href":"https:\/\/www.moskito.cz\/fr\/wp-json\/wp\/v2\/media?parent=220339"}],"wp:term":[{"taxonomy":"pwb-brand","embeddable":true,"href":"https:\/\/www.moskito.cz\/fr\/wp-json\/wp\/v2\/pwb-brand?post=220339"},{"taxonomy":"product_brand","embeddable":true,"href":"https:\/\/www.moskito.cz\/fr\/wp-json\/wp\/v2\/product_brand?post=220339"},{"taxonomy":"product_cat","embeddable":true,"href":"https:\/\/www.moskito.cz\/fr\/wp-json\/wp\/v2\/product_cat?post=220339"},{"taxonomy":"product_tag","embeddable":true,"href":"https:\/\/www.moskito.cz\/fr\/wp-json\/wp\/v2\/product_tag?post=220339"}],"curies":[{"name":"wp","href":"https:\/\/api.w.org\/{rel}","templated":true}]}}