{"id":220391,"date":"2022-08-12T23:07:17","date_gmt":"2022-08-12T22:07:17","guid":{"rendered":"https:\/\/www.moskito.cz\/?post_type=product&#038;p=220391"},"modified":"2025-05-07T10:40:00","modified_gmt":"2025-05-07T09:40:00","slug":"zaviraci-nuz-crkt-m16-10s","status":"publish","type":"product","link":"https:\/\/www.moskito.cz\/fr\/produkt\/zaviraci-nuz-crkt-m16-10s\/","title":{"rendered":"Zav\u00edrac\u00ed N\u016f\u017e CRKT M16-10S"},"content":{"rendered":"<div class=\"flex-1 overflow-hidden @container\/thread\">\n<div class=\"h-full\">\n<div class=\"react-scroll-to-bottom--css-vxybp-79elbk h-full\">\n<div class=\"react-scroll-to-bottom--css-vxybp-1n7m0yu\">\n<div class=\"flex flex-col text-sm\">\n<article class=\"w-full scroll-mb-[var(--thread-trailing-height,150px)] text-token-text-primary focus-visible:outline-2 focus-visible:outline-offset-[-4px]\" dir=\"auto\" data-testid=\"conversation-turn-391\" data-scroll-anchor=\"true\">\n<div class=\"m-auto text-base py-[18px] px-3 md:px-4 w-full md:px-5 lg:px-4 xl:px-5\">\n<div class=\"mx-auto flex flex-1 gap-4 text-base md:gap-5 lg:gap-6 md:max-w-3xl\">\n<div class=\"group\/conversation-turn relative flex w-full min-w-0 flex-col agent-turn\">\n<div class=\"flex-col gap-1 md:gap-3\">\n<div class=\"flex max-w-full flex-col flex-grow\">\n<div class=\"min-h-8 text-message flex w-full flex-col items-end gap-2 whitespace-normal break-words text-start [.text-message+&amp;]:mt-5\" dir=\"auto\" data-message-author-role=\"assistant\" data-message-id=\"f114a66f-8e61-4e81-a97d-4969d2168046\" data-message-model-slug=\"gpt-4o-mini\">\n<div class=\"flex w-full flex-col gap-1 empty:hidden first:pt-[3px]\">\n<div class=\"markdown prose w-full break-words dark:prose-invert light\">\n<p><strong>Zav\u00edrac\u00ed N\u016f\u017e CRKT M16-10S<\/strong> je <strong>taktick\u00fd<\/strong> a <strong>odoln\u00fd n\u016f\u017e<\/strong>, navr\u017een\u00fd pro <strong>ka\u017edodenn\u00ed pou\u017eit\u00ed<\/strong> a <strong>v\u0161estrann\u00e9 \u00fakoly<\/strong>. Tento model je inspirov\u00e1n legend\u00e1rn\u00ed \u0159adou taktick\u00fdch no\u017e\u016f <strong>M16\u00ae<\/strong>, kter\u00e1 je zn\u00e1m\u00e1 svou robustnost\u00ed a v\u00fdkonem v <strong>n\u00e1ro\u010dn\u00fdch podm\u00ednk\u00e1ch<\/strong>. CRKT M16-10S p\u0159in\u00e1\u0161\u00ed kompaktn\u00ed verzi pro ka\u017edodenn\u00ed no\u0161en\u00ed (EDC), kter\u00e1 st\u00e1le zachov\u00e1v\u00e1 <strong>vysokou funk\u010dnost<\/strong> a <strong>odolnost<\/strong>.<\/p>\n<h3>Kl\u00ed\u010dov\u00e9 vlastnosti <strong>CRKT M16-10S<\/strong>:<\/h3>\n<h4>1. <strong>V\u00fdkonn\u00e1 \u010depel s Triple Point\u2122 ozuben\u00edm<\/strong><\/h4>\n<ul>\n<li><strong>Triple Point\u2122 ozuben\u00ed<\/strong> je charakteristick\u00fdm prvkem, kter\u00fd poskytuje <strong>vynikaj\u00edc\u00ed \u0159ezn\u00e9 vlastnosti<\/strong> na materi\u00e1ly, jako je d\u0159evo, tkaniny nebo r\u016fzn\u00e9 druhy plast\u016f. Tento typ ozuben\u00ed zaji\u0161\u0165uje <strong>efektivn\u00ed \u0159ez\u00e1n\u00ed<\/strong> a je ide\u00e1ln\u00ed pro pr\u00e1ci, kter\u00e1 vy\u017eaduje v\u011bt\u0161\u00ed <strong>stabilitu<\/strong> p\u0159i \u0159ezu.<\/li>\n<\/ul>\n<h4>2. <strong>Z\u00e1mek r\u00e1mu pro bezpe\u010dn\u00e9 pou\u017eit\u00ed<\/strong><\/h4>\n<ul>\n<li>N\u016f\u017e je vybaven <strong>r\u00e1mov\u00fdm z\u00e1mkem<\/strong>, kter\u00fd poskytuje <strong>spolehlivou ochranu<\/strong> proti ne\u00famysln\u00e9mu zav\u0159en\u00ed \u010depele p\u0159i pou\u017eit\u00ed. Tento z\u00e1mek zaru\u010duje, \u017ee n\u016f\u017e z\u016fstane v <strong>otev\u0159en\u00e9 pozici<\/strong>, dokud jej neuzav\u0159ete, \u010d\u00edm\u017e zaji\u0161\u0165uje <strong>bezpe\u010dnost<\/strong> p\u0159i pr\u00e1ci s n\u00e1strojem.<\/li>\n<\/ul>\n<h4>3. <strong>Konstrukce pro odolnost a lehkost<\/strong><\/h4>\n<ul>\n<li><strong>Rukojeti z nerezov\u00e9 oceli<\/strong> p\u0159id\u00e1vaj\u00ed tomuto no\u017ei <strong>pevnost<\/strong> a <strong>odolnost<\/strong>, p\u0159i\u010dem\u017e jsou st\u00e1le <strong>lehk\u00fd<\/strong> pro ka\u017edodenn\u00ed no\u0161en\u00ed. Otev\u0159en\u00fd r\u00e1mov\u00fd design tak\u00e9 pom\u00e1h\u00e1 sn\u00ed\u017eit hmotnost a zaji\u0161\u0165uje <strong>snadnou \u00fadr\u017ebu<\/strong>.<\/li>\n<li><strong>Hmotnost<\/strong> no\u017ee je <strong>2,60 oz (73,71 g)<\/strong>, co\u017e je dostate\u010dn\u011b lehk\u00e9 pro pohodln\u00e9 no\u0161en\u00ed v kapse, ale z\u00e1rove\u0148 dostate\u010dn\u011b robustn\u00ed pro n\u00e1ro\u010dn\u011bj\u0161\u00ed \u00fakoly.<\/li>\n<\/ul>\n<h4>4. <strong>Snadn\u00e9 otev\u00edr\u00e1n\u00ed s Carson Flipper<\/strong><\/h4>\n<ul>\n<li><strong>Carson Flipper<\/strong> na rukojeti umo\u017e\u0148uje <strong>snadn\u00e9 a rychl\u00e9 otev\u0159en\u00ed<\/strong> no\u017ee jednou rukou. Tento mechanismus se pou\u017e\u00edv\u00e1 pro rychl\u00e9 rozvinut\u00ed \u010depele a poskytuje <strong>vysokou \u00farove\u0148 ovl\u00e1d\u00e1n\u00ed<\/strong> p\u0159i otev\u00edr\u00e1n\u00ed.<\/li>\n<\/ul>\n<h4>5. <strong>Povrchov\u00e1 \u00faprava a ochrana<\/strong><\/h4>\n<ul>\n<li>\u010cepel m\u00e1 <strong>odst\u0159el kor\u00e1lk\u016f<\/strong> (bead-blasted) povrchovou \u00fapravu, kter\u00e1 zvy\u0161uje <strong>odolnost proti korozi<\/strong> a zaji\u0161\u0165uje <strong>vy\u0161\u0161\u00ed odolnost proti po\u0161kr\u00e1b\u00e1n\u00ed<\/strong>. Tato \u00faprava tak\u00e9 p\u0159isp\u00edv\u00e1 k <strong>neot\u0159el\u00e9mu vzhledu<\/strong> no\u017ee.<\/li>\n<\/ul>\n<h3>Specifikace:<\/h3>\n<ul>\n<li><strong>D\u00e9lka \u010depele:<\/strong> 3,06&Prime; (77,72 mm)<\/li>\n<li><strong>Ost\u0159\u00ed:<\/strong> Triple Point\u2122 Serrations\u2122<\/li>\n<li><strong>\u010cepel:<\/strong> Ocel 8Cr14MoV<\/li>\n<li><strong>Povrchov\u00e1 \u00faprava \u010depele:<\/strong> Odst\u0159el kor\u00e1lk\u016f<\/li>\n<li><strong>Tlou\u0161\u0165ka \u010depele:<\/strong> 0,10&Prime; (2,49 mm)<\/li>\n<li><strong>Celkov\u00e1 d\u00e9lka:<\/strong> 7,00&Prime; (177,80 mm)<\/li>\n<li><strong>Uzav\u0159en\u00e1 d\u00e9lka:<\/strong> 4,00&Prime; (101,60 mm)<\/li>\n<li><strong>Hmotnost:<\/strong> 2,60 oz (73,71 g)<\/li>\n<li><strong>Rukoje\u0165:<\/strong> Nerezov\u00e1 ocel<\/li>\n<li><strong>Styl:<\/strong> Skl\u00e1dac\u00ed n\u016f\u017e se z\u00e1mkem r\u00e1mu<\/li>\n<\/ul>\n<h3>Z\u00e1v\u011br:<\/h3>\n<p><strong>CRKT M16-10S<\/strong> je <strong>kompaktn\u00ed, ale v\u00fdkonn\u00fd<\/strong> n\u016f\u017e, kter\u00fd je navr\u017een pro <strong>v\u0161estrann\u00e9 pou\u017eit\u00ed<\/strong>. Je ide\u00e1ln\u00ed pro ty, kdo pot\u0159ebuj\u00ed <strong>spolehliv\u00fd n\u00e1stroj<\/strong> pro ka\u017edodenn\u00ed \u00fakoly a z\u00e1rove\u0148 preferuj\u00ed <strong>taktick\u00e9<\/strong> a <strong>robustn\u00ed no\u017ee<\/strong>. S <strong>Triple Point\u2122 ozuben\u00edm<\/strong> a <strong>r\u00e1mov\u00fdm z\u00e1mkem<\/strong> nab\u00edz\u00ed vynikaj\u00edc\u00ed v\u00fdkon a <strong>bezpe\u010dnost<\/strong> p\u0159i pr\u00e1ci, zat\u00edmco <strong>lehk\u00e1 konstrukce<\/strong> a <strong>snadn\u00e9 otev\u00edr\u00e1n\u00ed<\/strong> \u010din\u00ed tento n\u016f\u017e pohodln\u00fdm pro ka\u017edodenn\u00ed no\u0161en\u00ed.<\/p>\n<\/div>\n<\/div>\n<\/div>\n<\/div>\n<div class=\"mb-2 flex gap-3 empty:hidden -ml-2\">\n<div class=\"items-center justify-start rounded-xl p-1 flex\">\n<div class=\"flex items-center\"><\/div>\n<\/div>\n<\/div>\n<div class=\"pr-2 lg:pr-0\"><\/div>\n<\/div>\n<\/div>\n<\/div>\n<\/div>\n<\/article>\n<\/div>\n<\/div>\n<\/div>\n<\/div>\n<\/div>\n","protected":false},"excerpt":{"rendered":"<div class=\"flex max-w-full flex-col flex-grow\">\n<div class=\"min-h-8 text-message flex w-full flex-col items-end gap-2 whitespace-normal break-words text-start [.text-message+&amp;]:mt-5\" dir=\"auto\" data-message-author-role=\"assistant\" data-message-id=\"f114a66f-8e61-4e81-a97d-4969d2168046\" data-message-model-slug=\"gpt-4o-mini\">\n<div class=\"flex w-full flex-col gap-1 empty:hidden first:pt-[3px]\">\n<div class=\"markdown prose w-full break-words dark:prose-invert light\">\n<p><strong>CRKT M16-10S je kompaktn\u00ed, ale v\u00fdkonn\u00fd n\u016f\u017e, kter\u00fd je navr\u017een pro v\u0161estrann\u00e9 pou\u017eit\u00ed. Je ide\u00e1ln\u00ed pro ty, kdo pot\u0159ebuj\u00ed spolehliv\u00fd n\u00e1stroj pro ka\u017edodenn\u00ed \u00fakoly a z\u00e1rove\u0148 preferuj\u00ed taktick\u00e9 a robustn\u00ed no\u017ee. S Triple Point\u2122 ozuben\u00edm a r\u00e1mov\u00fdm z\u00e1mkem nab\u00edz\u00ed vynikaj\u00edc\u00ed v\u00fdkon a bezpe\u010dnost p\u0159i pr\u00e1ci, zat\u00edmco lehk\u00e1 konstrukce a snadn\u00e9 otev\u00edr\u00e1n\u00ed \u010din\u00ed tento n\u016f\u017e pohodln\u00fdm pro ka\u017edodenn\u00ed no\u0161en\u00ed.<\/strong><\/p>\n<\/div>\n<\/div>\n<\/div>\n<\/div>\n<div class=\"mb-2 flex gap-3 empty:hidden -ml-2\">\n<div class=\"items-center justify-start rounded-xl p-1 flex\">\n<div class=\"flex items-center\"><\/div>\n<\/div>\n<\/div>\n","protected":false},"featured_media":220392,"comment_status":"open","ping_status":"closed","template":"","meta":[],"pwb-brand":[209],"product_brand":[],"product_cat":[22,17],"product_tag":[3667],"class_list":{"0":"post-220391","1":"product","2":"type-product","3":"status-publish","4":"has-post-thumbnail","6":"pwb-brand-crkt","7":"product_cat-zaviraci-noze","8":"product_cat-noze","9":"product_tag-b2b","11":"first","12":"outofstock","13":"taxable","14":"shipping-taxable","15":"purchasable","16":"product-type-simple"},"brands":[{"id":209,"name":"CRKT","slug":"crkt"}],"_links":{"self":[{"href":"https:\/\/www.moskito.cz\/fr\/wp-json\/wp\/v2\/product\/220391","targetHints":{"allow":["GET"]}}],"collection":[{"href":"https:\/\/www.moskito.cz\/fr\/wp-json\/wp\/v2\/product"}],"about":[{"href":"https:\/\/www.moskito.cz\/fr\/wp-json\/wp\/v2\/types\/product"}],"replies":[{"embeddable":true,"href":"https:\/\/www.moskito.cz\/fr\/wp-json\/wp\/v2\/comments?post=220391"}],"wp:featuredmedia":[{"embeddable":true,"href":"https:\/\/www.moskito.cz\/fr\/wp-json\/wp\/v2\/media\/220392"}],"wp:attachment":[{"href":"https:\/\/www.moskito.cz\/fr\/wp-json\/wp\/v2\/media?parent=220391"}],"wp:term":[{"taxonomy":"pwb-brand","embeddable":true,"href":"https:\/\/www.moskito.cz\/fr\/wp-json\/wp\/v2\/pwb-brand?post=220391"},{"taxonomy":"product_brand","embeddable":true,"href":"https:\/\/www.moskito.cz\/fr\/wp-json\/wp\/v2\/product_brand?post=220391"},{"taxonomy":"product_cat","embeddable":true,"href":"https:\/\/www.moskito.cz\/fr\/wp-json\/wp\/v2\/product_cat?post=220391"},{"taxonomy":"product_tag","embeddable":true,"href":"https:\/\/www.moskito.cz\/fr\/wp-json\/wp\/v2\/product_tag?post=220391"}],"curies":[{"name":"wp","href":"https:\/\/api.w.org\/{rel}","templated":true}]}}