{"id":221500,"date":"2022-08-19T22:03:22","date_gmt":"2022-08-19T21:03:22","guid":{"rendered":"https:\/\/www.moskito.cz\/?post_type=product&#038;p=221500"},"modified":"2025-06-07T11:30:57","modified_gmt":"2025-06-07T10:30:57","slug":"zaviraci-nuz-crkt-m16-02db","status":"publish","type":"product","link":"https:\/\/www.moskito.cz\/fr\/produkt\/zaviraci-nuz-crkt-m16-02db\/","title":{"rendered":"Zav\u00edrac\u00ed N\u016f\u017e CRKT M16-02DB"},"content":{"rendered":"<p><strong>Zav\u00edrac\u00ed N\u016f\u017e CRKT M16-02DB<\/strong> je modern\u00ed verze legend\u00e1rn\u00edho no\u017ee, kter\u00fd byl navr\u017een Kit Carsonem, uzn\u00e1van\u00fdm no\u017e\u00ed\u0159em. Tento n\u016f\u017e p\u0159in\u00e1\u0161\u00ed nejen nad\u010dasov\u00fd design, ale tak\u00e9 n\u011bkolik technologick\u00fdch inovac\u00ed, kter\u00e9 posouvaj\u00ed jeho v\u00fdkon na novou \u00farove\u0148. M16-02DB kombinuje silnou konstrukci, vynikaj\u00edc\u00ed funk\u010dnost a modern\u00ed technologie pro rychl\u00e9, bezpe\u010dn\u00e9 a hladk\u00e9 pou\u017eit\u00ed.<\/p>\n<h3><strong>Hlavn\u00ed vlastnosti:<\/strong><\/h3>\n<ol>\n<li><strong>Z\u00e1mek Deadbolt\u00ae<\/strong>:\n<ul>\n<li>Tento inovativn\u00ed z\u00e1mek poskytuje extr\u00e9mn\u00ed pevnost a stabilitu. Deadbolt\u00ae je snadno ovladateln\u00fd a poskytuje vynikaj\u00edc\u00ed uzam\u010den\u00ed \u010depele, co\u017e d\u00e1v\u00e1 u\u017eivatel\u016fm d\u016fv\u011bru p\u0159i pou\u017e\u00edv\u00e1n\u00ed no\u017ee v n\u00e1ro\u010dn\u00fdch podm\u00ednk\u00e1ch.<\/li>\n<\/ul>\n<\/li>\n<li><strong>Asistovan\u00e9 otev\u00edr\u00e1n\u00ed<\/strong>:\n<ul>\n<li>Flipper na rukojeti umo\u017e\u0148uje rychl\u00e9 otev\u0159en\u00ed \u010depele jednou rukou. Mechanismus asistovan\u00e9ho otev\u00edr\u00e1n\u00ed zaji\u0161\u0165uje plynul\u00e9 a snadn\u00e9 rozvinut\u00ed \u010depele, co\u017e zrychluje reak\u010dn\u00ed \u010das p\u0159i pou\u017e\u00edv\u00e1n\u00ed no\u017ee.<\/li>\n<\/ul>\n<\/li>\n<li><strong>IKBS\u2122 Syst\u00e9m kuli\u010dkov\u00fdch lo\u017eisek<\/strong>:\n<ul>\n<li>Tento syst\u00e9m kuli\u010dkov\u00fdch lo\u017eisek zaji\u0161\u0165uje, \u017ee otev\u00edr\u00e1n\u00ed no\u017ee je neuv\u011b\u0159iteln\u011b hladk\u00e9 a plynul\u00e9. Otev\u00edr\u00e1n\u00ed je rychl\u00e9 a bez odporu, co\u017e je z\u00e1sadn\u00ed pro ka\u017edodenn\u00ed pou\u017eit\u00ed nebo v kritick\u00fdch situac\u00edch.<\/li>\n<\/ul>\n<\/li>\n<li><strong>Vysoce kvalitn\u00ed ocel D2<\/strong>:\n<ul>\n<li>\u010cepel z oceli D2 je zn\u00e1m\u00e1 svou vynikaj\u00edc\u00ed schopnost\u00ed udr\u017eet ost\u0159\u00ed. Tato ocel je odoln\u00e1 v\u016f\u010di opot\u0159eben\u00ed a poskytuje dlouhotrvaj\u00edc\u00ed ostrost i p\u0159i t\u011b\u017ek\u00e9m pou\u017e\u00edv\u00e1n\u00ed. Povrchov\u00e1 \u00faprava Stonewash pak zvy\u0161uje odolnost proti korozi a z\u00e1rove\u0148 maskuje zn\u00e1mky pou\u017e\u00edv\u00e1n\u00ed.<\/li>\n<\/ul>\n<\/li>\n<li><strong>Lehk\u00e1 a pevn\u00e1 rukoje\u0165<\/strong>:\n<ul>\n<li>Hlin\u00edkov\u00e1 rukoje\u0165 kombinuje pevnost a n\u00edzkou hmotnost, co\u017e d\u00e1v\u00e1 no\u017ei skv\u00e9l\u00e9 vyv\u00e1\u017een\u00ed. D\u00edky n\u00edzk\u00e9 hmotnosti je n\u016f\u017e pohodln\u00fd pro dlouhodob\u00e9 no\u0161en\u00ed i pou\u017e\u00edv\u00e1n\u00ed.<\/li>\n<\/ul>\n<\/li>\n<li><strong>N\u00edzk\u00fd profil s kapesn\u00ed sponou<\/strong>:\n<ul>\n<li>N\u016f\u017e je vybaven kapesn\u00ed sponou, kter\u00e1 umo\u017e\u0148uje bezpe\u010dn\u00e9 no\u0161en\u00ed v kapse. D\u00edky n\u00edzk\u00e9mu profilu je n\u016f\u017e diskr\u00e9tn\u00ed a pohodln\u00fd na no\u0161en\u00ed po cel\u00fd den.<\/li>\n<\/ul>\n<\/li>\n<\/ol>\n<h3><strong>Specifikace:<\/strong><\/h3>\n<ul>\n<li><strong>D\u00e9lka \u010depele<\/strong>: 3,12&Prime; (79,15 mm)<\/li>\n<li><strong>Ost\u0159\u00ed \u010depele<\/strong>: Prost\u00fd<\/li>\n<li><strong>\u010cepel ocel<\/strong>: D2<\/li>\n<li><strong>Povrchov\u00e1 \u00faprava \u010depele<\/strong>: Stonewash<\/li>\n<li><strong>Tlou\u0161\u0165ka \u010depele<\/strong>: 0,12&Prime; (2,95 mm)<\/li>\n<li><strong>Celkov\u00e1 d\u00e9lka<\/strong>: 7,38&Prime; (187,33 mm)<\/li>\n<li><strong>Uzav\u0159en\u00e1 d\u00e9lka<\/strong>: 4,28&Prime; (108,59 mm)<\/li>\n<li><strong>Hmotnost<\/strong>: 4,00 oz (113,40 g)<\/li>\n<li><strong>Rukoje\u0165<\/strong>: Hlin\u00edk<\/li>\n<li><strong>Styl<\/strong>: Skl\u00e1dac\u00ed n\u016f\u017e se z\u00e1mkem Deadbolt\u00ae<\/li>\n<\/ul>\n<p><strong>CRKT M16-02DB<\/strong> je vylep\u0161en\u00e1 verze legend\u00e1rn\u00edho designu, kter\u00e1 v sob\u011b spojuje pokro\u010dil\u00e9 technologie, odolnost a u\u017eivatelsk\u00fd komfort. Tento n\u016f\u017e je ide\u00e1ln\u00ed pro ka\u017edodenn\u00ed pou\u017eit\u00ed i pro n\u00e1ro\u010dn\u011bj\u0161\u00ed podm\u00ednky, kde je rychl\u00e9, spolehliv\u00e9 a bezpe\u010dn\u00e9 pou\u017eit\u00ed kl\u00ed\u010dov\u00e9.<\/p>\n<p><iframe title=\"CRKT ASSISTED OPENING | How It Works\" width=\"800\" height=\"450\" src=\"https:\/\/www.youtube.com\/embed\/QUSQFRDMrEI?feature=oembed\" frameborder=\"0\" allow=\"accelerometer; autoplay; clipboard-write; encrypted-media; gyroscope; picture-in-picture; web-share\" referrerpolicy=\"strict-origin-when-cross-origin\" allowfullscreen><\/iframe><\/p>\n<p>&nbsp;<\/p>\n","protected":false},"excerpt":{"rendered":"<p><strong>CRKT M16-02DB je vylep\u0161en\u00e1 verze legend\u00e1rn\u00edho designu, kter\u00e1 v sob\u011b spojuje pokro\u010dil\u00e9 technologie, odolnost a u\u017eivatelsk\u00fd komfort. Tento n\u016f\u017e je ide\u00e1ln\u00ed pro ka\u017edodenn\u00ed pou\u017eit\u00ed i pro n\u00e1ro\u010dn\u011bj\u0161\u00ed podm\u00ednky, kde je rychl\u00e9, spolehliv\u00e9 a bezpe\u010dn\u00e9 pou\u017eit\u00ed kl\u00ed\u010dov\u00e9.<\/strong><\/p>\n<p><strong>Doprava zdarma.<\/strong><\/p>\n","protected":false},"featured_media":221501,"comment_status":"open","ping_status":"closed","template":"","meta":[],"pwb-brand":[209],"product_brand":[],"product_cat":[22,17],"product_tag":[3667],"class_list":{"0":"post-221500","1":"product","2":"type-product","3":"status-publish","4":"has-post-thumbnail","6":"pwb-brand-crkt","7":"product_cat-zaviraci-noze","8":"product_cat-noze","9":"product_tag-b2b","11":"first","12":"instock","13":"sale","14":"taxable","15":"shipping-taxable","16":"purchasable","17":"product-type-simple"},"brands":[{"id":209,"name":"CRKT","slug":"crkt"}],"_links":{"self":[{"href":"https:\/\/www.moskito.cz\/fr\/wp-json\/wp\/v2\/product\/221500","targetHints":{"allow":["GET"]}}],"collection":[{"href":"https:\/\/www.moskito.cz\/fr\/wp-json\/wp\/v2\/product"}],"about":[{"href":"https:\/\/www.moskito.cz\/fr\/wp-json\/wp\/v2\/types\/product"}],"replies":[{"embeddable":true,"href":"https:\/\/www.moskito.cz\/fr\/wp-json\/wp\/v2\/comments?post=221500"}],"wp:featuredmedia":[{"embeddable":true,"href":"https:\/\/www.moskito.cz\/fr\/wp-json\/wp\/v2\/media\/221501"}],"wp:attachment":[{"href":"https:\/\/www.moskito.cz\/fr\/wp-json\/wp\/v2\/media?parent=221500"}],"wp:term":[{"taxonomy":"pwb-brand","embeddable":true,"href":"https:\/\/www.moskito.cz\/fr\/wp-json\/wp\/v2\/pwb-brand?post=221500"},{"taxonomy":"product_brand","embeddable":true,"href":"https:\/\/www.moskito.cz\/fr\/wp-json\/wp\/v2\/product_brand?post=221500"},{"taxonomy":"product_cat","embeddable":true,"href":"https:\/\/www.moskito.cz\/fr\/wp-json\/wp\/v2\/product_cat?post=221500"},{"taxonomy":"product_tag","embeddable":true,"href":"https:\/\/www.moskito.cz\/fr\/wp-json\/wp\/v2\/product_tag?post=221500"}],"curies":[{"name":"wp","href":"https:\/\/api.w.org\/{rel}","templated":true}]}}