{"id":221680,"date":"2022-08-20T13:44:01","date_gmt":"2022-08-20T12:44:01","guid":{"rendered":"https:\/\/www.moskito.cz\/?post_type=product&#038;p=221680"},"modified":"2025-05-07T10:40:19","modified_gmt":"2025-05-07T09:40:19","slug":"zaviraci-nuz-boker-plus-aluma-01bo463","status":"publish","type":"product","link":"https:\/\/www.moskito.cz\/fr\/produkt\/zaviraci-nuz-boker-plus-aluma-01bo463\/","title":{"rendered":"Zav\u00edrac\u00ed N\u016f\u017e  B\u00f6ker Plus Aluma 01BO463"},"content":{"rendered":"<p>Zav\u00edrac\u00ed N\u016f\u017e <strong>B\u00f6ker<\/strong> Plus Aluma 01BO463.<\/p>\n<p>Impozantn\u00ed Boker Plus Aluma je plnohodnotn\u00e1 taktick\u00e1 slo\u017eka navr\u017een\u00e1 Eranem Manasherovem. Syn izraelsk\u00e9ho v\u00fdrobce no\u017e\u016f Boris Manasherov jde ve stop\u00e1ch sv\u00e9ho otce sv\u00fdmi modern\u00edmi n\u00e1vrhy a p\u0159esv\u011bd\u010duje podobnou kombinac\u00ed prakti\u010dnosti a taktick\u00e9 p\u0159ita\u017elivosti.<\/p>\n<p>Kapesn\u00ed n\u016f\u017e je vybaven stonewash \u010depel\u00ed s kuli\u010dkov\u00fdm lo\u017eiskem z D2, kter\u00e1 m\u00e1 propracovan\u00fd brusn\u00fd vzor a lze ji snadno otev\u0159\u00edt pomoc\u00ed flipperu. O aretaci se star\u00e1 stabiln\u00ed liner lock, bezpe\u010dnost pr\u00e1ce zvy\u0161uj\u00ed i \u200b\u200bzvln\u011bn\u00ed v oblasti op\u011brky palce. \u0160ed\u00e9 t\u011blo rukojeti z trojrozm\u011brn\u011b fr\u00e9zovan\u00e9ho hlin\u00edku je vybaveno ergonomick\u00fdmi prohlubn\u011bmi pro prsty a vlo\u017ekou z u\u0161lechtil\u00e9ho d\u0159eva. S ozdobn\u00fdmi \u0161rouby, otvorem pro \u0161\u0148\u016frku a vyfr\u00e9zovanou sponou (tip-up\/r).<\/p>\n<p>Celkov\u00e1 d\u00e9lka: 22 cm<br \/>\nD\u00e9lka \u010depele: 9,10 cm<br \/>\nTlou\u0161\u0165ka \u010depele: 3,60 mm<br \/>\nHmotnost: 123 g<br \/>\nMateri\u00e1l \u010depele: D2<br \/>\nMateri\u00e1l rukojeti: Slitina<br \/>\nPojistka: Framelock<br \/>\nDesign\u00e9r: Eran Manasherov<\/p>\n","protected":false},"excerpt":{"rendered":"<p>Impozantn\u00ed <strong>Boker Plus<\/strong> Aluma je plnohodnotn\u00e1 taktick\u00e1 slo\u017eka navr\u017een\u00e1 Eranem Manasherovem.<\/p>\n","protected":false},"featured_media":221681,"comment_status":"open","ping_status":"closed","template":"","meta":[],"pwb-brand":[140],"product_brand":[],"product_cat":[22,17],"product_tag":[],"class_list":{"0":"post-221680","1":"product","2":"type-product","3":"status-publish","4":"has-post-thumbnail","6":"pwb-brand-boker","7":"product_cat-zaviraci-noze","8":"product_cat-noze","10":"first","11":"instock","12":"taxable","13":"shipping-taxable","14":"purchasable","15":"product-type-simple"},"brands":[{"id":140,"name":"Boker","slug":"boker"}],"_links":{"self":[{"href":"https:\/\/www.moskito.cz\/fr\/wp-json\/wp\/v2\/product\/221680","targetHints":{"allow":["GET"]}}],"collection":[{"href":"https:\/\/www.moskito.cz\/fr\/wp-json\/wp\/v2\/product"}],"about":[{"href":"https:\/\/www.moskito.cz\/fr\/wp-json\/wp\/v2\/types\/product"}],"replies":[{"embeddable":true,"href":"https:\/\/www.moskito.cz\/fr\/wp-json\/wp\/v2\/comments?post=221680"}],"wp:featuredmedia":[{"embeddable":true,"href":"https:\/\/www.moskito.cz\/fr\/wp-json\/wp\/v2\/media\/221681"}],"wp:attachment":[{"href":"https:\/\/www.moskito.cz\/fr\/wp-json\/wp\/v2\/media?parent=221680"}],"wp:term":[{"taxonomy":"pwb-brand","embeddable":true,"href":"https:\/\/www.moskito.cz\/fr\/wp-json\/wp\/v2\/pwb-brand?post=221680"},{"taxonomy":"product_brand","embeddable":true,"href":"https:\/\/www.moskito.cz\/fr\/wp-json\/wp\/v2\/product_brand?post=221680"},{"taxonomy":"product_cat","embeddable":true,"href":"https:\/\/www.moskito.cz\/fr\/wp-json\/wp\/v2\/product_cat?post=221680"},{"taxonomy":"product_tag","embeddable":true,"href":"https:\/\/www.moskito.cz\/fr\/wp-json\/wp\/v2\/product_tag?post=221680"}],"curies":[{"name":"wp","href":"https:\/\/api.w.org\/{rel}","templated":true}]}}