{"id":221704,"date":"2022-08-20T14:15:00","date_gmt":"2022-08-20T13:15:00","guid":{"rendered":"https:\/\/www.moskito.cz\/?post_type=product&#038;p=221704"},"modified":"2025-05-07T10:40:20","modified_gmt":"2025-05-07T09:40:20","slug":"zaviraci-nuz-magnum-ebony-rangebuster-damast-01ry140dam","status":"publish","type":"product","link":"https:\/\/www.moskito.cz\/fr\/produkt\/zaviraci-nuz-magnum-ebony-rangebuster-damast-01ry140dam\/","title":{"rendered":"Zav\u00edrac\u00ed N\u016f\u017e Magnum Ebony Rangebuster Damast 01RY140DAM"},"content":{"rendered":"<p>Zav\u00edrac\u00ed N\u016f\u017e <strong>Magnum<\/strong> Ebony Rangebuster Damast 01RY140DAM.<\/p>\n<p>Rangebuster je jedn\u00edm z klasick\u00fdch tvar\u016f no\u017e\u016f, kter\u00e9 si z\u00edskaly mezin\u00e1rodn\u00ed v\u011bhlas ze Solingenu a kter\u00e9 si cen\u00ed bezpo\u010det pracovn\u00edk\u016f po cel\u00e9m sv\u011bt\u011b. Americk\u00fdm farm\u00e1\u0159\u016fm je zn\u00e1m\u00fd jako Sodbuster, horn\u00edk\u016fm v severn\u00ed Francii jako Mineur a d\u011bln\u00edk\u016fm v Solingenu jako Hippekniep. Abychom ctili tento tradi\u010dn\u00ed n\u016f\u017e s posuvn\u00fdm kloubem, vybavili jsme Ebony Rangebuster Dama\u0161ek extra jemnou tmavou ebenovou rukojet\u00ed a 73vrstvou dama\u0161kovou \u010depel\u00ed.<\/p>\n<p>Materi\u00e1l \u010depele: Dama\u0161ek<br \/>\nMateri\u00e1l rukojeti: Eben<br \/>\nPojistka: Slipjoint<br \/>\nD\u00e9lka \u010depele: 6.7 cm<br \/>\nCelkov\u00e1 d\u00e9lka: 16.6 cm<br \/>\nD\u00e9lka rukojeti: 9.9 cm<br \/>\nTlou\u0161\u0165ka \u010depele: 1.8 mm<br \/>\nHmotnost: 57 g<br \/>\nVyu\u017eit\u00ed: EDC &#8211; ka\u017edodenn\u00ed no\u0161en\u00ed<\/p>\n<p>&nbsp;<\/p>\n","protected":false},"excerpt":{"rendered":"<p><strong>Rangebuster je jedn\u00edm z klasick\u00fdch tvar\u016f no\u017e\u016f, kter\u00e9 si z\u00edskaly mezin\u00e1rodn\u00ed v\u011bhlas.<\/strong><\/p>\n","protected":false},"featured_media":221708,"comment_status":"open","ping_status":"closed","template":"","meta":[],"pwb-brand":[140],"product_brand":[],"product_cat":[25,17],"product_tag":[3667],"class_list":{"0":"post-221704","1":"product","2":"type-product","3":"status-publish","4":"has-post-thumbnail","6":"pwb-brand-boker","7":"product_cat-damascenske-noze","8":"product_cat-noze","9":"product_tag-b2b","11":"first","12":"instock","13":"taxable","14":"shipping-taxable","15":"purchasable","16":"product-type-simple"},"brands":[{"id":140,"name":"Boker","slug":"boker"}],"_links":{"self":[{"href":"https:\/\/www.moskito.cz\/fr\/wp-json\/wp\/v2\/product\/221704","targetHints":{"allow":["GET"]}}],"collection":[{"href":"https:\/\/www.moskito.cz\/fr\/wp-json\/wp\/v2\/product"}],"about":[{"href":"https:\/\/www.moskito.cz\/fr\/wp-json\/wp\/v2\/types\/product"}],"replies":[{"embeddable":true,"href":"https:\/\/www.moskito.cz\/fr\/wp-json\/wp\/v2\/comments?post=221704"}],"wp:featuredmedia":[{"embeddable":true,"href":"https:\/\/www.moskito.cz\/fr\/wp-json\/wp\/v2\/media\/221708"}],"wp:attachment":[{"href":"https:\/\/www.moskito.cz\/fr\/wp-json\/wp\/v2\/media?parent=221704"}],"wp:term":[{"taxonomy":"pwb-brand","embeddable":true,"href":"https:\/\/www.moskito.cz\/fr\/wp-json\/wp\/v2\/pwb-brand?post=221704"},{"taxonomy":"product_brand","embeddable":true,"href":"https:\/\/www.moskito.cz\/fr\/wp-json\/wp\/v2\/product_brand?post=221704"},{"taxonomy":"product_cat","embeddable":true,"href":"https:\/\/www.moskito.cz\/fr\/wp-json\/wp\/v2\/product_cat?post=221704"},{"taxonomy":"product_tag","embeddable":true,"href":"https:\/\/www.moskito.cz\/fr\/wp-json\/wp\/v2\/product_tag?post=221704"}],"curies":[{"name":"wp","href":"https:\/\/api.w.org\/{rel}","templated":true}]}}