{"id":224765,"date":"2022-09-16T21:51:49","date_gmt":"2022-09-16T20:51:49","guid":{"rendered":"https:\/\/www.moskito.cz\/?post_type=product&#038;p=224765"},"modified":"2025-06-30T08:12:46","modified_gmt":"2025-06-30T07:12:46","slug":"pevny-nuz-crkt-shrill-2075","status":"publish","type":"product","link":"https:\/\/www.moskito.cz\/fr\/produkt\/pevny-nuz-crkt-shrill-2075\/","title":{"rendered":"Pevn\u00fd N\u016f\u017e CRKT SHRILL 2075"},"content":{"rendered":"<div class=\"flex-1 overflow-hidden @container\/thread\">\n<div class=\"h-full\">\n<div class=\"react-scroll-to-bottom--css-vxybp-79elbk h-full\">\n<div class=\"react-scroll-to-bottom--css-vxybp-1n7m0yu\">\n<div class=\"flex flex-col text-sm md:pb-9\">\n<article class=\"w-full scroll-mb-[var(--thread-trailing-height,150px)] text-token-text-primary focus-visible:outline-2 focus-visible:outline-offset-[-4px]\" dir=\"auto\" data-testid=\"conversation-turn-135\" data-scroll-anchor=\"true\">\n<div class=\"m-auto text-base py-[18px] px-3 md:px-4 w-full md:px-5 lg:px-4 xl:px-5\">\n<div class=\"mx-auto flex flex-1 gap-4 text-base md:gap-5 lg:gap-6 md:max-w-3xl\">\n<div class=\"group\/conversation-turn relative flex w-full min-w-0 flex-col agent-turn\">\n<div class=\"flex-col gap-1 md:gap-3\">\n<div class=\"flex max-w-full flex-col flex-grow\">\n<div class=\"min-h-8 text-message flex w-full flex-col items-end gap-2 whitespace-normal break-words text-start [.text-message+&amp;]:mt-5\" dir=\"auto\" data-message-author-role=\"assistant\" data-message-id=\"3b3568a6-6b8e-4eb3-b14b-eb1de6eb2aec\" data-message-model-slug=\"gpt-4o-mini\">\n<div class=\"flex w-full flex-col gap-1 empty:hidden first:pt-[3px]\">\n<div class=\"markdown prose w-full break-words dark:prose-invert light\">\n<p><strong>Pevn\u00fd N\u016f\u017e CRKT SHRILL 2075<\/strong> je <strong>taktick\u00fd n\u016f\u017e<\/strong> navr\u017een\u00fd pro <strong>ochranu<\/strong> a <strong>bezpe\u010dnost<\/strong>, co\u017e z n\u011bj \u010din\u00ed ide\u00e1ln\u00ed volbu pro <strong>vysok\u00e9 n\u00e1roky na spolehlivost<\/strong> a <strong>odolnost<\/strong> v bojov\u00fdch nebo taktick\u00fdch situac\u00edch. Tento <strong>v\u0161estrann\u00fd a robustn\u00ed n\u016f\u017e<\/strong> je navr\u017een pro <strong>efektivitu<\/strong> a <strong>v\u00fddr\u017e<\/strong>, co\u017e z n\u011bj \u010din\u00ed ide\u00e1ln\u00ed n\u00e1stroj pro pou\u017eit\u00ed v nejn\u00e1ro\u010dn\u011bj\u0161\u00edch podm\u00ednk\u00e1ch.<\/p>\n<h3>Kl\u00ed\u010dov\u00e9 vlastnosti:<\/h3>\n<ol>\n<li><strong>Taktick\u00fd design s dvojit\u00fdm ost\u0159\u00edm<\/strong>\n<ul>\n<li><strong>Design s dvojit\u00fdm ost\u0159\u00edm<\/strong> je ide\u00e1ln\u00ed pro <strong>prora\u017een\u00ed<\/strong> a <strong>\u0159ez\u00e1n\u00ed<\/strong> v krizov\u00fdch situac\u00edch, kdy je t\u0159eba efektivn\u011b p\u0159ekonat p\u0159ek\u00e1\u017eky nebo nebezpe\u010dn\u00e9 materi\u00e1ly.<\/li>\n<li><strong>Klasick\u00fd tvar \u010depele<\/strong> zaji\u0161\u0165uje <strong>v\u0161estrannost<\/strong> pro \u0161irokou \u0161k\u00e1lu \u00fakol\u016f, od <strong>\u0159ez\u00e1n\u00ed<\/strong> po <strong>bojovou<\/strong> \u010di <strong>sebeobrannou<\/strong> funkci.<\/li>\n<\/ul>\n<\/li>\n<li><strong>Vysoce kvalitn\u00ed \u010depel z oceli 8Cr13MoV<\/strong>\n<ul>\n<li><strong>Ocel 8Cr13MoV<\/strong> je <strong>nerezov\u00e1 ocel<\/strong> zn\u00e1m\u00e1 pro svou <strong>dobrou odolnost proti opot\u0159eben\u00ed<\/strong>, <strong>dr\u017een\u00ed ostrosti<\/strong> a <strong>odolnost proti korozi<\/strong>, co\u017e zaji\u0161\u0165uje dlouhou \u017eivotnost \u010depele.<\/li>\n<li><strong>Povrchov\u00e1 \u00faprava nitrid titanu<\/strong> zaji\u0161\u0165uje <strong>vysokou odolnost<\/strong> proti korozi a z\u00e1rove\u0148 <strong>zv\u00fdraz\u0148uje estetiku<\/strong> \u010depele.<\/li>\n<\/ul>\n<\/li>\n<li><strong>Ergonomick\u00e1 rukoje\u0165 z nerezov\u00e9 oceli a vl\u00e1kna napu\u0161t\u011bn\u00e9ho prysky\u0159ic\u00ed<\/strong>\n<ul>\n<li><strong>Rukoje\u0165<\/strong> kombinuje <strong>s\u00edlu<\/strong> nerezov\u00e9 oceli s vizu\u00e1ln\u011b atraktivn\u00edmi <strong>vl\u00e1kny napu\u0161t\u011bn\u00fdmi prysky\u0159ic\u00ed<\/strong>, co\u017e zaji\u0161\u0165uje <strong>siln\u00fd grip<\/strong> a odolnost p\u0159i pou\u017eit\u00ed v n\u00e1ro\u010dn\u00fdch podm\u00ednk\u00e1ch.<\/li>\n<li>Tento materi\u00e1l poskytuje nejen <strong>komfortn\u00ed uchopen\u00ed<\/strong>, ale tak\u00e9 zaru\u010duje <strong>vysokou trvanlivost<\/strong> a <strong>odolnost v\u016f\u010di n\u00e1raz\u016fm<\/strong>.<\/li>\n<\/ul>\n<\/li>\n<li><strong>Celozrnn\u00e9 ko\u017een\u00e9 pouzdro s klipem<\/strong>\n<ul>\n<li>N\u016f\u017e je dod\u00e1v\u00e1n s <strong>odborn\u011b vyroben\u00fdm celozrnn\u00fdm ko\u017een\u00fdm pouzdrem<\/strong>, kter\u00e9 je nejen <strong>odoln\u00e9<\/strong> a <strong>trvanliv\u00e9<\/strong>, ale tak\u00e9 <strong>stylov\u00e9<\/strong>.<\/li>\n<li><strong>Klip<\/strong> na pouzdru umo\u017e\u0148uje snadn\u00e9 <strong>p\u0159ipevn\u011bn\u00ed<\/strong> no\u017ee k opasku, batohu nebo jin\u00e9mu vybaven\u00ed, co\u017e zaru\u010duje <strong>rychl\u00fd p\u0159\u00edstup<\/strong> k no\u017ei kdykoli je pot\u0159eba.<\/li>\n<\/ul>\n<\/li>\n<li><strong>Lehk\u00e1 konstrukce<\/strong>\n<ul>\n<li><strong>Hmotnost<\/strong> no\u017ee je pouze <strong>4,30 oz (121,90 g)<\/strong>, co\u017e z n\u011bj \u010din\u00ed <strong>lehce p\u0159enosn\u00fd n\u00e1stroj<\/strong>, ide\u00e1ln\u00ed pro no\u0161en\u00ed v ter\u00e9nu nebo na ka\u017edodenn\u00ed no\u0161en\u00ed.<\/li>\n<\/ul>\n<\/li>\n<\/ol>\n<h3>Specifikace:<\/h3>\n<ul>\n<li><strong>D\u00e9lka \u010depele<\/strong>: 4,77&Prime; (121,13 mm)<\/li>\n<li><strong>Ost\u0159\u00ed \u010depele<\/strong>: Prost\u00fd (bez zoubkov\u00e1n\u00ed)<\/li>\n<li><strong>\u010cepel ocel<\/strong>: 8Cr13MoV<\/li>\n<li><strong>Povrchov\u00e1 \u00faprava \u010depele<\/strong>: Nitrid titanu<\/li>\n<li><strong>Tlou\u0161\u0165ka \u010depele<\/strong>: 0,15&Prime; (3,86 mm)<\/li>\n<li><strong>Celkov\u00e1 d\u00e9lka<\/strong>: 8,69&Prime; (220,68 mm)<\/li>\n<li><strong>Hmotnost no\u017ee<\/strong>: 4,30 oz (121,90 g)<\/li>\n<li><strong>Rukoje\u0165<\/strong>: Nerezov\u00e1 ocel s vl\u00e1knem napu\u0161t\u011bn\u00fdm prysky\u0159ic\u00ed<\/li>\n<li><strong>Styl<\/strong>: N\u016f\u017e s pevnou \u010depel\u00ed s pouzdrem<\/li>\n<li><strong>Materi\u00e1l pl\u00e1\u0161t\u011b<\/strong>: K\u016f\u017ee<\/li>\n<li><strong>Hmotnost pl\u00e1\u0161t\u011b<\/strong>: 2,20 oz (62,37 g)<\/li>\n<\/ul>\n<h3>Mo\u017enosti pou\u017eit\u00ed:<\/h3>\n<ul>\n<li><strong>Taktick\u00e9 a bojov\u00e9 situace<\/strong>: D\u00edky <strong>dvojit\u00e9mu ost\u0159\u00ed<\/strong> a <strong>pevn\u00e9 konstrukci<\/strong> je <strong>CRKT Shrill\u2122<\/strong> skv\u011bl\u00fdm <strong>n\u00e1strojem pro sebeobranu<\/strong>, <strong>bojov\u00e9<\/strong> i <strong>p\u0159e\u017eit\u00ed<\/strong> v krizov\u00fdch podm\u00ednk\u00e1ch.<\/li>\n<li><strong>Outdoorov\u00e9 aktivity<\/strong>: Tento <strong>taktick\u00fd n\u016f\u017e<\/strong> je tak\u00e9 vhodn\u00fd pro <strong>kempov\u00e1n\u00ed<\/strong>, <strong>turistiku<\/strong> nebo <strong>outdoorov\u00e9 p\u0159e\u017eit\u00ed<\/strong>, kde je t\u0159eba n\u00e1stroj, kter\u00fd se rychle p\u0159izp\u016fsob\u00ed r\u016fzn\u00fdm situac\u00edm.<\/li>\n<li><strong>Ka\u017edodenn\u00ed no\u0161en\u00ed a pou\u017eit\u00ed<\/strong>: D\u00edky <strong>lehkosti<\/strong>, <strong>kompaktn\u00edm rozm\u011br\u016fm<\/strong> a <strong>odoln\u00e9mu pouzdru<\/strong> je n\u016f\u017e ide\u00e1ln\u00ed pro <strong>ka\u017edodenn\u00ed no\u0161en\u00ed<\/strong> (EDC) a m\u016f\u017ee b\u00fdt skv\u011bl\u00fdm dopl\u0148kem pro ka\u017ed\u00e9ho, kdo hled\u00e1 spolehliv\u00fd n\u016f\u017e na ka\u017edodenn\u00ed \u00fakoly.<\/li>\n<\/ul>\n<h3>Shrnut\u00ed:<\/h3>\n<p><strong>CRKT Shrill\u2122 2075<\/strong> je <strong>robustn\u00ed a univerz\u00e1ln\u00ed taktick\u00fd n\u016f\u017e<\/strong>, kter\u00fd poskytuje <strong>silnou ochranu<\/strong> a <strong>spolehlivost<\/strong> v nejn\u00e1ro\u010dn\u011bj\u0161\u00edch situac\u00edch. Je ide\u00e1ln\u00ed pro <strong>bojov\u00e9 a taktick\u00fd sc\u00e9n\u00e1\u0159e<\/strong>, ale tak\u00e9 pro <strong>outdoorov\u00e9 aktivity<\/strong> a <strong>ka\u017edodenn\u00ed no\u0161en\u00ed<\/strong>. S <strong>kvalitn\u00ed \u010depel\u00ed<\/strong> z oceli 8Cr13MoV, <strong>ergonomickou rukojet\u00ed<\/strong> a <strong>stylov\u00fdm ko\u017een\u00fdm pouzdrem<\/strong> je <strong>Shrill\u2122<\/strong> n\u00e1strojem, ker\u00fd je p\u0159ipraven chr\u00e1nit a slou\u017eit v jak\u00e9koli situaci.<\/p>\n<\/div>\n<\/div>\n<\/div>\n<\/div>\n<div class=\"mb-2 flex gap-3 empty:hidden -ml-2\">\n<div class=\"items-center justify-start rounded-xl p-1 flex\">\n<div class=\"flex items-center\"><\/div>\n<\/div>\n<\/div>\n<\/div>\n<\/div>\n<\/div>\n<\/div>\n<\/article>\n<\/div>\n<\/div>\n<\/div>\n<\/div>\n<\/div>\n<div class=\"md:pt-0 dark:border-white\/20 md:border-transparent md:dark:border-transparent w-full\">\n<div>\n<div class=\"m-auto text-base px-3 md:px-4 w-full md:px-5 lg:px-4 xl:px-5\">\n<div class=\"mx-auto flex flex-1 gap-4 text-base md:gap-5 lg:gap-6 md:max-w-3xl\">\n<div class=\"flex justify-center\"><\/div>\n<\/div>\n<\/div>\n<\/div>\n<\/div>\n","protected":false},"excerpt":{"rendered":"<div class=\"flex max-w-full flex-col flex-grow\">\n<div class=\"min-h-8 text-message flex w-full flex-col items-end gap-2 whitespace-normal break-words text-start [.text-message+&amp;]:mt-5\" dir=\"auto\" data-message-author-role=\"assistant\" data-message-id=\"3b3568a6-6b8e-4eb3-b14b-eb1de6eb2aec\" data-message-model-slug=\"gpt-4o-mini\">\n<div class=\"flex w-full flex-col gap-1 empty:hidden first:pt-[3px]\">\n<div class=\"markdown prose w-full break-words dark:prose-invert light\">\n<p><strong>CRKT Shrill\u2122 2075 je robustn\u00ed a univerz\u00e1ln\u00ed taktick\u00fd n\u016f\u017e, kter\u00fd poskytuje silnou ochranu a spolehlivost v nejn\u00e1ro\u010dn\u011bj\u0161\u00edch situac\u00edch. Je ide\u00e1ln\u00ed pro bojov\u00e9 a taktick\u00fd sc\u00e9n\u00e1\u0159e, ale tak\u00e9 pro outdoorov\u00e9 aktivity a ka\u017edodenn\u00ed no\u0161en\u00ed. S kvalitn\u00ed \u010depel\u00ed z oceli 8Cr13MoV, ergonomickou rukojet\u00ed a stylov\u00fdm ko\u017een\u00fdm pouzdrem je Shrill\u2122 n\u00e1strojem, ker\u00fd je p\u0159ipraven chr\u00e1nit a slou\u017eit v jak\u00e9koli situaci.<\/strong><\/p>\n<\/div>\n<\/div>\n<\/div>\n<\/div>\n<div class=\"mb-2 flex gap-3 empty:hidden -ml-2\">\n<div class=\"items-center justify-start rounded-xl p-1 flex\">\n<div class=\"flex items-center\"><\/div>\n<\/div>\n<\/div>\n","protected":false},"featured_media":224766,"comment_status":"open","ping_status":"closed","template":"","meta":[],"pwb-brand":[209],"product_brand":[],"product_cat":[23,17],"product_tag":[3667],"class_list":{"0":"post-224765","1":"product","2":"type-product","3":"status-publish","4":"has-post-thumbnail","6":"pwb-brand-crkt","7":"product_cat-pevne-noze","8":"product_cat-noze","9":"product_tag-b2b","11":"first","12":"instock","13":"sale","14":"taxable","15":"shipping-taxable","16":"purchasable","17":"product-type-simple"},"brands":[{"id":209,"name":"CRKT","slug":"crkt"}],"_links":{"self":[{"href":"https:\/\/www.moskito.cz\/fr\/wp-json\/wp\/v2\/product\/224765","targetHints":{"allow":["GET"]}}],"collection":[{"href":"https:\/\/www.moskito.cz\/fr\/wp-json\/wp\/v2\/product"}],"about":[{"href":"https:\/\/www.moskito.cz\/fr\/wp-json\/wp\/v2\/types\/product"}],"replies":[{"embeddable":true,"href":"https:\/\/www.moskito.cz\/fr\/wp-json\/wp\/v2\/comments?post=224765"}],"wp:featuredmedia":[{"embeddable":true,"href":"https:\/\/www.moskito.cz\/fr\/wp-json\/wp\/v2\/media\/224766"}],"wp:attachment":[{"href":"https:\/\/www.moskito.cz\/fr\/wp-json\/wp\/v2\/media?parent=224765"}],"wp:term":[{"taxonomy":"pwb-brand","embeddable":true,"href":"https:\/\/www.moskito.cz\/fr\/wp-json\/wp\/v2\/pwb-brand?post=224765"},{"taxonomy":"product_brand","embeddable":true,"href":"https:\/\/www.moskito.cz\/fr\/wp-json\/wp\/v2\/product_brand?post=224765"},{"taxonomy":"product_cat","embeddable":true,"href":"https:\/\/www.moskito.cz\/fr\/wp-json\/wp\/v2\/product_cat?post=224765"},{"taxonomy":"product_tag","embeddable":true,"href":"https:\/\/www.moskito.cz\/fr\/wp-json\/wp\/v2\/product_tag?post=224765"}],"curies":[{"name":"wp","href":"https:\/\/api.w.org\/{rel}","templated":true}]}}