{"id":225793,"date":"2022-09-21T20:49:20","date_gmt":"2022-09-21T19:49:20","guid":{"rendered":"https:\/\/www.moskito.cz\/?post_type=product&#038;p=225793"},"modified":"2025-05-07T10:41:04","modified_gmt":"2025-05-07T09:41:04","slug":"vystrelovaci-nuz-kershaw-launch-10-7350","status":"publish","type":"product","link":"https:\/\/www.moskito.cz\/fr\/produkt\/vystrelovaci-nuz-kershaw-launch-10-7350\/","title":{"rendered":"Vyst\u0159elovac\u00ed N\u016f\u017e KERSHAW LAUNCH 10 7350"},"content":{"rendered":"<p>Vyst\u0159elovac\u00ed N\u016f\u017e <strong>KERSHAW<\/strong> LAUNCH 10 7350.<\/p>\n<p>Je z\u0159ejm\u00e9, pro\u010d si Launch 10 vyslou\u017eil p\u0159ezd\u00edvku \u201eThe Claw\u201c zde v centr\u00e1le Kershaw. Vyzna\u010duje se agresivn\u00ed \u010depel\u00ed ve stylu jest\u0159\u00e1b\u00edho zobce s hranat\u00fdmi rovinami jak na h\u0159betu \u010depele, tak na rukojeti. P\u0159esto i p\u0159es ve\u0161kerou tu hranatost se Launch 10 pohodln\u011b nos\u00ed, dr\u017e\u00ed a pou\u017e\u00edv\u00e1. D\u00edky zak\u0159iven\u00e9 \u010depeli je zvl\u00e1\u0161t\u011b praktick\u00fd p\u0159i otev\u00edr\u00e1n\u00ed nebo bour\u00e1n\u00ed krabic nebo p\u0159i \u0159ez\u00e1n\u00ed lana nebo \u0161\u0148\u016fry. \u201eClaw\u201c je vyroben ze stejn\u00fdch vylep\u0161en\u00fdch materi\u00e1l\u016f jako zbytek s\u00e9rie Launch a je skv\u011bl\u00fdm dopl\u0148kem va\u0161\u00ed sb\u00edrky.<\/p>\n<p>Vyrobeno v USA; pod 2 palce \u010depel hawkbill<br \/>\n\u010cepelov\u00e1 ocel CPM 154 z pr\u00e1\u0161kov\u00e9 metalurgie zab\u00edr\u00e1 a dr\u017e\u00ed vynikaj\u00edc\u00ed ost\u0159\u00ed, poskytuje odolnost proti korozi, odolnost proti opot\u0159eben\u00ed, hou\u017eevnatost<br \/>\nLehk\u00e1, pevn\u00e1 rukoje\u0165 z eloxovan\u00e9ho hlin\u00edku, pohodln\u00e9 uchopen\u00ed<br \/>\nN\u00edzkoprofilov\u00e9 tla\u010d\u00edtko zt\u011b\u017euje necht\u011bn\u00e9 rozvinut\u00ed \u010depele<\/p>\n<p>Pou\u017e\u00edvejte ka\u017ed\u00fd den, pr\u00e1ci, taktiku<br \/>\nZadejte Automaticky, Slo\u017eka<br \/>\nStylov\u00fd kapesn\u00ed n\u016f\u017e<br \/>\nDesigner Kershaw Originals<br \/>\nStyl \u010depele Hawkbill<br \/>\nBlade Edge Plain<br \/>\nAutomatick\u00e1 akce otev\u0159en\u00ed<br \/>\nOtev\u0159e se tla\u010d\u00edtkem<br \/>\nTyp z\u00e1mku Tla\u010d\u00edtkov\u00fd z\u00e1mek<br \/>\nKapesn\u00ed spona Oboustrann\u00e9 hlubok\u00e9 no\u0161en\u00ed (prav\u00e1\/lev\u00e1, skl\u00e1p\u011bc\u00ed)<br \/>\nBarva rukojeti \u0161ed\u00e1<br \/>\nVyrobeno v USA Ano<br \/>\nZem\u011b p\u016fvodu USA: Design, Prototyp, Kontrola kvality, V\u00fdroba<br \/>\nZ\u00e1ruka Omezen\u00e1 do\u017eivotn\u00ed z\u00e1ruka<\/p>\n<p>D\u00e9lka \u010depele 1,9 palce (4,8 cm)<br \/>\nMateri\u00e1l \u010depele CPM 154<br \/>\nPovrchov\u00e1 \u00faprava \u010depele\/ potah Povrchov\u00e1 \u00faprava Stonewash<br \/>\nTlou\u0161\u0165ka \u010depele 0,121 palce (3 mm)<br \/>\nD\u00e9lka v zav\u0159en\u00e9m stavu 3,2 palce (8,1 cm)<br \/>\nMateri\u00e1l rukojeti 6061-T6 hlin\u00edk<br \/>\nPovrchov\u00e1 \u00faprava rukojeti\/potah \u0160ed\u00fd elox<br \/>\nTlou\u0161\u0165ka rukojeti 0,47 palce (12 mm)<br \/>\nCelkov\u00e1 d\u00e9lka 5,2 palce (13,2 cm)<br \/>\nHmotnost 1,8 oz. (52 g)<\/p>\n","protected":false},"excerpt":{"rendered":"<p>Zakladatel spole\u010dnosti Kershaw, Pete Kershaw, v\u011bd\u011bl, jak je d\u016fle\u017eit\u00e1 zaru\u010den\u00e1 kvalita. Koncem roku 1974 se rozhodl zalo\u017eit vlastn\u00ed no\u017e\u00ed\u0159skou spole\u010dnost v cement\u00e1rn\u011b v Lake Oswego v Oregonu.<\/p>\n<p>V Japonsku se gener\u00e1ln\u00ed \u0159editel Kai Koji Endo domn\u00edval, \u017ee Kershaw m\u00e1 je\u0161t\u011b v\u011bt\u0161\u00ed potenci\u00e1l k r\u016fstu. V roce 1996 Endo investoval do americk\u00e9ho v\u00fdrobn\u00edho z\u00e1vodu na z\u00e1kladn\u011b Kai USA ve Wilsonville. V\u011b\u0159il, \u017ee to Kershawovi pom\u016f\u017ee dos\u00e1hnout pln\u00e9ho potenci\u00e1lu. A brzy Kai USA najal nov\u00fd produk\u010dn\u00ed t\u00fdm pro tuto pr\u00e1ci.<\/p>\n<p><strong>Doprava zdarma.<\/strong><\/p>\n","protected":false},"featured_media":225795,"comment_status":"open","ping_status":"closed","template":"","meta":[],"pwb-brand":[385],"product_brand":[],"product_cat":[2019,17],"product_tag":[],"class_list":{"0":"post-225793","1":"product","2":"type-product","3":"status-publish","4":"has-post-thumbnail","6":"pwb-brand-kershaw","7":"product_cat-vystrelovaci-noze","8":"product_cat-noze","10":"first","11":"instock","12":"taxable","13":"shipping-taxable","14":"purchasable","15":"product-type-simple"},"brands":[{"id":385,"name":"Kershaw","slug":"kershaw"}],"_links":{"self":[{"href":"https:\/\/www.moskito.cz\/fr\/wp-json\/wp\/v2\/product\/225793","targetHints":{"allow":["GET"]}}],"collection":[{"href":"https:\/\/www.moskito.cz\/fr\/wp-json\/wp\/v2\/product"}],"about":[{"href":"https:\/\/www.moskito.cz\/fr\/wp-json\/wp\/v2\/types\/product"}],"replies":[{"embeddable":true,"href":"https:\/\/www.moskito.cz\/fr\/wp-json\/wp\/v2\/comments?post=225793"}],"wp:featuredmedia":[{"embeddable":true,"href":"https:\/\/www.moskito.cz\/fr\/wp-json\/wp\/v2\/media\/225795"}],"wp:attachment":[{"href":"https:\/\/www.moskito.cz\/fr\/wp-json\/wp\/v2\/media?parent=225793"}],"wp:term":[{"taxonomy":"pwb-brand","embeddable":true,"href":"https:\/\/www.moskito.cz\/fr\/wp-json\/wp\/v2\/pwb-brand?post=225793"},{"taxonomy":"product_brand","embeddable":true,"href":"https:\/\/www.moskito.cz\/fr\/wp-json\/wp\/v2\/product_brand?post=225793"},{"taxonomy":"product_cat","embeddable":true,"href":"https:\/\/www.moskito.cz\/fr\/wp-json\/wp\/v2\/product_cat?post=225793"},{"taxonomy":"product_tag","embeddable":true,"href":"https:\/\/www.moskito.cz\/fr\/wp-json\/wp\/v2\/product_tag?post=225793"}],"curies":[{"name":"wp","href":"https:\/\/api.w.org\/{rel}","templated":true}]}}