{"id":226102,"date":"2022-09-27T20:08:51","date_gmt":"2022-09-27T19:08:51","guid":{"rendered":"https:\/\/www.moskito.cz\/?post_type=product&#038;p=226102"},"modified":"2025-05-07T10:41:06","modified_gmt":"2025-05-07T09:41:06","slug":"pevny-nuz-crkt-kuk-2742","status":"publish","type":"product","link":"https:\/\/www.moskito.cz\/fr\/produkt\/pevny-nuz-crkt-kuk-2742\/","title":{"rendered":"Pevn\u00fd N\u016f\u017e CRKT KUK 2742"},"content":{"rendered":"<p>&nbsp;<\/p>\n<div class=\"flex-1 overflow-hidden @container\/thread\">\n<div class=\"h-full\">\n<div class=\"react-scroll-to-bottom--css-vxybp-79elbk h-full\">\n<div class=\"react-scroll-to-bottom--css-vxybp-1n7m0yu\">\n<div class=\"flex flex-col text-sm md:pb-9\">\n<article class=\"w-full scroll-mb-[var(--thread-trailing-height,150px)] text-token-text-primary focus-visible:outline-2 focus-visible:outline-offset-[-4px]\" dir=\"auto\" data-testid=\"conversation-turn-117\" data-scroll-anchor=\"true\">\n<div class=\"m-auto text-base py-[18px] px-3 md:px-4 w-full md:px-5 lg:px-4 xl:px-5\">\n<div class=\"mx-auto flex flex-1 gap-4 text-base md:gap-5 lg:gap-6 md:max-w-3xl\">\n<div class=\"group\/conversation-turn relative flex w-full min-w-0 flex-col agent-turn\">\n<div class=\"flex-col gap-1 md:gap-3\">\n<div class=\"flex max-w-full flex-col flex-grow\">\n<div class=\"min-h-8 text-message flex w-full flex-col items-end gap-2 whitespace-normal break-words text-start [.text-message+&amp;]:mt-5\" dir=\"auto\" data-message-author-role=\"assistant\" data-message-id=\"708cb810-42f6-462c-ac9a-d70c5f3b9695\" data-message-model-slug=\"gpt-4o-mini\">\n<div class=\"flex w-full flex-col gap-1 empty:hidden first:pt-[3px]\">\n<div class=\"markdown prose w-full break-words dark:prose-invert light\">\n<p><strong>Pevn\u00fd N\u016f\u017e CRKT KUK 2742<\/strong> je <strong>taktick\u00fd n\u016f\u017e<\/strong> inspirovan\u00fd tradi\u010dn\u00ed <strong>nep\u00e1lskou ma\u010detou kukri<\/strong>, navr\u017een\u00fd <strong>Ryanem Johnsonem<\/strong> z RMJ Tactical. Tento n\u016f\u017e je ide\u00e1ln\u00edm n\u00e1strojem pro <strong>outdoorov\u00e9<\/strong> dobrodruhy, kte\u0159\u00ed hledaj\u00ed spolehliv\u00fd a siln\u00fd n\u00e1stroj pro <strong>sek\u00e1n\u00ed<\/strong>, <strong>\u0161t\u00edp\u00e1n\u00ed<\/strong> a <strong>p\u0159e\u017eit\u00ed<\/strong>. KUK\u2122 je modern\u00ed reinterpretac\u00ed starov\u011bk\u00e9ho n\u00e1stroje, kter\u00fd se vyzna\u010duje sv\u00fdm <strong>vyv\u00e1\u017een\u00fdm designem<\/strong>, <strong>vysokou kvalitou materi\u00e1l\u016f<\/strong> a <strong>efektivn\u00edmi funkcemi<\/strong>.<\/p>\n<h3>Kl\u00ed\u010dov\u00e9 vlastnosti a v\u00fdhody:<\/h3>\n<ol>\n<li><strong>Tradi\u010dn\u00ed kukri design<\/strong>\n<ul>\n<li>KUK\u2122 je inspirov\u00e1n <strong>nep\u00e1lsk\u00fdm kukri<\/strong>, co\u017e je vysoce \u00fa\u010dinn\u00fd <strong>n\u00e1stroj pro boj<\/strong> a <strong>p\u0159e\u017eit\u00ed<\/strong>. Zak\u0159iven\u00e1 \u010depel je ide\u00e1ln\u00ed pro <strong>se\u010den\u00ed<\/strong>, <strong>prora\u017een\u00ed<\/strong> a <strong>\u0159e\u017en\u00e9 \u00fakoly<\/strong>. Tento design zaji\u0161\u0165uje v\u00fdborn\u00fd <strong>se\u010dn\u00fd v\u00fdkon<\/strong>, co\u017e je d\u016fvod, pro\u010d je kukri obl\u00edben\u00fd mezi <strong>v\u00e1le\u010dn\u00edky<\/strong> i <strong>outdoorov\u00fdmi nad\u0161enci<\/strong>.<\/li>\n<\/ul>\n<\/li>\n<li><strong>Materi\u00e1ly a konstrukce \u010depele<\/strong>\n<ul>\n<li><strong>\u010cepel z uhl\u00edkov\u00e9 oceli 65Mn<\/strong> poskytuje vynikaj\u00edc\u00ed <strong>tvrdost<\/strong> a <strong>odolnost proti opot\u0159eben\u00ed<\/strong>. Tato ocel je ide\u00e1ln\u00ed pro pr\u00e1ci v n\u00e1ro\u010dn\u00fdch podm\u00ednk\u00e1ch, p\u0159i\u010dem\u017e <strong>povrchov\u00e1 \u00faprava Pudr Coat<\/strong> zaji\u0161\u0165uje ochranu p\u0159ed <strong>koroz\u00ed<\/strong> a <strong>po\u0161kr\u00e1b\u00e1n\u00edm<\/strong>.<\/li>\n<li><strong>Tlou\u0161\u0165ka \u010depele 0,14&Prime; (3,53 mm)<\/strong> je dostate\u010dn\u011b siln\u00e1, aby odolala n\u00e1raz\u016fm a tvrd\u00fdm \u00fakol\u016fm, jako je <strong>se\u010den\u00ed v\u011btv\u00ed<\/strong> nebo <strong>\u0161t\u00edp\u00e1n\u00ed d\u0159eva<\/strong>.<\/li>\n<\/ul>\n<\/li>\n<li><strong>Ergonomick\u00e1 rukoje\u0165 z nylonu vyztu\u017een\u00e9ho sklem<\/strong>\n<ul>\n<li><strong>Rukoje\u0165 z nylonu vyztu\u017een\u00e9ho sklem<\/strong> nab\u00edz\u00ed <strong>skv\u011bl\u00fd \u00fachop<\/strong>, kter\u00fd se neklou\u017ee, i kdy\u017e jsou ruce mokr\u00e9 nebo v rukavic\u00edch. Tento materi\u00e1l je z\u00e1rove\u0148 velmi <strong>odoln\u00fd<\/strong> a poskytuje v\u00fdbornou <strong>kontrolu p\u0159i pr\u00e1ci<\/strong> s no\u017eem.<\/li>\n<li><strong>Vyv\u00e1\u017eenost<\/strong> mezi \u010depel\u00ed a rukojet\u00ed zaji\u0161\u0165uje, \u017ee n\u016f\u017e bude v ruce <strong>stabiln\u00ed<\/strong> a snadno ovladateln\u00fd p\u0159i jak\u00e9mkoli typu \u00fakolu.<\/li>\n<\/ul>\n<\/li>\n<li><strong>Praktick\u00e9 pouzdro a mo\u017enosti no\u0161en\u00ed<\/strong>\n<ul>\n<li>KUK\u2122 p\u0159ich\u00e1z\u00ed s <strong>pl\u00e1\u0161t\u011bm z tkan\u00e9ho nylonu<\/strong>, kter\u00fd poskytuje <strong>ochranu<\/strong> a <strong>snadn\u00e9 no\u0161en\u00ed<\/strong>. Pouzdro umo\u017e\u0148uje <strong>pohodln\u00e9 p\u0159ipevn\u011bn\u00ed<\/strong> k batohu nebo opasku a d\u00edky paracord \u0161\u0148\u016frce m\u00e1te tak\u00e9 mo\u017enost <strong>bezpe\u010dn\u00e9ho zav\u011b\u0161en\u00ed<\/strong> nebo no\u0161en\u00ed no\u017ee na t\u011ble.<\/li>\n<li><strong>Pouzdro je navr\u017eeno pro vysokou mobilitu<\/strong>, co\u017e je ide\u00e1ln\u00ed pro dlouh\u00e9 v\u00fdpravy a n\u00e1ro\u010dn\u00e9 venkovn\u00ed aktivity.<\/li>\n<\/ul>\n<\/li>\n<li><strong>Vyv\u00e1\u017een\u00fd v\u00fdkon<\/strong>\n<ul>\n<li>Celkov\u00e1 d\u00e9lka no\u017ee je <strong>15,88&Prime; (403,23 mm)<\/strong> a d\u00e9lka \u010depele <strong>10,56&Prime; (268,30 mm)<\/strong>. Tento rozm\u011br poskytuje ide\u00e1ln\u00ed <strong>kombinaci man\u00e9vrovatelnosti<\/strong> a <strong>v\u00fdkonu<\/strong>, co\u017e znamen\u00e1, \u017ee KUK\u2122 je skv\u011bl\u00fd pro \u0161irokou \u0161k\u00e1lu <strong>outdoorov\u00fdch<\/strong> \u00fakol\u016f, v\u010detn\u011b <strong>se\u010den\u00ed<\/strong>, <strong>k\u00e1cen\u00ed<\/strong>, <strong>\u0161t\u00edp\u00e1n\u00ed<\/strong> a <strong>p\u0159e\u017eit\u00ed<\/strong>.<\/li>\n<\/ul>\n<\/li>\n<\/ol>\n<h3>Specifikace:<\/h3>\n<ul>\n<li><strong>D\u00e9lka \u010depele<\/strong>: 10,56&Prime; (268,30 mm)<\/li>\n<li><strong>Ost\u0159\u00ed \u010depele<\/strong>: Prost\u00fd<\/li>\n<li><strong>\u010cepel ocel<\/strong>: 65Mn uhl\u00edkov\u00e1 ocel<\/li>\n<li><strong>Povrchov\u00e1 \u00faprava \u010depele<\/strong>: Pudr Coat<\/li>\n<li><strong>Tlou\u0161\u0165ka \u010depele<\/strong>: 0,14&Prime; (3,53 mm)<\/li>\n<li><strong>Celkov\u00e1 d\u00e9lka<\/strong>: 15,88&Prime; (403,23 mm)<\/li>\n<li><strong>Hmotnost no\u017ee<\/strong>: 14,70 oz (416,74 g)<\/li>\n<li><strong>Rukoje\u0165<\/strong>: Nylon vyztu\u017een\u00fd sklem<\/li>\n<li><strong>Styl<\/strong>: N\u016f\u017e s pevnou \u010depel\u00ed s pouzdrem<\/li>\n<li><strong>Materi\u00e1l pl\u00e1\u0161t\u011b<\/strong>: Tkan\u00fd nylon<\/li>\n<li><strong>Hmotnost pl\u00e1\u0161t\u011b<\/strong>: 5,50 oz (155,92 g)<\/li>\n<\/ul>\n<h3>Mo\u017enosti pou\u017eit\u00ed:<\/h3>\n<ol>\n<li><strong>Outdoorov\u00e9 aktivity<\/strong>\n<ul>\n<li>Tento n\u016f\u017e je ide\u00e1ln\u00ed pro <strong>kempov\u00e1n\u00ed<\/strong>, <strong>p\u0159e\u017eit\u00ed<\/strong> nebo <strong>trekking<\/strong>. Jeho siln\u00e1 \u010depel a pohodln\u00fd \u00fachop z n\u011bj d\u011blaj\u00ed ide\u00e1ln\u00ed n\u00e1stroj pro pr\u00e1ci v p\u0159\u00edrod\u011b, jako je <strong>\u0161t\u00edp\u00e1n\u00ed d\u0159eva<\/strong>, <strong>k\u00e1cen\u00ed v\u011btv\u00ed<\/strong> a <strong>p\u0159\u00edprava d\u0159eva na ohe\u0148<\/strong>.<\/li>\n<\/ul>\n<\/li>\n<li><strong>Boj a sebeobrana<\/strong>\n<ul>\n<li>Design kukri je vysoce efektivn\u00ed pro <strong>bojov\u00e9 \u00fa\u010dely<\/strong>. Tento n\u016f\u017e je schopen vykon\u00e1vat <strong>siln\u00e9, kontrolovan\u00e9 se\u010dn\u00e9 \u00fadery<\/strong>, co\u017e z n\u011bj \u010din\u00ed \u00fa\u010dinn\u00fd n\u00e1stroj pro <strong>sebeobranu<\/strong> nebo <strong>taktick\u00e9 nasazen\u00ed<\/strong>.<\/li>\n<\/ul>\n<\/li>\n<li><strong>P\u0159e\u017eit\u00ed a taktick\u00e9 situace<\/strong>\n<ul>\n<li>KUK\u2122 je navr\u017een pro n\u00e1ro\u010dn\u00e9 podm\u00ednky a je ide\u00e1ln\u00ed pro <strong>p\u0159e\u017eit\u00ed<\/strong> v extr\u00e9mn\u00edch situac\u00edch. M\u016f\u017ee b\u00fdt pou\u017eit pro <strong>p\u0159e\u017eit\u00ed v divo\u010din\u011b<\/strong>, kde je d\u016fle\u017eit\u00e1 ka\u017ed\u00e1 sou\u010d\u00e1st n\u00e1stroje pro p\u0159e\u017eit\u00ed \u2013 od <strong>sek\u00e1n\u00ed<\/strong> a\u017e po <strong>\u00fadery<\/strong>.<\/li>\n<\/ul>\n<\/li>\n<\/ol>\n<h3>Shrnut\u00ed:<\/h3>\n<p><strong>Pevn\u00fd N\u016f\u017e CRKT KUK 2742<\/strong> je modern\u00ed reinterpretace <strong>tradi\u010dn\u00edho nep\u00e1lsk\u00e9ho kukri<\/strong>, navr\u017een\u00fd pro <strong>p\u0159e\u017eit\u00ed<\/strong> a <strong>bojov\u00e9 \u00fa\u010dely<\/strong>. D\u00edky sv\u00e9 <strong>siln\u00e9 \u010depeli<\/strong>, <strong>ergonomick\u00e9 rukojeti<\/strong> a <strong>prakti\u010dnosti<\/strong> je to n\u00e1stroj, kter\u00fd zvl\u00e1dne n\u00e1ro\u010dn\u00e9 outdoorov\u00e9 a taktick\u00fd \u00fakoly. Je skv\u00e9l\u00e9 pro ka\u017ed\u00e9ho, kdo hled\u00e1 <strong>spolehliv\u00fd, siln\u00fd a efektivn\u00ed n\u016f\u017e<\/strong>, kter\u00fd je p\u0159ipraven na v\u0161echny v\u00fdzvy, kter\u00e9 p\u0159\u00edroda a nebezpe\u010dn\u00e9 situace mohou p\u0159in\u00e9st.<\/p>\n<\/div>\n<\/div>\n<\/div>\n<\/div>\n<div class=\"mb-2 flex gap-3 empty:hidden -ml-2\">\n<div class=\"items-center justify-start rounded-xl p-1 flex\">\n<div class=\"flex items-center\"><\/div>\n<\/div>\n<\/div>\n<\/div>\n<\/div>\n<\/div>\n<\/div>\n<\/article>\n<\/div>\n<\/div>\n<\/div>\n<\/div>\n<\/div>\n<div class=\"md:pt-0 dark:border-white\/20 md:border-transparent md:dark:border-transparent w-full\">\n<div>\n<div class=\"relative w-full px-2 py-2 text-center text-xs text-token-text-secondary empty:hidden md:px-[60px]\">\n<div class=\"min-h-4\">\n<div><\/div>\n<\/div>\n<\/div>\n<\/div>\n<\/div>\n<p><iframe title=\"CRKT KUK - Kukri Inspired Knife | A Ryan Johnson of RMJ Tactical Design\" width=\"800\" height=\"450\" src=\"https:\/\/www.youtube.com\/embed\/yFCg8BsEybM?feature=oembed\" frameborder=\"0\" allow=\"accelerometer; autoplay; clipboard-write; encrypted-media; gyroscope; picture-in-picture; web-share\" referrerpolicy=\"strict-origin-when-cross-origin\" allowfullscreen><\/iframe><\/p>\n<p>&nbsp;<\/p>\n","protected":false},"excerpt":{"rendered":"<div class=\"flex max-w-full flex-col flex-grow\">\n<div class=\"min-h-8 text-message flex w-full flex-col items-end gap-2 whitespace-normal break-words text-start [.text-message+&amp;]:mt-5\" dir=\"auto\" data-message-author-role=\"assistant\" data-message-id=\"708cb810-42f6-462c-ac9a-d70c5f3b9695\" data-message-model-slug=\"gpt-4o-mini\">\n<div class=\"flex w-full flex-col gap-1 empty:hidden first:pt-[3px]\">\n<div class=\"markdown prose w-full break-words dark:prose-invert light\">\n<p><strong>Pevn\u00fd N\u016f\u017e CRKT KUK 2742 je modern\u00ed reinterpretace tradi\u010dn\u00edho nep\u00e1lsk\u00e9ho kukri, navr\u017een\u00fd pro p\u0159e\u017eit\u00ed a bojov\u00e9 \u00fa\u010dely. D\u00edky sv\u00e9 siln\u00e9 \u010depeli, ergonomick\u00e9 rukojeti a prakti\u010dnosti je to n\u00e1stroj, kter\u00fd zvl\u00e1dne n\u00e1ro\u010dn\u00e9 outdoorov\u00e9 a taktick\u00fd \u00fakoly. Je skv\u00e9l\u00e9 pro ka\u017ed\u00e9ho, kdo hled\u00e1 spolehliv\u00fd, siln\u00fd a efektivn\u00ed n\u016f\u017e, kter\u00fd je p\u0159ipraven na v\u0161echny v\u00fdzvy, kter\u00e9 p\u0159\u00edroda a nebezpe\u010dn\u00e9 situace mohou p\u0159in\u00e9st.<\/strong><\/p>\n<\/div>\n<\/div>\n<\/div>\n<\/div>\n<div class=\"mb-2 flex gap-3 empty:hidden -ml-2\">\n<div class=\"items-center justify-start rounded-xl p-1 flex\">\n<div class=\"flex items-center\"><\/div>\n<\/div>\n<\/div>\n","protected":false},"featured_media":226103,"comment_status":"open","ping_status":"closed","template":"","meta":[],"pwb-brand":[209],"product_brand":[],"product_cat":[23,17],"product_tag":[3667],"class_list":{"0":"post-226102","1":"product","2":"type-product","3":"status-publish","4":"has-post-thumbnail","6":"pwb-brand-crkt","7":"product_cat-pevne-noze","8":"product_cat-noze","9":"product_tag-b2b","11":"first","12":"instock","13":"taxable","14":"shipping-taxable","15":"purchasable","16":"product-type-simple"},"brands":[{"id":209,"name":"CRKT","slug":"crkt"}],"_links":{"self":[{"href":"https:\/\/www.moskito.cz\/fr\/wp-json\/wp\/v2\/product\/226102","targetHints":{"allow":["GET"]}}],"collection":[{"href":"https:\/\/www.moskito.cz\/fr\/wp-json\/wp\/v2\/product"}],"about":[{"href":"https:\/\/www.moskito.cz\/fr\/wp-json\/wp\/v2\/types\/product"}],"replies":[{"embeddable":true,"href":"https:\/\/www.moskito.cz\/fr\/wp-json\/wp\/v2\/comments?post=226102"}],"wp:featuredmedia":[{"embeddable":true,"href":"https:\/\/www.moskito.cz\/fr\/wp-json\/wp\/v2\/media\/226103"}],"wp:attachment":[{"href":"https:\/\/www.moskito.cz\/fr\/wp-json\/wp\/v2\/media?parent=226102"}],"wp:term":[{"taxonomy":"pwb-brand","embeddable":true,"href":"https:\/\/www.moskito.cz\/fr\/wp-json\/wp\/v2\/pwb-brand?post=226102"},{"taxonomy":"product_brand","embeddable":true,"href":"https:\/\/www.moskito.cz\/fr\/wp-json\/wp\/v2\/product_brand?post=226102"},{"taxonomy":"product_cat","embeddable":true,"href":"https:\/\/www.moskito.cz\/fr\/wp-json\/wp\/v2\/product_cat?post=226102"},{"taxonomy":"product_tag","embeddable":true,"href":"https:\/\/www.moskito.cz\/fr\/wp-json\/wp\/v2\/product_tag?post=226102"}],"curies":[{"name":"wp","href":"https:\/\/api.w.org\/{rel}","templated":true}]}}