{"id":226402,"date":"2022-09-28T21:13:15","date_gmt":"2022-09-28T20:13:15","guid":{"rendered":"https:\/\/www.moskito.cz\/?post_type=product&#038;p=226402"},"modified":"2025-08-07T21:54:53","modified_gmt":"2025-08-07T20:54:53","slug":"zaviraci-nuz-magnum-rainbow-ii","status":"publish","type":"product","link":"https:\/\/www.moskito.cz\/fr\/produkt\/zaviraci-nuz-magnum-rainbow-ii\/","title":{"rendered":"Zav\u00edrac\u00ed N\u016f\u017e Magnum Rainbow II 01YA107"},"content":{"rendered":"<p style=\"text-align: left;\">Zav\u00edrac\u00ed N\u016f\u017e <strong>Magnum<\/strong> Rainbow II 01YA107.<\/p>\n<p>S\u00e9rie Rainbow se vyzna\u010duje titanovou rukojet\u00ed pota\u017eenou PVD a \u010depelemi z nerezov\u00e9 oceli 440 v poutav\u00fdch barv\u00e1ch duhy. Syst\u00e9m zamyk\u00e1n\u00ed r\u00e1mu.<\/p>\n<p>Typ: Kapesn\u00ed n\u016f\u017e<br \/>\nZna\u010dka: Magnum<br \/>\nCelkov\u00e1 d\u00e9lka: 17,20 cm<br \/>\nD\u00e9lka \u010depele: 7,20 cm<br \/>\nHmotnost: 87,00 g<br \/>\nMateri\u00e1l \u010depele: 440A<br \/>\nMateri\u00e1l rukojeti: Nerezov\u00e1 ocel<br \/>\nOtv\u00edr\u00e1k: Thumb Stud<br \/>\nOtev\u00edrac\u00ed: Manu\u00e1l<br \/>\nTyp z\u00e1mku: Framelock<\/p>\n<p>&nbsp;<\/p>\n","protected":false},"excerpt":{"rendered":"<p>S\u00e9rie Rainbow se vyzna\u010duje titanovou rukojet\u00ed.<\/p>\n","protected":false},"featured_media":226403,"comment_status":"open","ping_status":"closed","template":"","meta":[],"pwb-brand":[140],"product_brand":[],"product_cat":[22,17],"product_tag":[3667],"class_list":{"0":"post-226402","1":"product","2":"type-product","3":"status-publish","4":"has-post-thumbnail","6":"pwb-brand-boker","7":"product_cat-zaviraci-noze","8":"product_cat-noze","9":"product_tag-b2b","11":"first","12":"outofstock","13":"taxable","14":"shipping-taxable","15":"purchasable","16":"product-type-simple"},"brands":[{"id":140,"name":"Boker","slug":"boker"}],"_links":{"self":[{"href":"https:\/\/www.moskito.cz\/fr\/wp-json\/wp\/v2\/product\/226402","targetHints":{"allow":["GET"]}}],"collection":[{"href":"https:\/\/www.moskito.cz\/fr\/wp-json\/wp\/v2\/product"}],"about":[{"href":"https:\/\/www.moskito.cz\/fr\/wp-json\/wp\/v2\/types\/product"}],"replies":[{"embeddable":true,"href":"https:\/\/www.moskito.cz\/fr\/wp-json\/wp\/v2\/comments?post=226402"}],"wp:featuredmedia":[{"embeddable":true,"href":"https:\/\/www.moskito.cz\/fr\/wp-json\/wp\/v2\/media\/226403"}],"wp:attachment":[{"href":"https:\/\/www.moskito.cz\/fr\/wp-json\/wp\/v2\/media?parent=226402"}],"wp:term":[{"taxonomy":"pwb-brand","embeddable":true,"href":"https:\/\/www.moskito.cz\/fr\/wp-json\/wp\/v2\/pwb-brand?post=226402"},{"taxonomy":"product_brand","embeddable":true,"href":"https:\/\/www.moskito.cz\/fr\/wp-json\/wp\/v2\/product_brand?post=226402"},{"taxonomy":"product_cat","embeddable":true,"href":"https:\/\/www.moskito.cz\/fr\/wp-json\/wp\/v2\/product_cat?post=226402"},{"taxonomy":"product_tag","embeddable":true,"href":"https:\/\/www.moskito.cz\/fr\/wp-json\/wp\/v2\/product_tag?post=226402"}],"curies":[{"name":"wp","href":"https:\/\/api.w.org\/{rel}","templated":true}]}}