{"id":226546,"date":"2022-09-29T20:03:09","date_gmt":"2022-09-29T19:03:09","guid":{"rendered":"https:\/\/www.moskito.cz\/?post_type=product&#038;p=226546"},"modified":"2025-05-07T10:41:13","modified_gmt":"2025-05-07T09:41:13","slug":"vystrelovaci-nuz-microtech-combat-troodon-signature-series-142-3frocs","status":"publish","type":"product","link":"https:\/\/www.moskito.cz\/fr\/produkt\/vystrelovaci-nuz-microtech-combat-troodon-signature-series-142-3frocs\/","title":{"rendered":"Vyst\u0159elovac\u00ed N\u016f\u017e Microtech Combat Troodon Signature Series 142-3FROCS"},"content":{"rendered":"<p>Vyst\u0159elovac\u00ed N\u016f\u017e <strong>Microtech<\/strong> Combat Troodon Signature Series 142-3FROCS.<\/p>\n<p><strong>Microtech Combat Troodon<\/strong> D\/E Frag Olive Camo Full Serrated Grenade Lanyard Bead Bead Signature Series 142-3FROCS<\/p>\n<p>Microtech knives nejv\u011bt\u0161\u00ed produk\u010dn\u00ed n\u016f\u017e OTF je pojmenov\u00e1n po dinosaurovi Troodonovi. Combat Troodon je opravdu velk\u00e1 verze popul\u00e1rn\u00edho Troodona. Navzdory velikosti p\u016fsob\u00ed rukoje\u0165 \u0161t\u00edhle a pohodln\u011b. Akce je samoz\u0159ejm\u011b Microtech vynikaj\u00edc\u00ed, jak byste o\u010dek\u00e1vali. Velk\u00fd a \u0161patn\u00fd!<\/p>\n<p>Tento model z limitovan\u00e9 edice podpisov\u00e9 \u0159ady je vybaven rukojet\u00ed z eloxovan\u00e9ho hlin\u00edku s povrchem z olivov\u00e9ho camo Cerakote. Olivov\u00e1 mask\u00e1\u010dov\u00e1 \u010depel z nerezov\u00e9 oceli M390 s dvojit\u00fdm b\u0159item Cerakote s pln\u00fdm zoubkov\u00e1n\u00edm na jedn\u00e9 stran\u011b. \u010cern\u00e9 proveden\u00ed, oboustrann\u00fd kapesn\u00ed klip a rozb\u00edje\u010d skla. Kapesn\u00ed spona je ozna\u010dena s\u00e9riov\u00fdm \u010d\u00edslem, datem v\u00fdroby, logem Claw a logem podpisov\u00e9 s\u00e9rie. Tato verze obsahuje \u010dern\u00fd paracordov\u00fd lanyard a odpov\u00eddaj\u00edc\u00ed perle Cerakote.<\/p>\n<p>D\u00e9lka \u010depele: 9.5 cm<br \/>\nTlou\u0161\u0165ka \u010depele: 0,33 cm<br \/>\nMateri\u00e1l \u010depele: M390<br \/>\nStyl \u010depel\u00ed: Drop Point<br \/>\nB\u0159itov\u00e9 desti\u010dky: Ploch\u00e9<br \/>\nD\u00e9lka rukojeti: 13.3 cm<br \/>\nTlou\u0161\u0165ka rukojeti: 1.4 cm<br \/>\nMateri\u00e1l rukojeti: hlin\u00edk<br \/>\nHmotnost: 5,45 oz.<br \/>\nU\u017eivatel: Prav\u00e1 ruka<br \/>\nPocket Clip: Tip-Down<br \/>\nTyp no\u017ee: Automatick\u00fd<br \/>\nOtv\u00edra\u010d: Thumb Slide<br \/>\nZna\u010dka: Microtech<br \/>\nModel: Combat Troodon<br \/>\nZem\u011b p\u016fvodu: USA<\/p>\n<p><iframe title=\"Microtech Combat Troodon Torture Test\" width=\"800\" height=\"450\" src=\"https:\/\/www.youtube.com\/embed\/xE9TeOFYEjg?feature=oembed\" frameborder=\"0\" allow=\"accelerometer; autoplay; clipboard-write; encrypted-media; gyroscope; picture-in-picture; web-share\" allowfullscreen><\/iframe><\/p>\n<p>&nbsp;<\/p>\n","protected":false},"excerpt":{"rendered":"<p>V pr\u016fb\u011bhu let\u00a0<strong>Microtech\u00ae<\/strong>\u00a0Knives naplnil v\u00e1\u0161n\u00ed a dovednost\u00ed v\u00fdrobu no\u017e\u016f, a\u017e z nich vytvo\u0159il t\u00e9m\u011b\u0159 um\u011bleck\u00e1 d\u00edla,kter\u00e9 jsou vrcholem funk\u010dnosti.V\u0161echny d\u00edly jsou vyrodeny v USA.<br \/>\n<strong>Na v\u0161echny no\u017ee Microtech je do\u017eivotn\u00ed z\u00e1ruka.<\/strong><\/p>\n<p><strong>Doprava zdarma.<\/strong><\/p>\n","protected":false},"featured_media":226547,"comment_status":"open","ping_status":"closed","template":"","meta":[],"pwb-brand":[431],"product_brand":[],"product_cat":[2019,17],"product_tag":[3667],"class_list":{"0":"post-226546","1":"product","2":"type-product","3":"status-publish","4":"has-post-thumbnail","6":"pwb-brand-microtech","7":"product_cat-vystrelovaci-noze","8":"product_cat-noze","9":"product_tag-b2b","11":"first","12":"instock","13":"taxable","14":"shipping-taxable","15":"purchasable","16":"product-type-simple"},"brands":[{"id":431,"name":"Microtech","slug":"microtech"}],"_links":{"self":[{"href":"https:\/\/www.moskito.cz\/fr\/wp-json\/wp\/v2\/product\/226546","targetHints":{"allow":["GET"]}}],"collection":[{"href":"https:\/\/www.moskito.cz\/fr\/wp-json\/wp\/v2\/product"}],"about":[{"href":"https:\/\/www.moskito.cz\/fr\/wp-json\/wp\/v2\/types\/product"}],"replies":[{"embeddable":true,"href":"https:\/\/www.moskito.cz\/fr\/wp-json\/wp\/v2\/comments?post=226546"}],"wp:featuredmedia":[{"embeddable":true,"href":"https:\/\/www.moskito.cz\/fr\/wp-json\/wp\/v2\/media\/226547"}],"wp:attachment":[{"href":"https:\/\/www.moskito.cz\/fr\/wp-json\/wp\/v2\/media?parent=226546"}],"wp:term":[{"taxonomy":"pwb-brand","embeddable":true,"href":"https:\/\/www.moskito.cz\/fr\/wp-json\/wp\/v2\/pwb-brand?post=226546"},{"taxonomy":"product_brand","embeddable":true,"href":"https:\/\/www.moskito.cz\/fr\/wp-json\/wp\/v2\/product_brand?post=226546"},{"taxonomy":"product_cat","embeddable":true,"href":"https:\/\/www.moskito.cz\/fr\/wp-json\/wp\/v2\/product_cat?post=226546"},{"taxonomy":"product_tag","embeddable":true,"href":"https:\/\/www.moskito.cz\/fr\/wp-json\/wp\/v2\/product_tag?post=226546"}],"curies":[{"name":"wp","href":"https:\/\/api.w.org\/{rel}","templated":true}]}}