{"id":227142,"date":"2022-10-03T21:18:56","date_gmt":"2022-10-03T20:18:56","guid":{"rendered":"https:\/\/www.moskito.cz\/?post_type=product&#038;p=227142"},"modified":"2025-05-07T10:41:48","modified_gmt":"2025-05-07T09:41:48","slug":"zaviraci-nuz-microtech-socom-bravo-261-9cfti","status":"publish","type":"product","link":"https:\/\/www.moskito.cz\/fr\/produkt\/zaviraci-nuz-microtech-socom-bravo-261-9cfti\/","title":{"rendered":"Zav\u00edrac\u00ed N\u016f\u017e Microtech Socom Bravo 261-9CFTI"},"content":{"rendered":"<p>Zav\u00edrac\u00ed N\u016f\u017e <strong>Microtech<\/strong> Socom Bravo 261-9CFTI.<\/p>\n<p>Zav\u00edrac\u00ed N\u016f\u017e Microtech Socom Bravo Titanium Carbon je klenot mezi zav\u00edrac\u00edmi no\u017ei ve v\u0161ech sm\u011brech. Kvalitn\u00ed materi\u00e1l \u010depele (M390) je prioritn\u00ed v pln\u011bn\u00ed \u0159ezn\u00e9 funkce no\u017ee. Vyzved\u00e1vat tento SRPS materi\u00e1l III. generace je no\u0161en\u00ed d\u0159\u00edv\u00ed do lesa, an\u017eto je to No. 1 mezi materi\u00e1ly \u010depel\u00ed v sou\u010dasn\u00e9 dob\u011b. Ruku v ruce s materi\u00e1lem jde i tvar \u010depele (nov\u011b pojat\u00fd drop point) s v\u00fdraznou podtlakovou dr\u00e1\u017ekou (\u201ckrevn\u00ed\u201d \u017el\u00e1bek). \u010cepel v \u00faprav\u011b stone wasch je sice oboustran\u011b osazena otv\u00edrac\u00edmi kol\u00edky, ale n\u016f\u017e je ur\u010den pro \u201cprav\u00e1ky\u201d. Brou\u0161en\u00ed fasety i hrotu je ru\u010dn\u00ed pr\u00e1ce a pln\u011b spl\u0148uje \u0159ezn\u00e9 a penetra\u010dn\u00ed funkce. Ulo\u017een\u00ed \u010depele v keramick\u00e9m lo\u017eisku a v pouzd\u0159e z beriliov\u00e9ho bronzu postr\u00e1d\u00e1 i po hrub\u00e9m zach\u00e1zen\u00ed viditelnou v\u016fli (ulo\u017een\u00ed pouzdra z\u0159ejm\u011b s nalisov\u00e1n\u00edm-desetimikronov\u00fd p\u0159esah!). Rukoje\u0165 je sjednocen\u00edm konstruk\u010dn\u00edho designu (aplikace obrobku z 3D Tit\u00e1nia, dopn\u011bn\u00fd p\u0159\u00edlo\u017ekami z karbonu, pro lep\u0161\u00ed vjem p\u0159i \u00fachopu), prakti\u010dnosti (zdrsn\u011bn\u00ed h\u0159betu pro sna\u017e\u0161\u00ed a pevn\u011bj\u0161\u00ed \u00fachop no\u017ee p\u0159i tlakov\u00e9m \u0159ezu, otvor pro paracordov\u00e9 uchycen\u00ed), ergonomie (pohodln\u00fd \u00fachop i p\u0159es hrany a vod\u00edc\u00ed dr\u00e1\u017eka otv\u00edraj\u00edc\u00edho palce) a pevnosti (ochrana tit\u00e1niov\u00e9 pru\u017einy z\u00e1mku proti otla\u010den\u00ed \u010depel\u00ed). V\u0161echny uveden\u00e9 atributy kladou p\u0159edveden\u00fd zav\u00edrac\u00ed n\u016f\u017e na vrchol sou\u010dasn\u00e9ho no\u017e\u00ed\u0159stv\u00ed.<\/p>\n<p>Nov\u00e9 Socom Bravo od spole\u010dnosti Microtech, kter\u00e1 se p\u0159i v\u00fdrob\u011b t\u00e9to edice spojila s Rike Knives. Tento model je vybaven rukojet\u00ed Blasted Titanium se stupnic\u00ed z uhl\u00edkov\u00fdch vl\u00e1ken. Vyzna\u010duje se jednob\u0159itou \u010depel\u00ed z oceli M390 s jedn\u00edm ost\u0159\u00edm. Modr\u00fd titanov\u00fd oto\u010dn\u00fd l\u00edmec.<\/p>\n<p>Celkov\u00e1 d\u00e9lka: 22.5 cm<br \/>\nD\u00e9lka \u010depele: 10 cm<br \/>\nD\u00e9lka rukojeti: 12.5 cm<br \/>\nMateri\u00e1l \u010depele: M390<br \/>\nStyl \u010depele: Single Edge<br \/>\nBarva: Blasted Ti z uhl\u00edkov\u00fdch vl\u00e1ken<br \/>\nHmotnost: 5,8 oz.<\/p>\n<p><iframe title=\"SOCOM Bravo: Limited Edition Serrated and Signed by Anthony Marfione\" width=\"800\" height=\"450\" src=\"https:\/\/www.youtube.com\/embed\/_cp-uC2gPBM?feature=oembed\" frameborder=\"0\" allow=\"accelerometer; autoplay; clipboard-write; encrypted-media; gyroscope; picture-in-picture\" allowfullscreen><\/iframe><\/p>\n<p>&nbsp;<\/p>\n","protected":false},"excerpt":{"rendered":"<p>V pr\u016fb\u011bhu let\u00a0<strong>Microtech\u00ae<\/strong>\u00a0Knives naplnil v\u00e1\u0161n\u00ed a dovednost\u00ed v\u00fdrobu no\u017e\u016f, a\u017e z nich vytvo\u0159il t\u00e9m\u011b\u0159 um\u011bleck\u00e1 d\u00edla,kter\u00e9 jsou vrcholem funk\u010dnosti. V\u0161echny d\u00edly jsou vyrobeny v USA.<br \/>\n<strong>Na v\u0161echny no\u017ee Microtech je do\u017eivotn\u00ed z\u00e1ruka.<\/strong><\/p>\n<p><strong>Doprava zdarma.<\/strong><\/p>\n","protected":false},"featured_media":227143,"comment_status":"open","ping_status":"closed","template":"","meta":[],"pwb-brand":[431],"product_brand":[],"product_cat":[22,17],"product_tag":[3667],"class_list":{"0":"post-227142","1":"product","2":"type-product","3":"status-publish","4":"has-post-thumbnail","6":"pwb-brand-microtech","7":"product_cat-zaviraci-noze","8":"product_cat-noze","9":"product_tag-b2b","11":"first","12":"instock","13":"taxable","14":"shipping-taxable","15":"purchasable","16":"product-type-simple"},"brands":[{"id":431,"name":"Microtech","slug":"microtech"}],"_links":{"self":[{"href":"https:\/\/www.moskito.cz\/fr\/wp-json\/wp\/v2\/product\/227142","targetHints":{"allow":["GET"]}}],"collection":[{"href":"https:\/\/www.moskito.cz\/fr\/wp-json\/wp\/v2\/product"}],"about":[{"href":"https:\/\/www.moskito.cz\/fr\/wp-json\/wp\/v2\/types\/product"}],"replies":[{"embeddable":true,"href":"https:\/\/www.moskito.cz\/fr\/wp-json\/wp\/v2\/comments?post=227142"}],"wp:featuredmedia":[{"embeddable":true,"href":"https:\/\/www.moskito.cz\/fr\/wp-json\/wp\/v2\/media\/227143"}],"wp:attachment":[{"href":"https:\/\/www.moskito.cz\/fr\/wp-json\/wp\/v2\/media?parent=227142"}],"wp:term":[{"taxonomy":"pwb-brand","embeddable":true,"href":"https:\/\/www.moskito.cz\/fr\/wp-json\/wp\/v2\/pwb-brand?post=227142"},{"taxonomy":"product_brand","embeddable":true,"href":"https:\/\/www.moskito.cz\/fr\/wp-json\/wp\/v2\/product_brand?post=227142"},{"taxonomy":"product_cat","embeddable":true,"href":"https:\/\/www.moskito.cz\/fr\/wp-json\/wp\/v2\/product_cat?post=227142"},{"taxonomy":"product_tag","embeddable":true,"href":"https:\/\/www.moskito.cz\/fr\/wp-json\/wp\/v2\/product_tag?post=227142"}],"curies":[{"name":"wp","href":"https:\/\/api.w.org\/{rel}","templated":true}]}}