{"id":227215,"date":"2022-10-04T22:27:50","date_gmt":"2022-10-04T21:27:50","guid":{"rendered":"https:\/\/www.moskito.cz\/?post_type=product&#038;p=227215"},"modified":"2025-05-07T10:41:50","modified_gmt":"2025-05-07T09:41:50","slug":"pouzdro-microtech-medium-tactical-pouch","status":"publish","type":"product","link":"https:\/\/www.moskito.cz\/fr\/produkt\/pouzdro-microtech-medium-tactical-pouch\/","title":{"rendered":"Pouzdro Microtech MEDIUM TACTICAL POUCH"},"content":{"rendered":"<p>Pouzdro <strong>Microtech<\/strong> MEDIUM TACTICAL POUCH.<\/p>\n<p>Rozm\u011bry: 14 x 5cm (m\u011b\u0159eno s neupraven\u00fdmi popruhy)<\/p>\n<p>Tyto lehk\u00e9, p\u0159enosn\u00e9 taktick\u00e9 pouzdra maj\u00ed vy\u0161\u00edvan\u00e9 logo Microtech s poutkem na p\u00e1sek na such\u00fd zip a zap\u00edn\u00e1n\u00edm na p\u0159ezku. Jsou vyrobeny z odoln\u00e9ho dvouvrstv\u00e9ho nylonu Cordura s dvojit\u011b zes\u00edlen\u00fdm pro\u0161\u00edv\u00e1n\u00edm po cel\u00e9m obvodu. Tyto kapsy se p\u0159izp\u016fsob\u00ed r\u016fzn\u00fdm velikostem n\u00e1\u010din\u00ed a lze je nastavit asi o palec nahoru nebo dol\u016f, zat\u00edmco strany se roz\u0161i\u0159uj\u00ed, aby se ve\u0161ly na r\u016fzn\u00e9 \u0161\u00ed\u0159ky no\u017e\u016f. P\u0159ipev\u0148uj\u00ed se k opasku nebo p\u00e1sku pomoc\u00ed nastaviteln\u00e9ho trojit\u00e9ho poutka na such\u00fd zip, tak\u017ee je lze p\u0159idat nebo ubrat, ani\u017e byste p\u00e1s rozep\u00ednali. Tuto smy\u010dku lze nav\u00edc otev\u0159\u00edt a p\u0159ipevnit ji pomoc\u00ed \u0161irok\u00e9ho such\u00e9ho zipu k jin\u00e9mu taktick\u00e9mu vybaven\u00ed.<\/p>\n<p>Pouzdro je vhodn\u00e9 pro n\u00e1sleduj\u00edc\u00ed no\u017ee Microtech:<\/p>\n<p>UTX-85, Ultratech, Dirac, LUDT, SOCOM Bravo, SOCOM Elite, Brachial, Hera<\/p>\n<p>*Vyobrazen\u00e9 no\u017ee nejsou sou\u010d\u00e1st\u00ed balen\u00ed*<\/p>\n<p><iframe title=\"Microtech Combat Troodon Torture Test\" width=\"800\" height=\"450\" src=\"https:\/\/www.youtube.com\/embed\/xE9TeOFYEjg?feature=oembed\" frameborder=\"0\" allow=\"accelerometer; autoplay; clipboard-write; encrypted-media; gyroscope; picture-in-picture; web-share\" referrerpolicy=\"strict-origin-when-cross-origin\" allowfullscreen><\/iframe><\/p>\n<p>&nbsp;<\/p>\n<p>&nbsp;<\/p>\n","protected":false},"excerpt":{"rendered":"<p>Pouzdro Microtech MEDIUM TACTICAL POUCH. Rozm\u011bry: 14 x 5cm (m\u011b\u0159eno s neupraven\u00fdmi popruhy) Tyto lehk\u00e9, p\u0159enosn\u00e9 taktick\u00e9 pouzdra maj\u00ed vy\u0161\u00edvan\u00e9 logo Microtech s poutkem na p\u00e1sek na such\u00fd zip a zap\u00edn\u00e1n\u00edm na p\u0159ezku. Jsou vyrobeny z odoln\u00e9ho dvouvrstv\u00e9ho nylonu Cordura s dvojit\u011b zes\u00edlen\u00fdm pro\u0161\u00edv\u00e1n\u00edm po cel\u00e9m obvodu. Tyto kapsy se p\u0159izp\u016fsob\u00ed r\u016fzn\u00fdm velikostem n\u00e1\u010din\u00ed a [&hellip;]<\/p>\n","protected":false},"featured_media":227216,"comment_status":"open","ping_status":"closed","template":"","meta":[],"pwb-brand":[431],"product_brand":[],"product_cat":[2019,17],"product_tag":[3667],"class_list":{"0":"post-227215","1":"product","2":"type-product","3":"status-publish","4":"has-post-thumbnail","6":"pwb-brand-microtech","7":"product_cat-vystrelovaci-noze","8":"product_cat-noze","9":"product_tag-b2b","11":"first","12":"outofstock","13":"taxable","14":"shipping-taxable","15":"purchasable","16":"product-type-simple"},"brands":[{"id":431,"name":"Microtech","slug":"microtech"}],"_links":{"self":[{"href":"https:\/\/www.moskito.cz\/fr\/wp-json\/wp\/v2\/product\/227215","targetHints":{"allow":["GET"]}}],"collection":[{"href":"https:\/\/www.moskito.cz\/fr\/wp-json\/wp\/v2\/product"}],"about":[{"href":"https:\/\/www.moskito.cz\/fr\/wp-json\/wp\/v2\/types\/product"}],"replies":[{"embeddable":true,"href":"https:\/\/www.moskito.cz\/fr\/wp-json\/wp\/v2\/comments?post=227215"}],"wp:featuredmedia":[{"embeddable":true,"href":"https:\/\/www.moskito.cz\/fr\/wp-json\/wp\/v2\/media\/227216"}],"wp:attachment":[{"href":"https:\/\/www.moskito.cz\/fr\/wp-json\/wp\/v2\/media?parent=227215"}],"wp:term":[{"taxonomy":"pwb-brand","embeddable":true,"href":"https:\/\/www.moskito.cz\/fr\/wp-json\/wp\/v2\/pwb-brand?post=227215"},{"taxonomy":"product_brand","embeddable":true,"href":"https:\/\/www.moskito.cz\/fr\/wp-json\/wp\/v2\/product_brand?post=227215"},{"taxonomy":"product_cat","embeddable":true,"href":"https:\/\/www.moskito.cz\/fr\/wp-json\/wp\/v2\/product_cat?post=227215"},{"taxonomy":"product_tag","embeddable":true,"href":"https:\/\/www.moskito.cz\/fr\/wp-json\/wp\/v2\/product_tag?post=227215"}],"curies":[{"name":"wp","href":"https:\/\/api.w.org\/{rel}","templated":true}]}}