{"id":227237,"date":"2022-10-05T20:35:21","date_gmt":"2022-10-05T19:35:21","guid":{"rendered":"https:\/\/www.moskito.cz\/?post_type=product&#038;p=227237"},"modified":"2025-05-07T10:41:51","modified_gmt":"2025-05-07T09:41:51","slug":"vystrelovaci-nuz-microtech-utx-85-turquoise-handle-black-blade-231-1-tq","status":"publish","type":"product","link":"https:\/\/www.moskito.cz\/fr\/produkt\/vystrelovaci-nuz-microtech-utx-85-turquoise-handle-black-blade-231-1-tq\/","title":{"rendered":"Vyst\u0159elovac\u00ed N\u016f\u017e Microtech UTX-85 Turquoise Handle Black Blade 231-1 TQ"},"content":{"rendered":"<p>Vyst\u0159elovac\u00ed N\u016f\u017e <strong>Microtech<\/strong> UTX-85 Turquoise Handle Black Blade 231-1 TQ.<\/p>\n<p>Microtech no\u017ee | 231-1TQ UTX-85 S\/E &#8211; Tyrkysov\u00e1 rukoje\u0165 &#8211; \u010cern\u00e1 \u010depel<br \/>\nN\u016f\u017e UTX-85 modeluje Ultratech, ale jeho velikost byla zmen\u0161ena na 85 %, co\u017e z n\u011bj \u010din\u00ed ide\u00e1ln\u00ed velikost pro p\u0159en\u00e1\u0161en\u00ed. Rukoje\u0165 je tvarovan\u00e1 a vytv\u00e1\u0159\u00ed \u00fachop, kter\u00fd dob\u0159e padne do ruky.<\/p>\n<p>Celkov\u00e1 d\u00e9lka: 7,21&Prime; (183 mm)<br \/>\nD\u00e9lka v zav\u0159en\u00e9m stavu: 4,06&Prime; (103 mm)<br \/>\nD\u00e9lka \u010depele: 3,08&Prime; (78 mm)<br \/>\nD\u00e9lka \u0159ezn\u00e9 hrany: 2,96&Prime; (75 mm)<br \/>\nTlou\u0161\u0165ka \u010depele: 0,128&Prime; (3,23 mm)<br \/>\n\u010cepel ocel: Elmax, M390 nebo 204P<br \/>\nPovrchov\u00e1 \u00faprava \u010depele: \u010dern\u00e1<br \/>\nStyl \u010depele: Drop Point<br \/>\nStyl okraje: Oby\u010dejn\u00fd<br \/>\nMateri\u00e1l rukojeti: tyrkysov\u00fd hlin\u00edk<br \/>\nTlou\u0161\u0165ka rukojeti: 0,48 \u00a0\u00bb (12,19 mm)<br \/>\nKapesn\u00ed klip: Tip dol\u016f<br \/>\nHmotnost: 2,9 oz (82,22 g)<br \/>\nV\u00fdrobce Ref. #: 231-1TQ<br \/>\nZem\u011b p\u016fvodu: USA<\/p>\n<p>Ocel: M390<\/p>\n<p><iframe title=\"Microtech Combat Troodon Torture Test\" width=\"800\" height=\"450\" src=\"https:\/\/www.youtube.com\/embed\/xE9TeOFYEjg?feature=oembed\" frameborder=\"0\" allow=\"accelerometer; autoplay; clipboard-write; encrypted-media; gyroscope; picture-in-picture; web-share\" allowfullscreen><\/iframe><\/p>\n","protected":false},"excerpt":{"rendered":"<p>V pr\u016fb\u011bhu let\u00a0<strong>Microtech\u00ae Knives<\/strong> naplnil v\u00e1\u0161n\u00ed a dovednost\u00ed v\u00fdrobu no\u017e\u016f, a\u017e z nich vytvo\u0159il t\u00e9m\u011b\u0159 um\u011bleck\u00e1 d\u00edla, kter\u00e9 jsou vrcholem funk\u010dnosti. V\u0161echny d\u00edly jsou vyrobeny v USA.<br \/>\n<strong>Na v\u0161echny no\u017ee Microtech je do\u017eivotn\u00ed z\u00e1ruka.<\/strong><\/p>\n<p><strong>Doprava zdarma.<\/strong><\/p>\n","protected":false},"featured_media":227239,"comment_status":"open","ping_status":"closed","template":"","meta":[],"pwb-brand":[431],"product_brand":[],"product_cat":[2019,17],"product_tag":[3667],"class_list":{"0":"post-227237","1":"product","2":"type-product","3":"status-publish","4":"has-post-thumbnail","6":"pwb-brand-microtech","7":"product_cat-vystrelovaci-noze","8":"product_cat-noze","9":"product_tag-b2b","11":"first","12":"instock","13":"taxable","14":"shipping-taxable","15":"purchasable","16":"product-type-simple"},"brands":[{"id":431,"name":"Microtech","slug":"microtech"}],"_links":{"self":[{"href":"https:\/\/www.moskito.cz\/fr\/wp-json\/wp\/v2\/product\/227237","targetHints":{"allow":["GET"]}}],"collection":[{"href":"https:\/\/www.moskito.cz\/fr\/wp-json\/wp\/v2\/product"}],"about":[{"href":"https:\/\/www.moskito.cz\/fr\/wp-json\/wp\/v2\/types\/product"}],"replies":[{"embeddable":true,"href":"https:\/\/www.moskito.cz\/fr\/wp-json\/wp\/v2\/comments?post=227237"}],"wp:featuredmedia":[{"embeddable":true,"href":"https:\/\/www.moskito.cz\/fr\/wp-json\/wp\/v2\/media\/227239"}],"wp:attachment":[{"href":"https:\/\/www.moskito.cz\/fr\/wp-json\/wp\/v2\/media?parent=227237"}],"wp:term":[{"taxonomy":"pwb-brand","embeddable":true,"href":"https:\/\/www.moskito.cz\/fr\/wp-json\/wp\/v2\/pwb-brand?post=227237"},{"taxonomy":"product_brand","embeddable":true,"href":"https:\/\/www.moskito.cz\/fr\/wp-json\/wp\/v2\/product_brand?post=227237"},{"taxonomy":"product_cat","embeddable":true,"href":"https:\/\/www.moskito.cz\/fr\/wp-json\/wp\/v2\/product_cat?post=227237"},{"taxonomy":"product_tag","embeddable":true,"href":"https:\/\/www.moskito.cz\/fr\/wp-json\/wp\/v2\/product_tag?post=227237"}],"curies":[{"name":"wp","href":"https:\/\/api.w.org\/{rel}","templated":true}]}}