{"id":227605,"date":"2022-10-09T11:03:30","date_gmt":"2022-10-09T10:03:30","guid":{"rendered":"https:\/\/www.moskito.cz\/?post_type=product&#038;p=227605"},"modified":"2025-05-07T10:42:02","modified_gmt":"2025-05-07T09:42:02","slug":"vystrelovaci-nuz-microtech-troodon-red-handle-stonewashed-blade-138-10-rd","status":"publish","type":"product","link":"https:\/\/www.moskito.cz\/fr\/produkt\/vystrelovaci-nuz-microtech-troodon-red-handle-stonewashed-blade-138-10-rd\/","title":{"rendered":"Vyst\u0159elovac\u00ed N\u016f\u017e Microtech Troodon Red Handle Stonewashed Blade 138-10 RD"},"content":{"rendered":"<p>Vyst\u0159elovac\u00ed N\u016f\u017e <strong>Microtech<\/strong> Troodon Red Handle Stonewashed Blade 138-10 RD.<\/p>\n<p>Microtech no\u017ee | Troodon<br \/>\nTroodon je o 25 % men\u0161\u00ed ne\u017e Combat Troodon, vyzna\u010duje se \u0161t\u00edhl\u00fdm designem a sn\u00e1ze vyst\u0159eliteln\u00fdm ak\u010dn\u00edm mechanismem. Design vych\u00e1z\u00ed vst\u0159\u00edc \u0161ir\u0161\u00edmu publiku, kter\u00e9 pot\u0159ebuje utilit\u00e1rn\u00ed funkcionalitu OTF, ale bez t\u00edhy plnohodnotn\u00e9ho Combat Troodon.<\/p>\n<p>Celkov\u00e1 d\u00e9lka: 7,64&Prime; (194 mm)<br \/>\nD\u00e9lka v zav\u0159en\u00e9m stavu: 4,57&Prime; (116 mm)<br \/>\nD\u00e9lka \u010depele: 3,08&Prime; (78 mm)<br \/>\nD\u00e9lka \u0159ezn\u00e9 hrany: 2,96&Prime; (75 mm)<br \/>\nTlou\u0161\u0165ka \u010depele: 0,079&Prime; (2 mm)<br \/>\nPovrchov\u00e1 \u00faprava \u010depele: Stonewashed<br \/>\nStyl okraje: Oby\u010dejn\u00fd<br \/>\nMateri\u00e1l rukojeti: \u010cerven\u00fd hlin\u00edk<br \/>\nTlou\u0161\u0165ka rukojeti: 0,4&Prime; (10 mm)<br \/>\nKapesn\u00ed klip: Tip-Down<br \/>\nHmotnost: 2,8 oz ( 79,38 g)<br \/>\nV\u00fdrobce Ref. #: 138-10RD<br \/>\nZem\u011b p\u016fvodu: USA<\/p>\n<p><iframe title=\"Microtech Combat Troodon Torture Test\" width=\"800\" height=\"450\" src=\"https:\/\/www.youtube.com\/embed\/xE9TeOFYEjg?feature=oembed\" frameborder=\"0\" allow=\"accelerometer; autoplay; clipboard-write; encrypted-media; gyroscope; picture-in-picture; web-share\" allowfullscreen><\/iframe><\/p>\n<p>&nbsp;<\/p>\n","protected":false},"excerpt":{"rendered":"<p>V pr\u016fb\u011bhu let\u00a0<strong>Microtech\u00ae Knives<\/strong> naplnil v\u00e1\u0161n\u00ed a dovednost\u00ed v\u00fdrobu no\u017e\u016f, a\u017e z nich vytvo\u0159il t\u00e9m\u011b\u0159 um\u011bleck\u00e1 d\u00edla,kter\u00e9 jsou vrcholem funk\u010dnosti.V\u0161echny d\u00edly jsou vyrobeny v USA.<br \/>\n<strong>Na v\u0161echny no\u017ee Microtech je do\u017eivotn\u00ed z\u00e1ruka.<\/strong><\/p>\n<p><strong>Doprava zdarma.<\/strong><\/p>\n","protected":false},"featured_media":227606,"comment_status":"open","ping_status":"closed","template":"","meta":[],"pwb-brand":[431],"product_brand":[],"product_cat":[2019,17],"product_tag":[3667],"class_list":{"0":"post-227605","1":"product","2":"type-product","3":"status-publish","4":"has-post-thumbnail","6":"pwb-brand-microtech","7":"product_cat-vystrelovaci-noze","8":"product_cat-noze","9":"product_tag-b2b","11":"first","12":"outofstock","13":"taxable","14":"shipping-taxable","15":"purchasable","16":"product-type-simple"},"brands":[{"id":431,"name":"Microtech","slug":"microtech"}],"_links":{"self":[{"href":"https:\/\/www.moskito.cz\/fr\/wp-json\/wp\/v2\/product\/227605","targetHints":{"allow":["GET"]}}],"collection":[{"href":"https:\/\/www.moskito.cz\/fr\/wp-json\/wp\/v2\/product"}],"about":[{"href":"https:\/\/www.moskito.cz\/fr\/wp-json\/wp\/v2\/types\/product"}],"replies":[{"embeddable":true,"href":"https:\/\/www.moskito.cz\/fr\/wp-json\/wp\/v2\/comments?post=227605"}],"wp:featuredmedia":[{"embeddable":true,"href":"https:\/\/www.moskito.cz\/fr\/wp-json\/wp\/v2\/media\/227606"}],"wp:attachment":[{"href":"https:\/\/www.moskito.cz\/fr\/wp-json\/wp\/v2\/media?parent=227605"}],"wp:term":[{"taxonomy":"pwb-brand","embeddable":true,"href":"https:\/\/www.moskito.cz\/fr\/wp-json\/wp\/v2\/pwb-brand?post=227605"},{"taxonomy":"product_brand","embeddable":true,"href":"https:\/\/www.moskito.cz\/fr\/wp-json\/wp\/v2\/product_brand?post=227605"},{"taxonomy":"product_cat","embeddable":true,"href":"https:\/\/www.moskito.cz\/fr\/wp-json\/wp\/v2\/product_cat?post=227605"},{"taxonomy":"product_tag","embeddable":true,"href":"https:\/\/www.moskito.cz\/fr\/wp-json\/wp\/v2\/product_tag?post=227605"}],"curies":[{"name":"wp","href":"https:\/\/api.w.org\/{rel}","templated":true}]}}