{"id":227919,"date":"2022-10-11T20:23:21","date_gmt":"2022-10-11T19:23:21","guid":{"rendered":"https:\/\/www.moskito.cz\/?post_type=product&#038;p=227919"},"modified":"2025-05-07T10:42:12","modified_gmt":"2025-05-07T09:42:12","slug":"microtech-tricko-unisex-tricko-s-kapuci-s-dlouhym-rukavem-vel-xl","status":"publish","type":"product","link":"https:\/\/www.moskito.cz\/fr\/produkt\/microtech-tricko-unisex-tricko-s-kapuci-s-dlouhym-rukavem-vel-xl\/","title":{"rendered":"MICROTECH TRI\u010cKO UNISEX TRI\u010cKO S KAPUC\u00cd S DLOUH\u00ddM RUK\u00c1VEM vel. XL"},"content":{"rendered":"<p><strong>MICROTECH<\/strong> TRI\u010cKO UNISEX TRI\u010cKO S KAPUC\u00cd S DLOUH\u00ddM RUK\u00c1VEM vel. XL.<\/p>\n<p>Tato lehk\u00e1 triko ze t\u0159\u00ed sm\u011bs\u00ed s dlouh\u00fdm ruk\u00e1vem m\u00e1 kapuci a na\u0161e z\u00e1kladn\u00ed logo Microtech.<\/p>\n<p>50 % Polyester, 25 % \u010desan\u00e1 krou\u017ekov\u00e1 bavlna, 25 % Rayon<br \/>\nTri-Blend Jersey ko\u0161ile s dlouh\u00fdm ruk\u00e1vem a kapuc\u00ed<\/p>\n<p><iframe title=\"Microtech Combat Troodon Torture Test\" width=\"800\" height=\"450\" src=\"https:\/\/www.youtube.com\/embed\/xE9TeOFYEjg?feature=oembed\" frameborder=\"0\" allow=\"accelerometer; autoplay; clipboard-write; encrypted-media; gyroscope; picture-in-picture; web-share\" allowfullscreen><\/iframe><\/p>\n<p>&nbsp;<\/p>\n","protected":false},"excerpt":{"rendered":"<p><strong>Velikost XL.<\/strong><\/p>\n","protected":false},"featured_media":227920,"comment_status":"open","ping_status":"closed","template":"","meta":[],"pwb-brand":[431],"product_brand":[],"product_cat":[2019,17],"product_tag":[3667],"class_list":{"0":"post-227919","1":"product","2":"type-product","3":"status-publish","4":"has-post-thumbnail","6":"pwb-brand-microtech","7":"product_cat-vystrelovaci-noze","8":"product_cat-noze","9":"product_tag-b2b","11":"first","12":"outofstock","13":"taxable","14":"shipping-taxable","15":"purchasable","16":"product-type-simple"},"brands":[{"id":431,"name":"Microtech","slug":"microtech"}],"_links":{"self":[{"href":"https:\/\/www.moskito.cz\/fr\/wp-json\/wp\/v2\/product\/227919","targetHints":{"allow":["GET"]}}],"collection":[{"href":"https:\/\/www.moskito.cz\/fr\/wp-json\/wp\/v2\/product"}],"about":[{"href":"https:\/\/www.moskito.cz\/fr\/wp-json\/wp\/v2\/types\/product"}],"replies":[{"embeddable":true,"href":"https:\/\/www.moskito.cz\/fr\/wp-json\/wp\/v2\/comments?post=227919"}],"wp:featuredmedia":[{"embeddable":true,"href":"https:\/\/www.moskito.cz\/fr\/wp-json\/wp\/v2\/media\/227920"}],"wp:attachment":[{"href":"https:\/\/www.moskito.cz\/fr\/wp-json\/wp\/v2\/media?parent=227919"}],"wp:term":[{"taxonomy":"pwb-brand","embeddable":true,"href":"https:\/\/www.moskito.cz\/fr\/wp-json\/wp\/v2\/pwb-brand?post=227919"},{"taxonomy":"product_brand","embeddable":true,"href":"https:\/\/www.moskito.cz\/fr\/wp-json\/wp\/v2\/product_brand?post=227919"},{"taxonomy":"product_cat","embeddable":true,"href":"https:\/\/www.moskito.cz\/fr\/wp-json\/wp\/v2\/product_cat?post=227919"},{"taxonomy":"product_tag","embeddable":true,"href":"https:\/\/www.moskito.cz\/fr\/wp-json\/wp\/v2\/product_tag?post=227919"}],"curies":[{"name":"wp","href":"https:\/\/api.w.org\/{rel}","templated":true}]}}