{"id":227957,"date":"2022-10-11T21:29:16","date_gmt":"2022-10-11T20:29:16","guid":{"rendered":"https:\/\/www.moskito.cz\/?post_type=product&#038;p=227957"},"modified":"2025-05-07T10:42:16","modified_gmt":"2025-05-07T09:42:16","slug":"microtech-tricko-core-tricko-ss-crew-unisex-charcoal-red-vel-l","status":"publish","type":"product","link":"https:\/\/www.moskito.cz\/fr\/produkt\/microtech-tricko-core-tricko-ss-crew-unisex-charcoal-red-vel-l\/","title":{"rendered":"MICROTECH TRI\u010cKO Core Tri\u010dko SS Crew Unisex Charcoal\/Red vel.L"},"content":{"rendered":"<p><strong>MICROTECH<\/strong> TRI\u010cKO Core Tri\u010dko SS Crew Unisex Charcoal\/Red vel.L<\/p>\n<p>Na\u0161e klasick\u00e1 tri\u010dka se dod\u00e1vaj\u00ed v r\u016fzn\u00fdch barv\u00e1ch a maj\u00ed logo Microtech na pohodln\u00e9m unisex tri\u010dku s kr\u00e1tk\u00fdm ruk\u00e1vem . K dispozici uhlov\u00e9 barv\u011b.<\/p>\n<p>60% \u010desan\u00e1 ring-spun bavlna, 40% polyester<br \/>\nUnisex kr\u00e1tk\u00fd ruk\u00e1v s v\u00fdst\u0159ihem.<\/p>\n<p><iframe title=\"Microtech Combat Troodon Torture Test\" width=\"800\" height=\"450\" src=\"https:\/\/www.youtube.com\/embed\/xE9TeOFYEjg?feature=oembed\" frameborder=\"0\" allow=\"accelerometer; autoplay; clipboard-write; encrypted-media; gyroscope; picture-in-picture; web-share\" allowfullscreen><\/iframe><\/p>\n<p>&nbsp;<\/p>\n","protected":false},"excerpt":{"rendered":"<p><strong>Velikost L.<\/strong><\/p>\n","protected":false},"featured_media":227958,"comment_status":"open","ping_status":"closed","template":"","meta":[],"pwb-brand":[431],"product_brand":[],"product_cat":[2019,17],"product_tag":[3667],"class_list":{"0":"post-227957","1":"product","2":"type-product","3":"status-publish","4":"has-post-thumbnail","6":"pwb-brand-microtech","7":"product_cat-vystrelovaci-noze","8":"product_cat-noze","9":"product_tag-b2b","11":"first","12":"instock","13":"taxable","14":"shipping-taxable","15":"purchasable","16":"product-type-simple"},"brands":[{"id":431,"name":"Microtech","slug":"microtech"}],"_links":{"self":[{"href":"https:\/\/www.moskito.cz\/fr\/wp-json\/wp\/v2\/product\/227957","targetHints":{"allow":["GET"]}}],"collection":[{"href":"https:\/\/www.moskito.cz\/fr\/wp-json\/wp\/v2\/product"}],"about":[{"href":"https:\/\/www.moskito.cz\/fr\/wp-json\/wp\/v2\/types\/product"}],"replies":[{"embeddable":true,"href":"https:\/\/www.moskito.cz\/fr\/wp-json\/wp\/v2\/comments?post=227957"}],"wp:featuredmedia":[{"embeddable":true,"href":"https:\/\/www.moskito.cz\/fr\/wp-json\/wp\/v2\/media\/227958"}],"wp:attachment":[{"href":"https:\/\/www.moskito.cz\/fr\/wp-json\/wp\/v2\/media?parent=227957"}],"wp:term":[{"taxonomy":"pwb-brand","embeddable":true,"href":"https:\/\/www.moskito.cz\/fr\/wp-json\/wp\/v2\/pwb-brand?post=227957"},{"taxonomy":"product_brand","embeddable":true,"href":"https:\/\/www.moskito.cz\/fr\/wp-json\/wp\/v2\/product_brand?post=227957"},{"taxonomy":"product_cat","embeddable":true,"href":"https:\/\/www.moskito.cz\/fr\/wp-json\/wp\/v2\/product_cat?post=227957"},{"taxonomy":"product_tag","embeddable":true,"href":"https:\/\/www.moskito.cz\/fr\/wp-json\/wp\/v2\/product_tag?post=227957"}],"curies":[{"name":"wp","href":"https:\/\/api.w.org\/{rel}","templated":true}]}}