{"id":227988,"date":"2022-10-12T20:15:29","date_gmt":"2022-10-12T19:15:29","guid":{"rendered":"https:\/\/www.moskito.cz\/?post_type=product&#038;p=227988"},"modified":"2025-05-12T18:25:08","modified_gmt":"2025-05-12T17:25:08","slug":"microtech-tricko-s-logem-vel-l","status":"publish","type":"product","link":"https:\/\/www.moskito.cz\/fr\/produkt\/microtech-tricko-s-logem-vel-l\/","title":{"rendered":"MICROTECH TRI\u010cKO S LOGEM vel.L"},"content":{"rendered":"<p><strong>MICROTECH<\/strong> TRI\u010cKO S LOGEM vel.L<\/p>\n<p>Microtech 25 % \u010desan\u00e1 krou\u017ekov\u00e1 bavlna, 50 % Polyester, 25 % Rayon. Unisex tri-blend s kr\u00e1tk\u00fdm ruk\u00e1vem a v\u00fdst\u0159ihem.<\/p>\n<p><iframe title=\"Microtech Combat Troodon Torture Test\" width=\"800\" height=\"450\" src=\"https:\/\/www.youtube.com\/embed\/xE9TeOFYEjg?feature=oembed\" frameborder=\"0\" allow=\"accelerometer; autoplay; clipboard-write; encrypted-media; gyroscope; picture-in-picture; web-share\" allowfullscreen><\/iframe><\/p>\n<p>&nbsp;<\/p>\n","protected":false},"excerpt":{"rendered":"<p><strong>Velikost L.<\/strong><\/p>\n","protected":false},"featured_media":227989,"comment_status":"open","ping_status":"closed","template":"","meta":[],"pwb-brand":[431],"product_brand":[],"product_cat":[2019,17],"product_tag":[3667],"class_list":{"0":"post-227988","1":"product","2":"type-product","3":"status-publish","4":"has-post-thumbnail","6":"pwb-brand-microtech","7":"product_cat-vystrelovaci-noze","8":"product_cat-noze","9":"product_tag-b2b","11":"first","12":"instock","13":"taxable","14":"shipping-taxable","15":"purchasable","16":"product-type-simple"},"brands":[{"id":431,"name":"Microtech","slug":"microtech"}],"_links":{"self":[{"href":"https:\/\/www.moskito.cz\/fr\/wp-json\/wp\/v2\/product\/227988","targetHints":{"allow":["GET"]}}],"collection":[{"href":"https:\/\/www.moskito.cz\/fr\/wp-json\/wp\/v2\/product"}],"about":[{"href":"https:\/\/www.moskito.cz\/fr\/wp-json\/wp\/v2\/types\/product"}],"replies":[{"embeddable":true,"href":"https:\/\/www.moskito.cz\/fr\/wp-json\/wp\/v2\/comments?post=227988"}],"wp:featuredmedia":[{"embeddable":true,"href":"https:\/\/www.moskito.cz\/fr\/wp-json\/wp\/v2\/media\/227989"}],"wp:attachment":[{"href":"https:\/\/www.moskito.cz\/fr\/wp-json\/wp\/v2\/media?parent=227988"}],"wp:term":[{"taxonomy":"pwb-brand","embeddable":true,"href":"https:\/\/www.moskito.cz\/fr\/wp-json\/wp\/v2\/pwb-brand?post=227988"},{"taxonomy":"product_brand","embeddable":true,"href":"https:\/\/www.moskito.cz\/fr\/wp-json\/wp\/v2\/product_brand?post=227988"},{"taxonomy":"product_cat","embeddable":true,"href":"https:\/\/www.moskito.cz\/fr\/wp-json\/wp\/v2\/product_cat?post=227988"},{"taxonomy":"product_tag","embeddable":true,"href":"https:\/\/www.moskito.cz\/fr\/wp-json\/wp\/v2\/product_tag?post=227988"}],"curies":[{"name":"wp","href":"https:\/\/api.w.org\/{rel}","templated":true}]}}