{"id":228218,"date":"2022-10-18T15:27:38","date_gmt":"2022-10-18T14:27:38","guid":{"rendered":"https:\/\/www.moskito.cz\/?post_type=product&#038;p=228218"},"modified":"2025-09-06T12:11:57","modified_gmt":"2025-09-06T11:11:57","slug":"zaviraci-nuz-boker-plus-thunder-storm-auto-coyote","status":"publish","type":"product","link":"https:\/\/www.moskito.cz\/fr\/produkt\/zaviraci-nuz-boker-plus-thunder-storm-auto-coyote\/","title":{"rendered":"Zav\u00edrac\u00ed N\u016f\u017e B\u00f6ker Plus Thunder Storm Auto Coyote"},"content":{"rendered":"<p>Zav\u00edrac\u00ed N\u016f\u017e <strong>B\u00f6ker<\/strong> Plus Thunder Storm Auto Coyote.<\/p>\n<p>B\u00f6ker Plus Thunder Storm Auto, navr\u017een\u00fd Borisem Manasherovem, je stabiln\u00ed taktick\u00fd n\u016f\u017e, kter\u00fd d\u00edky v\u00fdrazn\u00e9mu vybr\u00e1n\u00ed pro ukazov\u00e1\u010dek perfektn\u011b padne do ruky t\u00e9m\u011b\u0159 v jak\u00e9koli poloze \u00fachopu. Rychl\u00e9 zm\u011bny \u00fachopu na reverzn\u00ed \u00fachop nebo h\u0159bet jsou podporov\u00e1ny zvln\u011bn\u00edm na h\u0159betu \u010depele a na rukojeti. \u0160upiny rukojeti v barv\u011b kojota jsou vyfr\u00e9zov\u00e1ny z hlin\u00edku a maj\u00ed z\u00e1\u0159ezy sni\u017euj\u00edc\u00ed hmotnost. \u010cepel AUS-8 m\u00e1 tmavou povrchovou \u00fapravu Stonewash a otev\u00edr\u00e1 se automaticky tla\u010d\u00edtkem. Obsahuje rozb\u00edje\u010d skla z karbidu wolframu, otvor pro \u0161\u0148\u016frku a oboustrannou sponu pro hlubok\u00e9 no\u0161en\u00ed (skl\u00e1p\u011bc\u00ed).<\/p>\n<p>&nbsp;<\/p>\n<p>Popis produktu<br \/>\nCelkov\u00e1 d\u00e9lka: 18.5 cm<br \/>\nD\u00e9lka \u010depele: 7.2 cm<br \/>\nTlou\u0161\u0165ka \u010depele: 3.3 mm<br \/>\nHmotnost:: 101 g<br \/>\nMateri\u00e1l \u010depele: AUS-8<br \/>\nMateri\u00e1l rukojeti: Hlin\u00edk<\/p>\n","protected":false},"excerpt":{"rendered":"<p>N\u016f\u017e B\u00f6ker Plus Thunder Storm Auto navr\u017een\u00fd Borisem Manasherovem<\/p>\n","protected":false},"featured_media":228219,"comment_status":"open","ping_status":"closed","template":"","meta":[],"pwb-brand":[140],"product_brand":[],"product_cat":[22,17],"product_tag":[3667],"class_list":{"0":"post-228218","1":"product","2":"type-product","3":"status-publish","4":"has-post-thumbnail","6":"pwb-brand-boker","7":"product_cat-zaviraci-noze","8":"product_cat-noze","9":"product_tag-b2b","11":"first","12":"instock","13":"taxable","14":"shipping-taxable","15":"purchasable","16":"product-type-simple"},"brands":[{"id":140,"name":"Boker","slug":"boker"}],"_links":{"self":[{"href":"https:\/\/www.moskito.cz\/fr\/wp-json\/wp\/v2\/product\/228218","targetHints":{"allow":["GET"]}}],"collection":[{"href":"https:\/\/www.moskito.cz\/fr\/wp-json\/wp\/v2\/product"}],"about":[{"href":"https:\/\/www.moskito.cz\/fr\/wp-json\/wp\/v2\/types\/product"}],"replies":[{"embeddable":true,"href":"https:\/\/www.moskito.cz\/fr\/wp-json\/wp\/v2\/comments?post=228218"}],"wp:featuredmedia":[{"embeddable":true,"href":"https:\/\/www.moskito.cz\/fr\/wp-json\/wp\/v2\/media\/228219"}],"wp:attachment":[{"href":"https:\/\/www.moskito.cz\/fr\/wp-json\/wp\/v2\/media?parent=228218"}],"wp:term":[{"taxonomy":"pwb-brand","embeddable":true,"href":"https:\/\/www.moskito.cz\/fr\/wp-json\/wp\/v2\/pwb-brand?post=228218"},{"taxonomy":"product_brand","embeddable":true,"href":"https:\/\/www.moskito.cz\/fr\/wp-json\/wp\/v2\/product_brand?post=228218"},{"taxonomy":"product_cat","embeddable":true,"href":"https:\/\/www.moskito.cz\/fr\/wp-json\/wp\/v2\/product_cat?post=228218"},{"taxonomy":"product_tag","embeddable":true,"href":"https:\/\/www.moskito.cz\/fr\/wp-json\/wp\/v2\/product_tag?post=228218"}],"curies":[{"name":"wp","href":"https:\/\/api.w.org\/{rel}","templated":true}]}}