{"id":228505,"date":"2022-10-21T10:45:25","date_gmt":"2022-10-21T09:45:25","guid":{"rendered":"https:\/\/www.moskito.cz\/?post_type=product&#038;p=228505"},"modified":"2025-05-07T10:42:47","modified_gmt":"2025-05-07T09:42:47","slug":"zaviraci-nuz-magnum-chainsaw-attendant-satin-01ry294","status":"publish","type":"product","link":"https:\/\/www.moskito.cz\/fr\/produkt\/zaviraci-nuz-magnum-chainsaw-attendant-satin-01ry294\/","title":{"rendered":"Zav\u00edrac\u00ed N\u016f\u017e  Magnum Chainsaw Attendant Satin 01RY294"},"content":{"rendered":"<p>Zav\u00edrac\u00ed N\u016f\u017e <strong>Magnum<\/strong> Chainsaw Attendant Satin 01RY294.<\/p>\n<p>Magnum Chainsaw Attendant je nezni\u010diteln\u00fd, robustn\u00ed a \u0161ikovn\u00fd spole\u010dn\u00edk pro obsluhu motorov\u00e9 pily. Dr\u00e1\u017eky pro prsty, plastov\u00e1 rukoje\u0165 sign\u00e1ln\u00ed barvy s plastov\u00fdm elastomerov\u00fdm povlakem, masivn\u00ed nerezov\u00e9 desti\u010dky a rozb\u00edje\u010d skla jsou siln\u00e9 vlastnosti, kter\u00e9 mluv\u00ed samy za sebe. \u010cepel typu drop point s kuli\u010dkov\u00fdm lo\u017eiskem vyroben\u00e1 z hou\u017eevnat\u00e9 oceli 440B, kter\u00e1 dr\u017e\u00ed hrany, lze snadno otev\u0159\u00edt i v siln\u00fdch pracovn\u00edch rukavic\u00edch. Prakti\u010dnost dopl\u0148uje velk\u00fd klip. Kapesn\u00ed n\u016f\u017e Chainsaw Attendant Satin je vybaven odoln\u00fdm sat\u00e9nov\u00fdm povrchem a hladk\u00fdm ost\u0159\u00edm, kter\u00e9 lze snadno p\u0159ebrousit.<\/p>\n<p>Popis produktu:<br \/>\nCelkov\u00e1 d\u00e9lka: 22.3 cm<br \/>\nD\u00e9lka \u010depele: 9 cm<br \/>\nTlou\u0161\u0165ka \u010depele: 3.2 mm<br \/>\nHmotnost: 184 g<br \/>\nMateri\u00e1l \u010depele: 440A<br \/>\nMateri\u00e1l rukojeti: Plast<br \/>\nTyp pojistky: Linerlock<\/p>\n","protected":false},"excerpt":{"rendered":"<p>Magnum Chainsaw Attendant je nezni\u010diteln\u00fd, robustn\u00ed a \u0161ikovn\u00fd.<\/p>\n","protected":false},"featured_media":228506,"comment_status":"open","ping_status":"closed","template":"","meta":[],"pwb-brand":[140],"product_brand":[],"product_cat":[22,17],"product_tag":[3667],"class_list":{"0":"post-228505","1":"product","2":"type-product","3":"status-publish","4":"has-post-thumbnail","6":"pwb-brand-boker","7":"product_cat-zaviraci-noze","8":"product_cat-noze","9":"product_tag-b2b","11":"first","12":"instock","13":"taxable","14":"shipping-taxable","15":"purchasable","16":"product-type-simple"},"brands":[{"id":140,"name":"Boker","slug":"boker"}],"_links":{"self":[{"href":"https:\/\/www.moskito.cz\/fr\/wp-json\/wp\/v2\/product\/228505","targetHints":{"allow":["GET"]}}],"collection":[{"href":"https:\/\/www.moskito.cz\/fr\/wp-json\/wp\/v2\/product"}],"about":[{"href":"https:\/\/www.moskito.cz\/fr\/wp-json\/wp\/v2\/types\/product"}],"replies":[{"embeddable":true,"href":"https:\/\/www.moskito.cz\/fr\/wp-json\/wp\/v2\/comments?post=228505"}],"wp:featuredmedia":[{"embeddable":true,"href":"https:\/\/www.moskito.cz\/fr\/wp-json\/wp\/v2\/media\/228506"}],"wp:attachment":[{"href":"https:\/\/www.moskito.cz\/fr\/wp-json\/wp\/v2\/media?parent=228505"}],"wp:term":[{"taxonomy":"pwb-brand","embeddable":true,"href":"https:\/\/www.moskito.cz\/fr\/wp-json\/wp\/v2\/pwb-brand?post=228505"},{"taxonomy":"product_brand","embeddable":true,"href":"https:\/\/www.moskito.cz\/fr\/wp-json\/wp\/v2\/product_brand?post=228505"},{"taxonomy":"product_cat","embeddable":true,"href":"https:\/\/www.moskito.cz\/fr\/wp-json\/wp\/v2\/product_cat?post=228505"},{"taxonomy":"product_tag","embeddable":true,"href":"https:\/\/www.moskito.cz\/fr\/wp-json\/wp\/v2\/product_tag?post=228505"}],"curies":[{"name":"wp","href":"https:\/\/api.w.org\/{rel}","templated":true}]}}