{"id":228776,"date":"2022-10-25T21:17:55","date_gmt":"2022-10-25T20:17:55","guid":{"rendered":"https:\/\/www.moskito.cz\/?post_type=product&#038;p=228776"},"modified":"2025-05-07T10:42:54","modified_gmt":"2025-05-07T09:42:54","slug":"pevny-nuz-heretic-knives-sleight-fixed-blade-h050-9c","status":"publish","type":"product","link":"https:\/\/www.moskito.cz\/fr\/produkt\/pevny-nuz-heretic-knives-sleight-fixed-blade-h050-9c\/","title":{"rendered":"Pevn\u00fd N\u016f\u017e HERETIC KNIVES Sleight Fixed Blade H050-9C"},"content":{"rendered":"<p>Pevn\u00fd N\u016f\u017e <strong>HERETIC KNIVES<\/strong> Sleight Fixed Blade H050-9C.<\/p>\n<p>P\u0159edstavujeme Heretic Sleight, prvn\u00ed modul\u00e1rn\u00ed tla\u010dnou d\u00fdku Tony Jr. Sleight je vybaven dl\u00e1tem brou\u0161en\u00fdm dvojit\u00fdm b\u0159item CPM-20CV z nerezov\u00e9 oceli se standardn\u00edm ost\u0159\u00edm. Tento n\u016f\u017e je zcela modul\u00e1rn\u00ed. Odstran\u011bn\u00edm \u0161roub\u016f (T8) m\u016f\u017eete vym\u011bnit \u010depel za rukoje\u0165 no\u017ee Sleight (prod\u00e1v\u00e1 se samostatn\u011b) nebo ji vym\u011bnit za jin\u00e9 p\u0159\u00edslu\u0161enstv\u00ed Sleight. Zabezpe\u010deno pomoc\u00ed Tek-Lok.<\/p>\n<p>Tento model m\u00e1 \u010dernou eloxovanou hlin\u00edkovou rukoje\u0165. \u010cepel z nerezov\u00e9 oceli CPM-20V s povrchovou \u00fapravou Ti Nitride s jedn\u00edm standardn\u00edm ost\u0159\u00edm a jedn\u00edm pln\u011b zoubkovan\u00fdm ost\u0159\u00edm.<\/p>\n<p>Specifikace<br \/>\nD\u00e9lka \u010depele: 7.375 cm<br \/>\nCelkov\u00e1 d\u00e9lka: 13.5 cm<br \/>\nMateri\u00e1l \u010depele: CPM-20CV Nerezov\u00e1 ocel<br \/>\nTlou\u0161\u0165ka \u010depele: 0.862 cm<br \/>\nTyp okraje: Zoubkovan\u00fd<br \/>\nBrou\u0161en\u00ed \u010depele: Ploch\u00e9<br \/>\nPovrchov\u00e1 \u00faprava \u010depele: Ti nitrid<br \/>\nMateri\u00e1l rukojeti: Hlin\u00edk<br \/>\nTlou\u0161\u0165ka rukojeti: 0.862 cm<br \/>\nMateri\u00e1l pl\u00e1\u0161t\u011b: Kydex<br \/>\nHmotnost: 3,2 oz.<br \/>\nHmotnost s pouzdrem: 6,0 oz.<br \/>\nDesign\u00e9r: Tony Marfione Jr.<br \/>\nVyrobeno v USA<\/p>\n<p><iframe title=\"Heretic Shop Video\" width=\"800\" height=\"450\" src=\"https:\/\/www.youtube.com\/embed\/7qUL5q7Cvgo?feature=oembed\" frameborder=\"0\" allow=\"accelerometer; autoplay; clipboard-write; encrypted-media; gyroscope; picture-in-picture; web-share\" referrerpolicy=\"strict-origin-when-cross-origin\" allowfullscreen><\/iframe><\/p>\n<p>&nbsp;<\/p>\n","protected":false},"excerpt":{"rendered":"<p>V\u0161echny na\u0161e no\u017ee jsou vyrobeny v USA a tak to zachov\u00e1me. Kdy\u017e si koup\u00edte n\u011bkter\u00fd z na\u0161ich no\u017e\u016f, m\u016f\u017eete m\u00edt d\u016fv\u011bru ve sv\u016fj n\u00e1stroj s v\u011bdom\u00edm, \u017ee je podporov\u00e1n americkou spole\u010dnost\u00ed. Na\u0161e no\u017ee jsou vyr\u00e1b\u011bny v mal\u00fdch s\u00e9ri\u00edch, abychom zajistili, \u017ee dostanete kvalitn\u00ed n\u016f\u017e, kter\u00e9mu se dost\u00e1v\u00e1 pozornosti, jak\u00e9 se nedost\u00e1v\u00e1 jin\u00fdm s\u00e9riov\u011b vyr\u00e1b\u011bn\u00fdm no\u017e\u016fm!!<\/p>\n","protected":false},"featured_media":228780,"comment_status":"open","ping_status":"closed","template":"","meta":[],"pwb-brand":[318],"product_brand":[],"product_cat":[23,17],"product_tag":[],"class_list":{"0":"post-228776","1":"product","2":"type-product","3":"status-publish","4":"has-post-thumbnail","6":"pwb-brand-heretic-knives","7":"product_cat-pevne-noze","8":"product_cat-noze","10":"first","11":"instock","12":"taxable","13":"shipping-taxable","14":"purchasable","15":"product-type-simple"},"brands":[{"id":318,"name":"Heretic Knives","slug":"heretic-knives"}],"_links":{"self":[{"href":"https:\/\/www.moskito.cz\/fr\/wp-json\/wp\/v2\/product\/228776","targetHints":{"allow":["GET"]}}],"collection":[{"href":"https:\/\/www.moskito.cz\/fr\/wp-json\/wp\/v2\/product"}],"about":[{"href":"https:\/\/www.moskito.cz\/fr\/wp-json\/wp\/v2\/types\/product"}],"replies":[{"embeddable":true,"href":"https:\/\/www.moskito.cz\/fr\/wp-json\/wp\/v2\/comments?post=228776"}],"wp:featuredmedia":[{"embeddable":true,"href":"https:\/\/www.moskito.cz\/fr\/wp-json\/wp\/v2\/media\/228780"}],"wp:attachment":[{"href":"https:\/\/www.moskito.cz\/fr\/wp-json\/wp\/v2\/media?parent=228776"}],"wp:term":[{"taxonomy":"pwb-brand","embeddable":true,"href":"https:\/\/www.moskito.cz\/fr\/wp-json\/wp\/v2\/pwb-brand?post=228776"},{"taxonomy":"product_brand","embeddable":true,"href":"https:\/\/www.moskito.cz\/fr\/wp-json\/wp\/v2\/product_brand?post=228776"},{"taxonomy":"product_cat","embeddable":true,"href":"https:\/\/www.moskito.cz\/fr\/wp-json\/wp\/v2\/product_cat?post=228776"},{"taxonomy":"product_tag","embeddable":true,"href":"https:\/\/www.moskito.cz\/fr\/wp-json\/wp\/v2\/product_tag?post=228776"}],"curies":[{"name":"wp","href":"https:\/\/api.w.org\/{rel}","templated":true}]}}