{"id":228857,"date":"2022-10-30T13:55:51","date_gmt":"2022-10-30T12:55:51","guid":{"rendered":"https:\/\/www.moskito.cz\/?post_type=product&#038;p=228857"},"modified":"2025-05-07T10:42:56","modified_gmt":"2025-05-07T09:42:56","slug":"vystrelovaci-nuz-microtech-marfione-custom-knives-mini-halo-iii-mirror-polished-m390","status":"publish","type":"product","link":"https:\/\/www.moskito.cz\/fr\/produkt\/vystrelovaci-nuz-microtech-marfione-custom-knives-mini-halo-iii-mirror-polished-m390\/","title":{"rendered":"Vyst\u0159elovac\u00ed N\u016f\u017e Microtech Marfione Custom Knives Mini Halo III Mirror Polished M390"},"content":{"rendered":"<p>Vyst\u0159elovac\u00ed N\u016f\u017e <strong>Microtech Marfione<\/strong> Custom Knives Mini Halo III Mirror Polished M390.<\/p>\n<p>Marfione Custom Knives Mini Halo III OTF AUTO 2.0&Prime; Mirror Polished M390 Tanto Blade, Double Vapor Blast Stainless Steel Handles, Black Lip Mother of Pearl Button, Custom Carbon Fiber Case &#8211; 535-MCK<\/p>\n<p>Vyst\u0159elovac\u00ed n\u016f\u017e Microtech Marfione Custom Knives Mini Halo III Mirror Polished M390 je \u0161pi\u010dkov\u00fd kousek, kter\u00fd se nach\u00e1z\u00ed v nab\u00eddce zna\u010dek Microtech, zn\u00e1m\u00e9 pro v\u00fdrobu vysoce kvalitn\u00edch no\u017e\u016f, zejm\u00e9na vyst\u0159elovac\u00edch model\u016f. Tento konkr\u00e9tn\u00ed model je sou\u010d\u00e1st\u00ed limitovan\u00e9 edice Marfione Custom Knives , co\u017e je zna\u010dka zam\u011b\u0159uj\u00edc\u00ed se na jedine\u010dn\u00e9, ru\u010dn\u011b vyr\u00e1b\u011bn\u00e9 no\u017ee, \u010dasto s inovativn\u00edm designem a exkluzivn\u00edmi materi\u00e1ly.<\/p>\n<p>Kl\u00ed\u010dov\u00e9 vlastnosti tohoto no\u017ee:<br \/>\nVyst\u0159elovac\u00ed mechanismus (OTF &#8211; Out The Front) :<br \/>\nTento n\u016f\u017e je vybaven mechanismem OTF, co\u017e znamen\u00e1, \u017ee \u010depel vyst\u0159eluje p\u0159\u00edmo z rukojeti, co\u017e je velmi specifick\u00e1 a vysoce oce\u0148ovan\u00e1 vlastnost mezi sb\u011brateli a nad\u0161enci.<br \/>\nMini Halo III :<br \/>\n\u00ab\u00a0Mini Halo III\u00a0\u00bb je men\u0161\u00ed verze p\u016fvodn\u00edho modelu Halo, co\u017e znamen\u00e1, \u017ee tento n\u016f\u017e je kompaktn\u00ed, ale st\u00e1le velmi v\u00fdkonn\u00fd. M\u00e1 skv\u011bl\u00e1 ergonomie a je ide\u00e1ln\u00ed pro pou\u017eit\u00ed v n\u00e1ro\u010dn\u00fdch podm\u00ednk\u00e1ch nebo pro sb\u011bratele.<br \/>\nM390 \u010depele :<br \/>\n\u010cepel je z oceli M390 , kter\u00e1 je vyrobena za jednu z nejlep\u0161\u00edch ocel\u00ed na trhu pro v\u00fdrobu no\u017e\u016f. M390 m\u00e1 vynikaj\u00edc\u00ed odolnost proti opot\u0159eben\u00ed, dlouhou \u017eivotnost a je odoln\u00fd proti korozi.<br \/>\nMirror Polish (zrcadlov\u00fd le\u0161t\u011bn\u00ed) :<br \/>\nLe\u0161t\u011bn\u00ed do zrcadlov\u00e9ho lesku znamen\u00e1, \u017ee \u010depel m\u00e1 hladk\u00fd, leskl\u00fd povrch, kter\u00fd nejen\u017ee vypad\u00e1 esteticky, ale tak\u00e9 zlep\u0161uje odolnost proti korozi a udr\u017euje \u00fadr\u017ebu.<br \/>\nKvalitn\u00ed konstrukce :<br \/>\nMicrotech je zn\u00e1m\u00e1 svou vynikaj\u00edc\u00ed v\u00fdrobn\u00ed kvalitou. Tento n\u016f\u017e je vyroben z vysoce kvalitn\u00edch materi\u00e1l\u016f, v\u010detn\u011b titanu a dal\u0161\u00edch pokro\u010dil\u00fdch slitin, co\u017e zaru\u010duje vysokou pevnost, lehkost a dlouhou \u017eivotnost.<br \/>\nEstetika a design:<br \/>\nN\u016f\u017e m\u00e1 velmi stylov\u00fd a sofistikovan\u00fd vzhled d\u00edky kombinaci zrcadlov\u00e9ho le\u0161t\u011bn\u00ed a modern\u00edho designu. S t\u00edmto no\u017eem je nejen skv\u011bl\u00fdm n\u00e1strojem pro ka\u017edodenn\u00ed no\u0161en\u00ed (EDC), ale tak\u00e9 sb\u011bratelsk\u00fdm kouskem, kter\u00fd si z\u00edsk\u00e1v\u00e1 popularitu mezi n\u00e1ro\u010dn\u00fdmi u\u017eivateli.<\/p>\n<p>Specifikace:<br \/>\nTyp no\u017ee : Vyst\u0159elovac\u00ed (OTF)<br \/>\nD\u00e9lka \u010depele : 5 cm<br \/>\nMateri\u00e1l \u010depele : M390<br \/>\nLe\u0161t\u011bn\u00ed : Zrcadlov\u011b le\u0161t\u011bn\u00e9<br \/>\nRukoje\u0165 : Tit\u00e1nov\u00e1 nebo hlin\u00edkov\u00e1 (v z\u00e1vislosti na edici)<br \/>\nMechanismus : Automatick\u00fd vyst\u0159elovac\u00ed mechanismus<br \/>\nV\u00fdrobce : Microtech Marfione Custom Knives<br \/>\nPokud jste sb\u011bratel nebo nad\u0161enec do no\u017e\u016f, tento model je skv\u011blou volbou pro svou v\u00fdjime\u010dnou kvalitu, design a jedine\u010dn\u00e9 zpracov\u00e1n\u00ed.<\/p>\n<p>Kl\u00ed\u010dov\u00e9 vlastnosti:<br \/>\nAutomatick\u00fd mechanismus zep\u0159edu (OTF) :<\/p>\n<p>Jedn\u00e1 se o automatick\u00fd n\u016f\u017e OTF , co\u017e znamen\u00e1, \u017ee \u010depel se vysune z p\u0159edn\u00ed \u010d\u00e1sti rukojeti stisknut\u00edm tla\u010d\u00edtka. Jedn\u00e1 se o velmi vyhled\u00e1van\u00fd mechanismus d\u00edky jeho hladk\u00e9mu a rychl\u00e9mu nasazen\u00ed, nab\u00edz\u00ed spolehlivost i snadn\u00e9 pou\u017eit\u00ed.<br \/>\n\u010cepel :<\/p>\n<p>D\u00e9lka \u010depele : 5 cm, d\u00edky \u010demu\u017e je kompaktn\u00ed a snadno se p\u0159en\u00e1\u0161\u00ed, p\u0159i\u010dem\u017e si st\u00e1le zachov\u00e1v\u00e1 vynikaj\u00edc\u00ed \u0159ezn\u00fd v\u00fdkon.<br \/>\nOcel \u010depele : Ocel M390 pou\u017eit\u00e1 v \u010depeli je zn\u00e1m\u00e1 pro sv\u00e9 vynikaj\u00edc\u00ed zachov\u00e1n\u00ed ost\u0159\u00ed, odolnost proti opot\u0159eben\u00ed a odolnost proti korozi, co\u017e z n\u00ed \u010din\u00ed jednu z nejlep\u0161\u00edch ocel\u00ed dostupn\u00fdch pro vysoce v\u00fdkonn\u00e9 no\u017ee.<br \/>\nStyl \u010depele : Tanto \u2013 Siln\u00fd a odoln\u00fd profil \u010depele, zn\u00e1m\u00fd svou schopnost\u00ed propichovat a prov\u00e1d\u011bt p\u0159esn\u00e9 \u0159ezy, zejm\u00e9na p\u0159i n\u00e1ro\u010dn\u00fdch \u00fakolech.<br \/>\nLe\u0161t\u011bn\u00ed zrcadel :<\/p>\n<p>\u010cepel byla povrchov\u011b upravena zrcadlov\u00fdm leskem , co\u017e j\u00ed dod\u00e1v\u00e1 elegantn\u00ed, reflexn\u00ed povrch. To nejen zlep\u0161uje jeho vzhled, ale tak\u00e9 zlep\u0161uje odolnost proti korozi a sni\u017euje t\u0159en\u00ed p\u0159i \u0159ez\u00e1n\u00ed.<br \/>\nRukojeti :<\/p>\n<p>Double Vapor Blast Nerezov\u00e1 ocel : Rukoje\u0165 je vyrobena z napa\u0159ovan\u00e9 nerezov\u00e9 oceli , kter\u00e1 j\u00ed dod\u00e1v\u00e1 odolnou, drsnou texturu a jedine\u010dn\u00fd matn\u00fd povrch, kter\u00fd zlep\u0161uje p\u0159ilnavost a vzhled.<br \/>\ntla\u010d\u00edtko :<\/p>\n<p>Tla\u010d\u00edtko, kter\u00e9 aktivuje mechanismus \u010depele, je vyrobeno z Black Lip Mother of Pearl . Tento luxusn\u00ed materi\u00e1l dod\u00e1v\u00e1 no\u017ei sofistikovan\u00fd duhov\u00fd vzhled a p\u0159isp\u00edv\u00e1 k celkov\u00e9 estetice kousku.<br \/>\nVlastn\u00ed pouzdro z uhl\u00edkov\u00fdch vl\u00e1ken :<\/p>\n<p>N\u016f\u017e je dod\u00e1v\u00e1n s vlastn\u00edm pouzdrem z uhl\u00edkov\u00fdch vl\u00e1ken , kter\u00e9 n\u016f\u017e nejen chr\u00e1n\u00ed, ale dod\u00e1v\u00e1 mu punc exkluzivity a elegance. Uhl\u00edkov\u00e9 vl\u00e1kno je zn\u00e1m\u00e9 t\u00edm, \u017ee je lehk\u00e9 a neuv\u011b\u0159iteln\u011b pevn\u00e9.<\/p>\n<p>&nbsp;<\/p>\n<p>&nbsp;<\/p>\n<p><iframe title=\"Microtech Combat Troodon Torture Test\" width=\"800\" height=\"450\" src=\"https:\/\/www.youtube.com\/embed\/xE9TeOFYEjg?feature=oembed\" frameborder=\"0\" allow=\"accelerometer; autoplay; clipboard-write; encrypted-media; gyroscope; picture-in-picture; web-share\" referrerpolicy=\"strict-origin-when-cross-origin\" allowfullscreen><\/iframe><\/p>\n<p>&nbsp;<\/p>\n","protected":false},"excerpt":{"rendered":"<p><strong>Pokud jste sb\u011bratel nebo nad\u0161enec do no\u017e\u016f, tento model je skv\u011blou volbou pro svou v\u00fdjime\u010dnou kvalitu, design a jedine\u010dn\u00e9 zpracov\u00e1n\u00ed.<\/strong><\/p>\n","protected":false},"featured_media":228858,"comment_status":"open","ping_status":"closed","template":"","meta":[],"pwb-brand":[431],"product_brand":[],"product_cat":[2019,17],"product_tag":[3667],"class_list":{"0":"post-228857","1":"product","2":"type-product","3":"status-publish","4":"has-post-thumbnail","6":"pwb-brand-microtech","7":"product_cat-vystrelovaci-noze","8":"product_cat-noze","9":"product_tag-b2b","11":"first","12":"instock","13":"taxable","14":"shipping-taxable","15":"purchasable","16":"product-type-simple"},"brands":[{"id":431,"name":"Microtech","slug":"microtech"}],"_links":{"self":[{"href":"https:\/\/www.moskito.cz\/fr\/wp-json\/wp\/v2\/product\/228857","targetHints":{"allow":["GET"]}}],"collection":[{"href":"https:\/\/www.moskito.cz\/fr\/wp-json\/wp\/v2\/product"}],"about":[{"href":"https:\/\/www.moskito.cz\/fr\/wp-json\/wp\/v2\/types\/product"}],"replies":[{"embeddable":true,"href":"https:\/\/www.moskito.cz\/fr\/wp-json\/wp\/v2\/comments?post=228857"}],"wp:featuredmedia":[{"embeddable":true,"href":"https:\/\/www.moskito.cz\/fr\/wp-json\/wp\/v2\/media\/228858"}],"wp:attachment":[{"href":"https:\/\/www.moskito.cz\/fr\/wp-json\/wp\/v2\/media?parent=228857"}],"wp:term":[{"taxonomy":"pwb-brand","embeddable":true,"href":"https:\/\/www.moskito.cz\/fr\/wp-json\/wp\/v2\/pwb-brand?post=228857"},{"taxonomy":"product_brand","embeddable":true,"href":"https:\/\/www.moskito.cz\/fr\/wp-json\/wp\/v2\/product_brand?post=228857"},{"taxonomy":"product_cat","embeddable":true,"href":"https:\/\/www.moskito.cz\/fr\/wp-json\/wp\/v2\/product_cat?post=228857"},{"taxonomy":"product_tag","embeddable":true,"href":"https:\/\/www.moskito.cz\/fr\/wp-json\/wp\/v2\/product_tag?post=228857"}],"curies":[{"name":"wp","href":"https:\/\/api.w.org\/{rel}","templated":true}]}}