{"id":228952,"date":"2022-10-30T22:03:48","date_gmt":"2022-10-30T21:03:48","guid":{"rendered":"https:\/\/www.moskito.cz\/?post_type=product&#038;p=228952"},"modified":"2025-05-07T10:42:59","modified_gmt":"2025-05-07T09:42:59","slug":"zaviraci-nuz-extrema-ratio-bf2-r-cd-desert-2","status":"publish","type":"product","link":"https:\/\/www.moskito.cz\/fr\/produkt\/zaviraci-nuz-extrema-ratio-bf2-r-cd-desert-2\/","title":{"rendered":"Zav\u00edrac\u00ed N\u016f\u017e Extrema Ratio BF2 R CD DESERT"},"content":{"rendered":"<p>Zav\u00edrac\u00ed N\u016f\u017e <strong>Extrema Ratio<\/strong> BF2 R CD DESERT.<\/p>\n<p>Extrema Ratio BF2 R CD Dessert je skl\u00e1dac\u00ed n\u016f\u017e zvl\u00e1\u0161\u0165 vhodn\u00fd pro profesion\u00e1ln\u00ed pou\u017eit\u00ed vojensk\u00fdmi nebo policejn\u00edmi pracovn\u00edky. M\u00e1 \u010depel s hladkou hranou z oceli BOHLER N690 v p\u00edskov\u011b-\u0161ed\u00e9 barv\u011b. Otev\u00edr\u00e1 se pomoc\u00ed vysokorychlostn\u00edho otev\u00edrac\u00edho syst\u00e9mu Razor a zaji\u0161\u0165uje ji Linerlock se sekund\u00e1rn\u00edm z\u00e1mkov\u00fdm mechanismem. Rukoje\u0165 je z eloxovan\u00e9ho hlin\u00edku p\u00edskov\u00e9 barvy se sponou na kapsy.<\/p>\n<p>Materi\u00e1l \u010depele: N690<br \/>\nMateri\u00e1l rukojeti: Hlin\u00edk<br \/>\nPojistka: Linerlock<br \/>\nD\u00e9lka \u010depele: 9 cm<br \/>\nCelkov\u00e1 d\u00e9lka: 21.5 cm<br \/>\nD\u00e9lka rukojeti: 12.5 cm<br \/>\nHmotnost: 140 g<br \/>\nVyu\u017eit\u00ed: Taktick\u00fd<br \/>\nTyp no\u017ee: Zav\u00edrac\u00ed<\/p>\n","protected":false},"excerpt":{"rendered":"<p>Spole\u010dnost Extrema Ratio se s\u00eddlem v italsk\u00e9m Pratu navrhuje a vyr\u00e1b\u00ed vysoce v\u00fdkonn\u00e9 bojov\u00e9, vojensk\u00e9, kuchy\u0148sk\u00e9, loveck\u00e9 a taktick\u00e9 no\u017ee od roku 1997 a m\u00e1 pov\u011bst vynikaj\u00edc\u00ed kvality, kter\u00e1 je v oboru vojensk\u00fdch a taktick\u00fdch no\u017e\u016f nep\u0159ekonateln\u00e1.\u00a0<strong>Doprava zdarma.<\/strong><\/p>\n","protected":false},"featured_media":228953,"comment_status":"open","ping_status":"closed","template":"","meta":[],"pwb-brand":[267],"product_brand":[],"product_cat":[22,17],"product_tag":[3667],"class_list":{"0":"post-228952","1":"product","2":"type-product","3":"status-publish","4":"has-post-thumbnail","6":"pwb-brand-extrema-ratio","7":"product_cat-zaviraci-noze","8":"product_cat-noze","9":"product_tag-b2b","11":"first","12":"instock","13":"taxable","14":"shipping-taxable","15":"purchasable","16":"product-type-simple"},"brands":[{"id":267,"name":"Extrema Ratio","slug":"extrema-ratio"}],"_links":{"self":[{"href":"https:\/\/www.moskito.cz\/fr\/wp-json\/wp\/v2\/product\/228952","targetHints":{"allow":["GET"]}}],"collection":[{"href":"https:\/\/www.moskito.cz\/fr\/wp-json\/wp\/v2\/product"}],"about":[{"href":"https:\/\/www.moskito.cz\/fr\/wp-json\/wp\/v2\/types\/product"}],"replies":[{"embeddable":true,"href":"https:\/\/www.moskito.cz\/fr\/wp-json\/wp\/v2\/comments?post=228952"}],"wp:featuredmedia":[{"embeddable":true,"href":"https:\/\/www.moskito.cz\/fr\/wp-json\/wp\/v2\/media\/228953"}],"wp:attachment":[{"href":"https:\/\/www.moskito.cz\/fr\/wp-json\/wp\/v2\/media?parent=228952"}],"wp:term":[{"taxonomy":"pwb-brand","embeddable":true,"href":"https:\/\/www.moskito.cz\/fr\/wp-json\/wp\/v2\/pwb-brand?post=228952"},{"taxonomy":"product_brand","embeddable":true,"href":"https:\/\/www.moskito.cz\/fr\/wp-json\/wp\/v2\/product_brand?post=228952"},{"taxonomy":"product_cat","embeddable":true,"href":"https:\/\/www.moskito.cz\/fr\/wp-json\/wp\/v2\/product_cat?post=228952"},{"taxonomy":"product_tag","embeddable":true,"href":"https:\/\/www.moskito.cz\/fr\/wp-json\/wp\/v2\/product_tag?post=228952"}],"curies":[{"name":"wp","href":"https:\/\/api.w.org\/{rel}","templated":true}]}}