{"id":229058,"date":"2022-10-31T23:04:41","date_gmt":"2022-10-31T22:04:41","guid":{"rendered":"https:\/\/www.moskito.cz\/?post_type=product&#038;p=229058"},"modified":"2025-05-07T10:43:04","modified_gmt":"2025-05-07T09:43:04","slug":"zaviraci-nuz-cold-steel-frenzy-ii-blue-black-s35vn","status":"publish","type":"product","link":"https:\/\/www.moskito.cz\/fr\/produkt\/zaviraci-nuz-cold-steel-frenzy-ii-blue-black-s35vn\/","title":{"rendered":"Zav\u00edrac\u00ed N\u016f\u017e Cold Steel FRENZY II (BLUE\/BLACK) S35VN"},"content":{"rendered":"<p>Zav\u00edrac\u00ed N\u016f\u017e <strong>Cold Steel<\/strong> FRENZY II (BLUE\/BLACK) S35VN.<\/p>\n<p>Cold Steel Frenzy, navr\u017een\u00fd oce\u0148ovan\u00fdm zak\u00e1zkov\u00fdm v\u00fdrobcem no\u017e\u016f Andrewem Demkem, \u010derp\u00e1 inspiraci ze starov\u011bk\u00e9ho japonsk\u00e9ho Kabutowari s tlust\u00fdm h\u0159betem, \u0161t\u00edhlou \u010depel\u00ed, hrotem ostr\u00fdm jako jehla a dlouh\u00fdm ploch\u00fdm ost\u0159\u00edm. \u010cepel Frenzy 5,5&Prime; je vyrobena z prvot\u0159\u00eddn\u00ed americk\u00e9 pr\u00e1\u0161kov\u00e9 oceli S35VN pro vynikaj\u00edc\u00ed retenci ost\u0159\u00ed a sat\u00e9nov\u011b le\u0161t\u011bn\u00e1 s hlubok\u00fdm plni\u010dem. \u010cepel Frenzy je stejn\u011b vizu\u00e1ln\u011b p\u0159ita\u017eliv\u00e1, jako je \u00fa\u010dinn\u00e1, a proto\u017ee zachycuje sv\u011btlo, je skute\u010dn\u011b z\u00e1zrak na pohled! Rukoje\u0165 Frenzy je vyrobena z v\u00edcevrstv\u00e9ho a 3D CNC obr\u00e1b\u011bn\u00e9ho dvoubarevn\u00e9ho G-10. Je dostate\u010dn\u011b tenk\u00e1 a ploch\u00e1, aby se pohodln\u011b p\u0159en\u00e1\u0161ela bez \u00ab\u00a0tisku\u00a0\u00bb, zat\u00edmco je odborn\u011b navr\u017eena a ergonomicky tvarovan\u00fd tvar poskytuje pohodl\u00ed a dr\u017een\u00ed p\u0159i jak\u00e9mkoliv \u00fachopu.<\/p>\n<p>PARAMETRY PRODUKTU<br \/>\nTlou\u0161\u0165ka \u010depele: 3,5 mm<br \/>\nDruh pojistky: Tri-Ad Lock<br \/>\nHmotnost: 161,59 g<br \/>\nD\u00e9lka \u010depele: 139 mm<br \/>\nMateri\u00e1l pouzdra: Pocket \/ Belt Clip<br \/>\nCelkov\u00e1 velikost: 311 mm<br \/>\nD\u00e9lka rukojeti: 171 mm<br \/>\nOcel: CPM S35VN<br \/>\nBarva: \u010cern\u00e1\/Modr\u00e1<\/p>\n","protected":false},"excerpt":{"rendered":"<p>Frenzy II (modr\u00e1 &amp; \u010dern\u00e1) od firmy Cold Steel je p\u0159edev\u0161\u00edm designov\u00fd kousek, kter\u00fd bude vypadat ve Va\u0161\u00ed ruce impozantn\u011b.<\/p>\n","protected":false},"featured_media":229059,"comment_status":"open","ping_status":"closed","template":"","meta":[],"pwb-brand":[211],"product_brand":[],"product_cat":[22,17],"product_tag":[3667],"class_list":{"0":"post-229058","1":"product","2":"type-product","3":"status-publish","4":"has-post-thumbnail","6":"pwb-brand-cold-steel","7":"product_cat-zaviraci-noze","8":"product_cat-noze","9":"product_tag-b2b","11":"first","12":"instock","13":"taxable","14":"shipping-taxable","15":"purchasable","16":"product-type-simple"},"brands":[{"id":211,"name":"Cold Steel","slug":"cold-steel"}],"_links":{"self":[{"href":"https:\/\/www.moskito.cz\/fr\/wp-json\/wp\/v2\/product\/229058","targetHints":{"allow":["GET"]}}],"collection":[{"href":"https:\/\/www.moskito.cz\/fr\/wp-json\/wp\/v2\/product"}],"about":[{"href":"https:\/\/www.moskito.cz\/fr\/wp-json\/wp\/v2\/types\/product"}],"replies":[{"embeddable":true,"href":"https:\/\/www.moskito.cz\/fr\/wp-json\/wp\/v2\/comments?post=229058"}],"wp:featuredmedia":[{"embeddable":true,"href":"https:\/\/www.moskito.cz\/fr\/wp-json\/wp\/v2\/media\/229059"}],"wp:attachment":[{"href":"https:\/\/www.moskito.cz\/fr\/wp-json\/wp\/v2\/media?parent=229058"}],"wp:term":[{"taxonomy":"pwb-brand","embeddable":true,"href":"https:\/\/www.moskito.cz\/fr\/wp-json\/wp\/v2\/pwb-brand?post=229058"},{"taxonomy":"product_brand","embeddable":true,"href":"https:\/\/www.moskito.cz\/fr\/wp-json\/wp\/v2\/product_brand?post=229058"},{"taxonomy":"product_cat","embeddable":true,"href":"https:\/\/www.moskito.cz\/fr\/wp-json\/wp\/v2\/product_cat?post=229058"},{"taxonomy":"product_tag","embeddable":true,"href":"https:\/\/www.moskito.cz\/fr\/wp-json\/wp\/v2\/product_tag?post=229058"}],"curies":[{"name":"wp","href":"https:\/\/api.w.org\/{rel}","templated":true}]}}