{"id":229205,"date":"2022-11-01T23:02:10","date_gmt":"2022-11-01T22:02:10","guid":{"rendered":"https:\/\/www.moskito.cz\/?post_type=product&#038;p=229205"},"modified":"2025-05-07T10:43:09","modified_gmt":"2025-05-07T09:43:09","slug":"zaviraci-nuz-cold-steel-rajah-iii-aus10a","status":"publish","type":"product","link":"https:\/\/www.moskito.cz\/fr\/produkt\/zaviraci-nuz-cold-steel-rajah-iii-aus10a\/","title":{"rendered":"Zav\u00edrac\u00ed N\u016f\u017e Cold Steel RAJAH III (AUS10A)"},"content":{"rendered":"<p>Zav\u00edrac\u00ed N\u016f\u017e <strong>Cold Steel<\/strong> RAJAH III (AUS10A)<\/p>\n<p>Dobr\u00fd Kukri je vynikaj\u00edc\u00ed v\u00edce\u00fa\u010delov\u00fd n\u00e1stroj, kter\u00fd je schopen \u0159ezat, sekat, kr\u00e1jet a st\u0159\u00edhat i ty nejtvrd\u0161\u00ed materi\u00e1ly. \u0158ada Cold Steel Rajah navr\u017een\u00e1 zak\u00e1zkov\u00fdm v\u00fdrobcem no\u017e\u016f Andrewem Demkem se uk\u00e1zala jako obl\u00edben\u00e1 mezi fanou\u0161ky i okam\u017eit\u00e1 klasika! Dostupn\u00e1 ve dvou velikostech a jejich jedine\u010dn\u00fd tvar \u010depele p\u0159edstavuje tenk\u00e9, ploch\u00e9 brou\u0161en\u00e9 hrany pod prav\u00fdm \u00fahlem, tak\u017ee se p\u0159irozen\u011b zakousnou hluboko. , tak\u017ee \u0159ezy t\u00edmto zp\u016fsobem p\u0159evy\u0161uj\u00ed jin\u00e9 no\u017ee stejn\u00e9 velikosti a hmotnosti. Rukoje\u0165 Rajah tak\u00e9 sd\u00edl\u00ed podobn\u00e9 estetick\u00e9 linie a designov\u00e9 nuance jako tradi\u010dn\u00ed Kukris, s p\u0159id\u00e1n\u00edm strategicky um\u00edst\u011bn\u00fdch k\u0159ivek pro optim\u00e1ln\u00ed uchopen\u00ed a kontrolu. S\u00e9rii Rajah jsme tak\u00e9 vybavili na\u0161\u00edm sv\u011btov\u011b proslul\u00fdm uzamykac\u00edm mechanismem Tri-Ad, kter\u00fd se osv\u011bd\u010dil. znovu a znovu, aby byly \u00fa\u017easn\u011b pevn\u00e9 a odoln\u00e9 proti n\u00e1raz\u016fm.<\/p>\n<p>PARAMETRY PRODUKTU<br \/>\nD\u00e9lka \u010depele: 88,9 mm<br \/>\nTlou\u0161\u0165ka \u010depele: 4 mm<br \/>\nBarva: \u010cern\u00e1\/St\u0159\u00edbrn\u00e1<br \/>\nOcel: Japanese AUS 10A Stainless with Stone Wash Finish<br \/>\nMateri\u00e1l rukojeti: Long Griv-Ex\u2122<br \/>\nHmotnost: 141,74 g<br \/>\nDruh pojistky: Tri-Ad Lock<br \/>\nD\u00e9lka rukojeti: 123 mm<br \/>\nCelkov\u00e1 velikost: 270 mm<br \/>\nMateri\u00e1l pouzdra: Ambidextrous Pocket \/ Belt Clip<\/p>\n","protected":false},"excerpt":{"rendered":"<p>Rajah III od firmy COLD STEEL je st\u0159edn\u011b velk\u00fd zav\u00edrac\u00ed n\u016f\u017e s hladk\u00fdm ost\u0159\u00edm.<\/p>\n","protected":false},"featured_media":229209,"comment_status":"open","ping_status":"closed","template":"","meta":[],"pwb-brand":[211],"product_brand":[],"product_cat":[22,17],"product_tag":[3667],"class_list":{"0":"post-229205","1":"product","2":"type-product","3":"status-publish","4":"has-post-thumbnail","6":"pwb-brand-cold-steel","7":"product_cat-zaviraci-noze","8":"product_cat-noze","9":"product_tag-b2b","11":"first","12":"outofstock","13":"taxable","14":"shipping-taxable","15":"purchasable","16":"product-type-simple"},"brands":[{"id":211,"name":"Cold Steel","slug":"cold-steel"}],"_links":{"self":[{"href":"https:\/\/www.moskito.cz\/fr\/wp-json\/wp\/v2\/product\/229205","targetHints":{"allow":["GET"]}}],"collection":[{"href":"https:\/\/www.moskito.cz\/fr\/wp-json\/wp\/v2\/product"}],"about":[{"href":"https:\/\/www.moskito.cz\/fr\/wp-json\/wp\/v2\/types\/product"}],"replies":[{"embeddable":true,"href":"https:\/\/www.moskito.cz\/fr\/wp-json\/wp\/v2\/comments?post=229205"}],"wp:featuredmedia":[{"embeddable":true,"href":"https:\/\/www.moskito.cz\/fr\/wp-json\/wp\/v2\/media\/229209"}],"wp:attachment":[{"href":"https:\/\/www.moskito.cz\/fr\/wp-json\/wp\/v2\/media?parent=229205"}],"wp:term":[{"taxonomy":"pwb-brand","embeddable":true,"href":"https:\/\/www.moskito.cz\/fr\/wp-json\/wp\/v2\/pwb-brand?post=229205"},{"taxonomy":"product_brand","embeddable":true,"href":"https:\/\/www.moskito.cz\/fr\/wp-json\/wp\/v2\/product_brand?post=229205"},{"taxonomy":"product_cat","embeddable":true,"href":"https:\/\/www.moskito.cz\/fr\/wp-json\/wp\/v2\/product_cat?post=229205"},{"taxonomy":"product_tag","embeddable":true,"href":"https:\/\/www.moskito.cz\/fr\/wp-json\/wp\/v2\/product_tag?post=229205"}],"curies":[{"name":"wp","href":"https:\/\/api.w.org\/{rel}","templated":true}]}}