{"id":229258,"date":"2022-11-02T20:46:50","date_gmt":"2022-11-02T19:46:50","guid":{"rendered":"https:\/\/www.moskito.cz\/?post_type=product&#038;p=229258"},"modified":"2025-12-03T08:57:35","modified_gmt":"2025-12-03T07:57:35","slug":"pevny-nuz-cold-steel-mini-japanese-tanto-point-kyoto-i","status":"publish","type":"product","link":"https:\/\/www.moskito.cz\/fr\/produkt\/pevny-nuz-cold-steel-mini-japanese-tanto-point-kyoto-i\/","title":{"rendered":"Pevn\u00fd N\u016f\u017e Cold Steel MINI JAPANESE TANTO POINT Kyoto I"},"content":{"rendered":"<p>Pevn\u00fd N\u016f\u017e <strong>Cold Steel<\/strong> MINI JAPANESE TANTO POINT Kyoto I.<\/p>\n<p>Kyoto je mal\u00fd n\u016f\u017e s pevnou \u010depel\u00ed a hladk\u00fdm ost\u0159\u00edm. Oba tvary \u010depele kyotsk\u00fdch no\u017e\u016f jsou stylizov\u00e1ny do tvaru japonsk\u00fdch me\u010d\u016f. Robustn\u011b stav\u011bn\u00e9 \u010depele maj\u00ed full tang konstrukci, tedy jsou prota\u017eeny po cel\u00e9 d\u00e9lce rukojeti. Mezi \u010depel\u00ed a rukojet\u00ed z Kray-Ex \u2122 je ochrana ruky z nerez oceli. Tato z\u00e1\u0161tita p\u0159ipom\u00edn\u00e1 tradi\u010dn\u00ed cubu japonsk\u00e9ho me\u010de. Spole\u010dn\u011b pak s tvarovanou rukojet\u00ed dod\u00e1v\u00e1 no\u017ei jedine\u010dnou podobu. \u010cepel no\u017ee je vyrobena z nerezov\u00e9 oceli 8Cr13MoV kter\u00e1 po tepeln\u00e9m zpracov\u00e1n\u00ed vykazuje tvrdost 57-58 Rockwell. Subtiln\u00ed a pohodln\u00e9 pouzdro je vhodn\u00e9 pro skryt\u00e9 no\u0161en\u00ed no\u017ee v zav\u011b\u0161en\u00ed na krku za pomoci bezpe\u010dnostn\u00edho \u0159et\u00edzku. D\u00e1 se velmi dob\u0159e schovat pod oble\u010den\u00edm a nezp\u016fsobuje nep\u0159\u00edjemn\u00e9 pocity p\u0159i dlouh\u00e9m no\u0161en\u00ed. Pouzdro se d\u00e1 osadit \u00fachytem C-Clip od Cold Steel\u00ae (SACLB), tak\u017ee lze n\u016f\u017e nosit i na opasku.<\/p>\n<p>PARAMETRY PRODUKTU<br \/>\nBarva: \u010cern\u00e1\/St\u0159\u00edbrn\u00e1<br \/>\nMateri\u00e1l pouzdra: Secure-Ex\u00ae Sheath<br \/>\nMateri\u00e1l rukojeti: Long Kray-Ex\u2122<br \/>\nTlou\u0161\u0165ka \u010depele: 3 mm<br \/>\nOcel: 8Cr13MoV Stainless Steel<br \/>\nHmotnost: 94 g<br \/>\nD\u00e9lka rukojeti: 91 mm<br \/>\nD\u00e9lka \u010depele: 84 mm<br \/>\nCelkov\u00e1 velikost: 175 mm<\/p>\n<p>&nbsp;<\/p>\n","protected":false},"excerpt":{"rendered":"<p>Kyoto je mal\u00fd n\u016f\u017e s pevnou \u010depel\u00ed a hladk\u00fdm ost\u0159\u00edm.<\/p>\n","protected":false},"featured_media":229259,"comment_status":"open","ping_status":"closed","template":"","meta":[],"pwb-brand":[211],"product_brand":[],"product_cat":[23,17],"product_tag":[3667],"class_list":{"0":"post-229258","1":"product","2":"type-product","3":"status-publish","4":"has-post-thumbnail","6":"pwb-brand-cold-steel","7":"product_cat-pevne-noze","8":"product_cat-noze","9":"product_tag-b2b","11":"first","12":"outofstock","13":"taxable","14":"shipping-taxable","15":"purchasable","16":"product-type-simple"},"brands":[{"id":211,"name":"Cold Steel","slug":"cold-steel"}],"_links":{"self":[{"href":"https:\/\/www.moskito.cz\/fr\/wp-json\/wp\/v2\/product\/229258","targetHints":{"allow":["GET"]}}],"collection":[{"href":"https:\/\/www.moskito.cz\/fr\/wp-json\/wp\/v2\/product"}],"about":[{"href":"https:\/\/www.moskito.cz\/fr\/wp-json\/wp\/v2\/types\/product"}],"replies":[{"embeddable":true,"href":"https:\/\/www.moskito.cz\/fr\/wp-json\/wp\/v2\/comments?post=229258"}],"wp:featuredmedia":[{"embeddable":true,"href":"https:\/\/www.moskito.cz\/fr\/wp-json\/wp\/v2\/media\/229259"}],"wp:attachment":[{"href":"https:\/\/www.moskito.cz\/fr\/wp-json\/wp\/v2\/media?parent=229258"}],"wp:term":[{"taxonomy":"pwb-brand","embeddable":true,"href":"https:\/\/www.moskito.cz\/fr\/wp-json\/wp\/v2\/pwb-brand?post=229258"},{"taxonomy":"product_brand","embeddable":true,"href":"https:\/\/www.moskito.cz\/fr\/wp-json\/wp\/v2\/product_brand?post=229258"},{"taxonomy":"product_cat","embeddable":true,"href":"https:\/\/www.moskito.cz\/fr\/wp-json\/wp\/v2\/product_cat?post=229258"},{"taxonomy":"product_tag","embeddable":true,"href":"https:\/\/www.moskito.cz\/fr\/wp-json\/wp\/v2\/product_tag?post=229258"}],"curies":[{"name":"wp","href":"https:\/\/api.w.org\/{rel}","templated":true}]}}