{"id":229786,"date":"2022-11-09T19:12:01","date_gmt":"2022-11-09T18:12:01","guid":{"rendered":"https:\/\/www.moskito.cz\/?post_type=product&#038;p=229786"},"modified":"2025-05-07T10:43:32","modified_gmt":"2025-05-07T09:43:32","slug":"pevny-nuz-extrema-ratio-task-c-desert-warfare","status":"publish","type":"product","link":"https:\/\/www.moskito.cz\/fr\/produkt\/pevny-nuz-extrema-ratio-task-c-desert-warfare\/","title":{"rendered":"Pevn\u00fd N\u016f\u017e Extrema Ratio TASK C DESERT WARFARE"},"content":{"rendered":"<p>Pevn\u00fd N\u016f\u017e <strong>Extrema Ratio<\/strong> TASK C DESERT WARFARE.<\/p>\n<p>Kompaktn\u00ed verze na\u0161eho v\u00edce\u00fa\u010delov\u00e9ho no\u017ee TASK. Krom\u011b zmen\u0161en\u00e9 velikosti \u010depele i j\u00edlce se TASK C li\u0161\u00ed od pln\u00e9 velikosti TASK t\u00edm, \u017ee m\u00e1 hladk\u00fd \u2013 \u010d\u00e1ste\u010dn\u011b vroubkovan\u00fd \u2013 okraj. P\u0159ilo\u017een\u00e9 tvrd\u00e9 pouzdro lze nosit svisle, vodorovn\u011b nebo \u0161ikmo (v \u00fahlu 45\u00b0). Dostupn\u00e9 verze: TASK C BLACK, TASK C DESERT WARFARE.<\/p>\n<p>\u00daloha C DW , ( C ompact ) kompaktn\u00ed verze tzv z\u00e1loha , univerz\u00e1ln\u00ed univerz\u00e1ln\u00ed \u00daloha &lt;ang. task&gt; , legend\u00e1rn\u00ed \u0159ezn\u00fd n\u00e1stroj. Krom\u011b zmen\u0161en\u00e9 velikosti se Task C odli\u0161uje od velk\u00e9ho Task hladkou \u010depel\u00ed. Jednoduch\u00e1 konstrukce &#8211; \u010depel s full tang konstrukc\u00ed pokryt\u00e1 pou\u0161tn\u00ed kamufl\u00e1\u017e\u00ed D esert W afare &#8211; vysok\u00fd ploch\u00fd st\u0159ih &#8211; ide\u00e1ln\u00ed n\u00e1stroj pro profesion\u00e1la.<\/p>\n<p>&nbsp;<\/p>\n<p>N690 &#8211; odoln\u00e1 proti korozi, vysok\u00fdm obsahem uhl\u00edku 1,07 % (C), martenzitick\u00e1 chromov\u00e1 ocel 17,30 % (Cr) s p\u0159\u00eddavkem molybdenu 1,10 % (Mo), vanadu 0,10 % (V) a kobaltu 1,50 % (Co) pro struktur\u00e1ln\u00ed homogenitu . Vyzna\u010duje se extr\u00e9mn\u011b vysokou odolnost\u00ed proti korozi a dlouhou p\u0159ilnavost\u00ed hran. Dnes jedna z nejlep\u0161\u00edch n\u00e1strojov\u00fdch ocel\u00ed na sv\u011bt\u011b. Z\u00edsk\u00e1v\u00e1 tvrdost 58 HRC. V\u00fdrobce B\u00f6hler Edelstahl v Kapfenbergu, Rakousko.<\/p>\n<p>&nbsp;<\/p>\n<p>\u010cepel &#8211; masivn\u00ed, tlou\u0161\u0165ka 6,3 mm . M\u00edrn\u011b zak\u0159iven\u00e9, amerikanizovan\u00e9 Tanto s jasn\u011b definovan\u00fdm b\u0159\u00ed\u0161kem \u010depele. \u010cepel m\u00e1 matn\u00fd nereflexn\u00ed povlak, laserem grav\u00edrovan\u00e1 kamufl\u00e1\u017e Desert Warfare. Hladk\u00e1 \u010depel Plain m\u00e1 vysok\u00fd ploch\u00fd brus, kter\u00fd poskytuje vynikaj\u00edc\u00ed geometrii, odolnost a \u0159ezn\u00e9 vlastnosti. Na z\u00e1kladn\u011b \u010depele jednostrann\u00fd ocelov\u00fd z\u00e1\u0161tita. Pro plnou kontrolu nad \u010depel\u00ed je h\u0159bet \u010depele pokryt svr\u0161kem, dlouhou \u017eebrovanou op\u011brkou palce nebo ukazov\u00e1\u010dku podle va\u0161\u00ed preferovan\u00e9 techniky \u00fachopu. ForeFinger Groove, hlubok\u00fd \u0159ez pod ukazov\u00e1\u010dkem zabra\u0148uje sklouznut\u00ed no\u017ee, kdy\u017e jde do tuh\u00e9ho.<\/p>\n<p>&nbsp;<\/p>\n<p>Rukoje\u0165 &#8211; 3,9 palce dlouh\u00e1 , p\u00edskov\u00e1 barva,pokryt\u00e1 protiskluzovou texturou podobnou gum\u011b. Vyrobeno z termoplastick\u00e9ho elastomeru Forprene (elastick\u00fd h\u0159bet, m\u011bkkost, odolnost v\u016f\u010di chemik\u00e1li\u00edm), zaru\u010duje pevn\u00fd \u00fachop i mokr\u00fdma rukama. Texturovan\u00e1 rampa pro palec na zadn\u00ed stran\u011b rukojeti Ocelov\u00e1 hlava s ov\u00e1ln\u00fdm otvorem (otvor pro \u0161\u0148\u016frku) , kter\u00e1 umo\u017e\u0148uje zat\u00e1hnout \u0161\u0148\u016frku nebo bezpe\u010dnostn\u00ed lano, m\u016f\u017ee fungovat jako kladivo \/ rozb\u00edje\u010d oken.<\/p>\n<p>&nbsp;<\/p>\n<p>Pochva &#8211; vyrobena ze vst\u0159ikovan\u00e9ho nylonu v pou\u0161tn\u00ed barv\u011b , umo\u017e\u0148uje bezpe\u010dn\u00e9 no\u0161en\u00ed a rychl\u00e9 uchopen\u00ed no\u017ee. T\u0159i mo\u017en\u00e1 nastaven\u00ed \u00fahlu dopravy (horizont\u00e1ln\u011b, vertik\u00e1ln\u011b a diagon\u00e1ln\u011b pod \u00fahlem 45\u00b0). Pouzdro je vybaveno jedinou, automatickou, tlakem aktivovanou pojistkou pro rychl\u00e9 uchopen\u00ed a tasen\u00ed no\u017ee. Zap\u00edn\u00e1n\u00ed umo\u017e\u0148uje rychl\u00e9 p\u0159ipevn\u011bn\u00ed \/ sejmut\u00ed pouzdra. Hod\u00ed se na p\u00e1sy o \u0161\u00ed\u0159ce 32-46 mm a po odstran\u011bn\u00ed \u00faprav jej lze pou\u017e\u00edt s v\u011bt\u0161inou taktick\u00fdch p\u00e1s\u016f. Aby se pochva na opasku neposunula, je rukoje\u0165 vybavena dv\u011bma stav\u011bc\u00edmi \u0161rouby.<\/p>\n<p>&nbsp;<\/p>\n<p>Specifikace:<br \/>\n\u010c\u00edslo produktu: 04.1000.0085 \/ DW<br \/>\nN\u00e1zev: Task C Desert Warfare<br \/>\nTyp oceli: B\u00f6hler N690<br \/>\nTvrdost \u010depele: 58 HRC D\u00e9lka \u010depele<br \/>\n: 110,0 mm \/ 4,3 \u00a0\u00bb<br \/>\nTlou\u0161\u0165ka \u010depele: 6,3 mm \/ 0,25&Prime;<br \/>\nCelkov\u00e1 d\u00e9lka: 214,40 mm<br \/>\nHmotnost: 205,0 g \/ 7,2 oz<br \/>\n\u010cepel: Hladk\u00e1<br \/>\nTyp \u010depele: Tanto<br \/>\nRukoje\u0165 : Forprene Desert<br \/>\nPouzdro: Nylon Desert<br \/>\nV\u00fdrobce: Extrema Ratio, It\u00e1lie<\/p>\n<p>&nbsp;<\/p>\n<p>Vyvinuto spole\u010dnost\u00ed Sharg\u00ae<\/p>\n<p>&nbsp;<\/p>\n<p>&nbsp;<\/p>\n","protected":false},"excerpt":{"rendered":"<p>Spole\u010dnost Extrema Ratio se s\u00eddlem v italsk\u00e9m Pratu navrhuje a vyr\u00e1b\u00ed vysoce v\u00fdkonn\u00e9 bojov\u00e9, vojensk\u00e9, kuchy\u0148sk\u00e9, loveck\u00e9 a taktick\u00e9 no\u017ee od roku 1997 a m\u00e1 pov\u011bst vynikaj\u00edc\u00ed kvality, kter\u00e1 je v oboru vojensk\u00fdch a taktick\u00fdch no\u017e\u016f nep\u0159ekonateln\u00e1. <strong>Doprava zdarma.<\/strong><\/p>\n","protected":false},"featured_media":229793,"comment_status":"open","ping_status":"closed","template":"","meta":[],"pwb-brand":[267],"product_brand":[],"product_cat":[23,17],"product_tag":[3667],"class_list":{"0":"post-229786","1":"product","2":"type-product","3":"status-publish","4":"has-post-thumbnail","6":"pwb-brand-extrema-ratio","7":"product_cat-pevne-noze","8":"product_cat-noze","9":"product_tag-b2b","11":"first","12":"instock","13":"taxable","14":"shipping-taxable","15":"purchasable","16":"product-type-simple"},"brands":[{"id":267,"name":"Extrema Ratio","slug":"extrema-ratio"}],"_links":{"self":[{"href":"https:\/\/www.moskito.cz\/fr\/wp-json\/wp\/v2\/product\/229786","targetHints":{"allow":["GET"]}}],"collection":[{"href":"https:\/\/www.moskito.cz\/fr\/wp-json\/wp\/v2\/product"}],"about":[{"href":"https:\/\/www.moskito.cz\/fr\/wp-json\/wp\/v2\/types\/product"}],"replies":[{"embeddable":true,"href":"https:\/\/www.moskito.cz\/fr\/wp-json\/wp\/v2\/comments?post=229786"}],"wp:featuredmedia":[{"embeddable":true,"href":"https:\/\/www.moskito.cz\/fr\/wp-json\/wp\/v2\/media\/229793"}],"wp:attachment":[{"href":"https:\/\/www.moskito.cz\/fr\/wp-json\/wp\/v2\/media?parent=229786"}],"wp:term":[{"taxonomy":"pwb-brand","embeddable":true,"href":"https:\/\/www.moskito.cz\/fr\/wp-json\/wp\/v2\/pwb-brand?post=229786"},{"taxonomy":"product_brand","embeddable":true,"href":"https:\/\/www.moskito.cz\/fr\/wp-json\/wp\/v2\/product_brand?post=229786"},{"taxonomy":"product_cat","embeddable":true,"href":"https:\/\/www.moskito.cz\/fr\/wp-json\/wp\/v2\/product_cat?post=229786"},{"taxonomy":"product_tag","embeddable":true,"href":"https:\/\/www.moskito.cz\/fr\/wp-json\/wp\/v2\/product_tag?post=229786"}],"curies":[{"name":"wp","href":"https:\/\/api.w.org\/{rel}","templated":true}]}}