{"id":230044,"date":"2022-11-14T21:01:26","date_gmt":"2022-11-14T20:01:26","guid":{"rendered":"https:\/\/www.moskito.cz\/?post_type=product&#038;p=230044"},"modified":"2025-05-07T10:43:40","modified_gmt":"2025-05-07T09:43:40","slug":"vystrelovaci-nuz-microtech-daytona-d-e-carbon-signature-series-126-13cfis","status":"publish","type":"product","link":"https:\/\/www.moskito.cz\/fr\/produkt\/vystrelovaci-nuz-microtech-daytona-d-e-carbon-signature-series-126-13cfis\/","title":{"rendered":"Vyst\u0159elovac\u00ed N\u016f\u017e Microtech Daytona D\/E Carbon Signature Series 126-13CFIS"},"content":{"rendered":"<p>Vyst\u0159elovac\u00ed N\u016f\u017e <strong>Microtech<\/strong> Daytona D\/E Carbon Signature Series 126-13CFIS<\/p>\n<p>Zd\u00e1 se v\u00e1m tato Daytona pov\u011bdom\u00e1? Microtech aktualizoval a vylep\u0161il model UTX-85. Vlo\u017eky z uhl\u00edkov\u00fdch vl\u00e1ken jsou t\u00edm, co odli\u0161uje Daytona od 85. D\u00edky uhl\u00edkov\u00fdm vl\u00e1kn\u016fm je tento n\u016f\u017e leh\u010d\u00ed a z\u00e1rove\u0148 mu dod\u00e1v\u00e1 \u0161mrnc. Jako v\u017edy u Microtech je dvoj\u010dinnost a ergonomie bezkonkuren\u010dn\u00ed. Skv\u011bl\u00fd st\u0159ih a povrchov\u00e1 \u00faprava pom\u00e1haj\u00ed k tomu, aby se tento n\u016f\u017e stal va\u0161\u00edm dal\u0161\u00edm obl\u00edben\u00fdm kapesn\u00edm no\u017eem.<\/p>\n<p>Tento model \u0159ady Signature se vyzna\u010duje \u010dernou eloxovanou hlin\u00edkovou rukojet\u00ed 6061-T6 s vlo\u017ekami z uhl\u00edkov\u00fdch vl\u00e1ken. Bronzovan\u00e1 \u010depel z nerezov\u00e9 oceli M390 s dvojit\u00fdm ost\u0159\u00edm se standardn\u00edmi \u0159ezn\u00fdmi hranami. Bronzovan\u00fd hardware, kapesn\u00ed spona a hrot rozb\u00edje\u010de skla. \u010cepel m\u00e1 logo Microtech a informace o modelu. Kapesn\u00ed klip m\u00e1 logo Microtech, logo Signature Series, s\u00e9riov\u00e9 \u010d\u00edslo a datum v\u00fdroby.<\/p>\n<p>Zem\u011b p\u016fvodu: USA<br \/>\nDatum p\u016fvodu: 2022<br \/>\nMateri\u00e1l rukojeti: Uhl\u00edkov\u00e9 vl\u00e1kno a hlin\u00edk<br \/>\nMateri\u00e1l \u010depele: M390<br \/>\nStyl \u010depele: D\u00fdka<br \/>\nPovrchov\u00e1 \u00faprava \u010depele: Bronzov\u00fd<br \/>\nTyp okraje: Standard<br \/>\nModel\/Vzor: UTX-85<br \/>\nTyp no\u017ee: Dvoj\u010dinn\u00e9 automatick\u00e9 OTF<br \/>\nTyp z\u00e1mku: Vp\u0159edu<br \/>\nD\u00e9lka \u010depele: 8 cm<br \/>\nCelkov\u00e1 d\u00e9lka: 19 cm<\/p>\n","protected":false},"excerpt":{"rendered":"<p>V pr\u016fb\u011bhu let Microtech\u00ae Knives naplnil v\u00e1\u0161n\u00ed a dovednost\u00ed v\u00fdrobu no\u017e\u016f, a\u017e z nich vytvo\u0159il t\u00e9m\u011b\u0159 um\u011bleck\u00e1 d\u00edla,kter\u00e9 jsou vrcholem funk\u010dnosti. V\u0161echny d\u00edly jsou vyrobeny v USA.<br \/>\n<strong>Na v\u0161echny no\u017ee Microtech je do\u017eivotn\u00ed z\u00e1ruka.<\/strong><\/p>\n","protected":false},"featured_media":230045,"comment_status":"open","ping_status":"closed","template":"","meta":[],"pwb-brand":[431],"product_brand":[],"product_cat":[2019,17],"product_tag":[3667],"class_list":{"0":"post-230044","1":"product","2":"type-product","3":"status-publish","4":"has-post-thumbnail","6":"pwb-brand-microtech","7":"product_cat-vystrelovaci-noze","8":"product_cat-noze","9":"product_tag-b2b","11":"first","12":"outofstock","13":"taxable","14":"shipping-taxable","15":"purchasable","16":"product-type-simple"},"brands":[{"id":431,"name":"Microtech","slug":"microtech"}],"_links":{"self":[{"href":"https:\/\/www.moskito.cz\/fr\/wp-json\/wp\/v2\/product\/230044","targetHints":{"allow":["GET"]}}],"collection":[{"href":"https:\/\/www.moskito.cz\/fr\/wp-json\/wp\/v2\/product"}],"about":[{"href":"https:\/\/www.moskito.cz\/fr\/wp-json\/wp\/v2\/types\/product"}],"replies":[{"embeddable":true,"href":"https:\/\/www.moskito.cz\/fr\/wp-json\/wp\/v2\/comments?post=230044"}],"wp:featuredmedia":[{"embeddable":true,"href":"https:\/\/www.moskito.cz\/fr\/wp-json\/wp\/v2\/media\/230045"}],"wp:attachment":[{"href":"https:\/\/www.moskito.cz\/fr\/wp-json\/wp\/v2\/media?parent=230044"}],"wp:term":[{"taxonomy":"pwb-brand","embeddable":true,"href":"https:\/\/www.moskito.cz\/fr\/wp-json\/wp\/v2\/pwb-brand?post=230044"},{"taxonomy":"product_brand","embeddable":true,"href":"https:\/\/www.moskito.cz\/fr\/wp-json\/wp\/v2\/product_brand?post=230044"},{"taxonomy":"product_cat","embeddable":true,"href":"https:\/\/www.moskito.cz\/fr\/wp-json\/wp\/v2\/product_cat?post=230044"},{"taxonomy":"product_tag","embeddable":true,"href":"https:\/\/www.moskito.cz\/fr\/wp-json\/wp\/v2\/product_tag?post=230044"}],"curies":[{"name":"wp","href":"https:\/\/api.w.org\/{rel}","templated":true}]}}