{"id":230097,"date":"2022-11-14T22:47:53","date_gmt":"2022-11-14T21:47:53","guid":{"rendered":"https:\/\/www.moskito.cz\/?post_type=product&#038;p=230097"},"modified":"2025-05-07T10:43:43","modified_gmt":"2025-05-07T09:43:43","slug":"vystrelovaci-nuz-microtech-molon-labe-122-13mls","status":"publish","type":"product","link":"https:\/\/www.moskito.cz\/fr\/produkt\/vystrelovaci-nuz-microtech-molon-labe-122-13mls\/","title":{"rendered":"Vyst\u0159elovac\u00ed N\u016f\u017e Microtech  Molon Labe 122-13MLS"},"content":{"rendered":"<p>Vyst\u0159elovac\u00ed N\u016f\u017e <strong>Microtech<\/strong> Molon Labe 122-13MLS.<\/p>\n<p>Jako vlajkov\u00fd model \u0159ady Microtech\u00ae OTF nastavuje Ultratech\u00ae standard pro technologii Out-The-Front. Patentovan\u00e1 konstrukce umo\u017e\u0148uje, aby spou\u0161t\u011bc\u00ed pru\u017eina byla v klidu v otev\u0159en\u00e9 i zav\u0159en\u00e9 poloze, \u010d\u00edm\u017e se v\u00fdrazn\u011b sni\u017euje opot\u0159eben\u00ed vnit\u0159n\u00edch spou\u0161t\u011bc\u00edch mechanism\u016f. Tvarovan\u00e1 rukoje\u0165 podvozku poskytuje leh\u010d\u00ed a ergonomi\u010dt\u011bj\u0161\u00ed pocit a je dod\u00e1v\u00e1na s hladk\u00fdm, ploch\u00fdm povrchem.<\/p>\n<p>Celkov\u00e1 d\u00e9lka: 22 cm<\/p>\n<p>D\u00e9lka \u010depele: 8.6 cm<\/p>\n<p>Styl \u010depele:Dvouse\u010dn\u00e1 d\u00fdka<\/p>\n<p>Brou\u0161en\u00ed \u010depel\u00ed:Dut\u00e1 bruska<\/p>\n<p>Ocelov\u00e9 \u010depele:Pr\u00e9miov\u00fd nerez (M390, 204P, ELMAX, XHP)<\/p>\n<p>Povrchov\u00e1 \u00faprava \u010depele:Bronzov\u00e1 t\u011b\u017ek\u00e1 Stonewash<\/p>\n<p>Materi\u00e1l rukojeti:Hlin\u00edk Hmotnost:3,30 oz<\/p>\n<p>Kapesn\u00ed klip:Nerezov\u00e1 ocel, oboustrann\u00e1<\/p>\n<p>Uzamykac\u00ed mechanismus:Vp\u0159edu<\/p>\n<p>Akce otev\u0159en\u00ed:Automatick\u00fd Zem\u011b p\u016fvodu:USA<\/p>\n<p><iframe title=\"Microtech Combat Troodon Torture Test\" width=\"800\" height=\"450\" src=\"https:\/\/www.youtube.com\/embed\/xE9TeOFYEjg?feature=oembed\" frameborder=\"0\" allow=\"accelerometer; autoplay; clipboard-write; encrypted-media; gyroscope; picture-in-picture; web-share\" referrerpolicy=\"strict-origin-when-cross-origin\" allowfullscreen><\/iframe><\/p>\n<p>&nbsp;<\/p>\n","protected":false},"excerpt":{"rendered":"<p>V pr\u016fb\u011bhu let\u00a0<strong>Microtech\u00ae Knives\u00a0<\/strong>naplnil v\u00e1\u0161n\u00ed a dovednost\u00ed v\u00fdrobu no\u017e\u016f, a\u017e z nich vytvo\u0159il t\u00e9m\u011b\u0159 um\u011bleck\u00e1 d\u00edla,kter\u00e9 jsou vrcholem funk\u010dnosti.V\u0161echny d\u00edly jsou vyrobeny v USA.<br \/>\n<strong>Na v\u0161echny no\u017ee Microtech je do\u017eivotn\u00ed z\u00e1ruka.<\/strong><\/p>\n","protected":false},"featured_media":230098,"comment_status":"open","ping_status":"closed","template":"","meta":[],"pwb-brand":[431],"product_brand":[],"product_cat":[2019,17],"product_tag":[3667],"class_list":{"0":"post-230097","1":"product","2":"type-product","3":"status-publish","4":"has-post-thumbnail","6":"pwb-brand-microtech","7":"product_cat-vystrelovaci-noze","8":"product_cat-noze","9":"product_tag-b2b","11":"first","12":"outofstock","13":"taxable","14":"shipping-taxable","15":"purchasable","16":"product-type-simple"},"brands":[{"id":431,"name":"Microtech","slug":"microtech"}],"_links":{"self":[{"href":"https:\/\/www.moskito.cz\/fr\/wp-json\/wp\/v2\/product\/230097","targetHints":{"allow":["GET"]}}],"collection":[{"href":"https:\/\/www.moskito.cz\/fr\/wp-json\/wp\/v2\/product"}],"about":[{"href":"https:\/\/www.moskito.cz\/fr\/wp-json\/wp\/v2\/types\/product"}],"replies":[{"embeddable":true,"href":"https:\/\/www.moskito.cz\/fr\/wp-json\/wp\/v2\/comments?post=230097"}],"wp:featuredmedia":[{"embeddable":true,"href":"https:\/\/www.moskito.cz\/fr\/wp-json\/wp\/v2\/media\/230098"}],"wp:attachment":[{"href":"https:\/\/www.moskito.cz\/fr\/wp-json\/wp\/v2\/media?parent=230097"}],"wp:term":[{"taxonomy":"pwb-brand","embeddable":true,"href":"https:\/\/www.moskito.cz\/fr\/wp-json\/wp\/v2\/pwb-brand?post=230097"},{"taxonomy":"product_brand","embeddable":true,"href":"https:\/\/www.moskito.cz\/fr\/wp-json\/wp\/v2\/product_brand?post=230097"},{"taxonomy":"product_cat","embeddable":true,"href":"https:\/\/www.moskito.cz\/fr\/wp-json\/wp\/v2\/product_cat?post=230097"},{"taxonomy":"product_tag","embeddable":true,"href":"https:\/\/www.moskito.cz\/fr\/wp-json\/wp\/v2\/product_tag?post=230097"}],"curies":[{"name":"wp","href":"https:\/\/api.w.org\/{rel}","templated":true}]}}