{"id":230191,"date":"2022-11-16T21:26:03","date_gmt":"2022-11-16T20:26:03","guid":{"rendered":"https:\/\/www.moskito.cz\/?post_type=product&#038;p=230191"},"modified":"2025-11-16T13:18:54","modified_gmt":"2025-11-16T12:18:54","slug":"vystrelovaci-nuz-microtech-signature-series-makora-stonewashed-206-11s","status":"publish","type":"product","link":"https:\/\/www.moskito.cz\/fr\/produkt\/vystrelovaci-nuz-microtech-signature-series-makora-stonewashed-206-11s\/","title":{"rendered":"Vyst\u0159elovac\u00ed N\u016f\u017e Microtech Signature Series Makora Stonewashed 206-11S"},"content":{"rendered":"<p>Vyst\u0159elovac\u00ed N\u016f\u017e <strong>Microtech<\/strong> Signature Series Makora Stonewashed 206-11S.<\/p>\n<p>Koncept Makory se vyvinul ze slavn\u00e9ho designu Microtech Ultratech. Byl testov\u00e1n v praxi a osv\u011bd\u010den\u00fd po dobu n\u011bkolika let. Tento design obsahuje mnoho funkc\u00ed, kter\u00e9 byly po\u017eadov\u00e1ny a specifikov\u00e1ny u\u017eivateli, kte\u0159\u00ed preferuj\u00ed tento vysoce \u00fa\u010dinn\u00fd n\u00e1stroj p\u0159ed jak\u00fdmkoli jin\u00fdm. Pru\u017eina Makory z\u016fst\u00e1v\u00e1 v \u201eklidov\u00e9\u201c poloze po celou dobu, s v\u00fdjimkou vysunut\u00ed. Bez \u00fanavy na stla\u010den\u00e9 pru\u017ein\u011b, kdy\u017e n\u016f\u017e nen\u00ed pou\u017e\u00edv\u00e1n, to d\u00e1v\u00e1 u\u017eivatel\u016fm spolehlivost a jistotu, \u017ee kdy\u017e se stiskne uvoln\u011bn\u00ed, n\u016f\u017e bude fungovat. Mezi dal\u0161\u00ed vlastnosti pat\u0159\u00ed rychl\u00e9 a efektivn\u00ed otev\u00edr\u00e1n\u00ed a zav\u00edr\u00e1n\u00ed jednou rukou, \u010depel z pr\u00e9miov\u00e9 oceli, oboustrann\u00e1 spona na kapsu a \u0161rouby odoln\u00e9 proti neopr\u00e1vn\u011bn\u00e9 manipulaci.<\/p>\n<p>Celkov\u00e1 d\u00e9lka: 9,44\u2033 (239,7125 mm)<br \/>\nD\u00e9lka v zav\u0159en\u00e9m stavu: 6,19\u2033 (157,15 mm)<br \/>\nD\u00e9lka \u010depele: 3,25\u2033 (82,55 mm)<br \/>\nTlou\u0161\u0165ka \u010depele: 0,125\u2033 (3,175 mm)<br \/>\nPovrchov\u00e1 \u00faprava \u010depele: Stonewash<\/p>\n<p>Styl \u010depele: D\u00fdka s dvojitou hranou<\/p>\n<p>Materi\u00e1l rukojeti: \u010dern\u00fd hlin\u00edk<br \/>\nKapesn\u00ed klip: Tip-Down<br \/>\nHmotnost: 3,4 oz ( 96,39 g)<\/p>\n<p><iframe title=\"Microtech Combat Troodon Torture Test\" width=\"800\" height=\"450\" src=\"https:\/\/www.youtube.com\/embed\/xE9TeOFYEjg?feature=oembed\" frameborder=\"0\" allow=\"accelerometer; autoplay; clipboard-write; encrypted-media; gyroscope; picture-in-picture; web-share\" allowfullscreen><\/iframe><\/p>\n<p>&nbsp;<\/p>\n","protected":false},"excerpt":{"rendered":"<p>V pr\u016fb\u011bhu let\u00a0<strong>Microtech\u00ae Knives\u00a0<\/strong>naplnil v\u00e1\u0161n\u00ed a dovednost\u00ed v\u00fdrobu no\u017e\u016f, a\u017e z nich vytvo\u0159il t\u00e9m\u011b\u0159 um\u011bleck\u00e1 d\u00edla,kter\u00e9 jsou vrcholem funk\u010dnosti. V\u0161echny d\u00edly jsou vyrodeny v USA.<br \/>\n<strong>Na v\u0161echny no\u017ee Microtech je do\u017eivotn\u00ed z\u00e1ruka.<\/strong><\/p>\n<p><strong>Doprava zdarma.<\/strong><\/p>\n","protected":false},"featured_media":230192,"comment_status":"open","ping_status":"closed","template":"","meta":[],"pwb-brand":[431],"product_brand":[],"product_cat":[2019,17],"product_tag":[3667],"class_list":{"0":"post-230191","1":"product","2":"type-product","3":"status-publish","4":"has-post-thumbnail","6":"pwb-brand-microtech","7":"product_cat-vystrelovaci-noze","8":"product_cat-noze","9":"product_tag-b2b","11":"first","12":"outofstock","13":"taxable","14":"shipping-taxable","15":"purchasable","16":"product-type-simple"},"brands":[{"id":431,"name":"Microtech","slug":"microtech"}],"_links":{"self":[{"href":"https:\/\/www.moskito.cz\/fr\/wp-json\/wp\/v2\/product\/230191","targetHints":{"allow":["GET"]}}],"collection":[{"href":"https:\/\/www.moskito.cz\/fr\/wp-json\/wp\/v2\/product"}],"about":[{"href":"https:\/\/www.moskito.cz\/fr\/wp-json\/wp\/v2\/types\/product"}],"replies":[{"embeddable":true,"href":"https:\/\/www.moskito.cz\/fr\/wp-json\/wp\/v2\/comments?post=230191"}],"wp:featuredmedia":[{"embeddable":true,"href":"https:\/\/www.moskito.cz\/fr\/wp-json\/wp\/v2\/media\/230192"}],"wp:attachment":[{"href":"https:\/\/www.moskito.cz\/fr\/wp-json\/wp\/v2\/media?parent=230191"}],"wp:term":[{"taxonomy":"pwb-brand","embeddable":true,"href":"https:\/\/www.moskito.cz\/fr\/wp-json\/wp\/v2\/pwb-brand?post=230191"},{"taxonomy":"product_brand","embeddable":true,"href":"https:\/\/www.moskito.cz\/fr\/wp-json\/wp\/v2\/product_brand?post=230191"},{"taxonomy":"product_cat","embeddable":true,"href":"https:\/\/www.moskito.cz\/fr\/wp-json\/wp\/v2\/product_cat?post=230191"},{"taxonomy":"product_tag","embeddable":true,"href":"https:\/\/www.moskito.cz\/fr\/wp-json\/wp\/v2\/product_tag?post=230191"}],"curies":[{"name":"wp","href":"https:\/\/api.w.org\/{rel}","templated":true}]}}