{"id":231988,"date":"2022-11-28T22:07:40","date_gmt":"2022-11-28T21:07:40","guid":{"rendered":"https:\/\/www.moskito.cz\/?post_type=product&#038;p=231988"},"modified":"2025-09-07T11:24:25","modified_gmt":"2025-09-07T10:24:25","slug":"zaviraci-nuz-sog-terminus-sj-lte-carbon-gold","status":"publish","type":"product","link":"https:\/\/www.moskito.cz\/fr\/produkt\/zaviraci-nuz-sog-terminus-sj-lte-carbon-gold\/","title":{"rendered":"Zav\u00edrac\u00ed N\u016f\u017e SOG TERMINUS SJ LTE CARBON GOLD"},"content":{"rendered":"<p>Zav\u00edrac\u00ed N\u016f\u017e <strong>SOG<\/strong> TERMINUS SJ LTE CARBON GOLD.<\/p>\n<p>Terminus SJ LTE, speci\u00e1ln\u011b navr\u017een\u00fd tak, aby byl leg\u00e1ln\u00ed po cel\u00e9m sv\u011bt\u011b, je tenk\u00fd a lehk\u00fd n\u016f\u017e pro ka\u017edodenn\u00ed no\u0161en\u00ed. Konstrukce kluzn\u00e9ho kloubu SOG nab\u00edz\u00ed snadn\u00e9 otev\u00edr\u00e1n\u00ed a zav\u00edr\u00e1n\u00ed, jeho vysoce kvalitn\u00ed \u010depel S35VN je dlouh\u00e1 necel\u00e9 t\u0159i palce a rukoje\u0165 G10 vyztu\u017een\u00e1 uhl\u00edkov\u00fdmi vl\u00e1kny umo\u017e\u0148uje, aby se dostala na n\u011bco m\u00e1lo p\u0159es dv\u011b unce. Je to mezin\u00e1rodn\u00ed cestovatel z rodiny Terminus spole\u010dnosti SOG.<\/p>\n<p>Vyvinut\u00fd od z\u00e1klad\u016f, aby u\u017eivatel\u016fm poskytl n\u016f\u017e, kter\u00fd lze nosit t\u00e9m\u011b\u0159 v\u0161ude, design bez areta\u010dn\u00edho posuvn\u00e9ho kloubu a \u010depel men\u0161\u00ed ne\u017e 3 palce spl\u0148uje v\u011bt\u0161inu po\u017eadavk\u016f na celosv\u011btov\u00e9 leg\u00e1ln\u00ed no\u0161en\u00ed.<\/p>\n<p>S lehkou rukojet\u00ed G10 vyztu\u017eenou uhl\u00edkem a exotickou ocel\u00ed S35VN je to n\u016f\u017e, kter\u00fd bude v nadch\u00e1zej\u00edc\u00edch letech ka\u017edodenn\u00ed mo\u017enost\u00ed no\u0161en\u00ed.<\/p>\n<p>Terminus SJ LTE je jedn\u00edm z t\u011bch no\u017e\u016f, kter\u00e9 snadno vklouznou do kapsy. S \u010depel\u00ed z oceli S35VN a karbonem vyztu\u017eenou rukojet\u00ed G10 je lehk\u00fd, pln\u011b oboustrann\u00fd a leg\u00e1ln\u00ed na no\u0161en\u00ed t\u00e9m\u011b\u0159 kdekoli.<\/p>\n<p>S35VN OCEL<br \/>\nOcel americk\u00e9 v\u00fdroby obsahuje karbidy vanadu a niobu, kter\u00e9 poskytuj\u00ed vysok\u00fd stupe\u0148 hou\u017eevnatosti a odolnosti proti opot\u0159eben\u00ed.<\/p>\n<p>SLIP SPOJ<br \/>\nSpolehliv\u00fd, nezamykateln\u00fd a snadn\u00fd mechanismus otev\u00edr\u00e1n\u00ed a zav\u00edr\u00e1n\u00ed s n\u00e1dechem inovace SOG, jako je chr\u00e1ni\u010d prst\u016f, kter\u00fd minimalizuje n\u00e1hodn\u00e9 sev\u0159en\u00ed \u010depele na prstech.<\/p>\n<p>LEHK\u00dd A TENK\u00dd<br \/>\nD\u00edky vyztu\u017een\u00ed rukojet\u00ed G10 uhl\u00edkov\u00fdmi vl\u00e1kny je lehk\u00fd a design LTE vytv\u00e1\u0159\u00ed nejten\u010d\u00ed Terminus, co\u017e jsou dv\u011b kritick\u00e9 funkce no\u017ee pro ka\u017edodenn\u00ed no\u0161en\u00ed.<\/p>\n<p>D\u00c9LKA RUKOJETI: 106 mm<br \/>\nOCEL: S35VN<br \/>\nBARVA: Gold<br \/>\nTLOU\u0160\u0164KA \u010cEPELE: 2,8 mm<br \/>\nMATERI\u00c1L RUKOJETI: G10 w\/carbon fiber face<br \/>\nDRUH POJISTKY: Skl\u00e1dac\u00ed mechanismus<br \/>\nD\u00c9LKA \u010cEPELE: 74 mm<br \/>\nMATERI\u00c1L POUZDRA: N\/A<br \/>\nHMOTNOST: 65 g<br \/>\nCELKOV\u00c1 VELIKOST: 181 mm<\/p>\n<p>&nbsp;<\/p>\n<p>&nbsp;<\/p>\n","protected":false},"excerpt":{"rendered":"<p>Terminus SJ LTE, speci\u00e1ln\u011b navr\u017een\u00fd tak, aby byl leg\u00e1ln\u00ed t\u00e9m\u011b\u0159 po cel\u00e9m sv\u011bt\u011b. Je tenk\u00fd a lehk\u00fd, a je ur\u010den\u00fd pro ka\u017edodenn\u00ed no\u0161en\u00ed.<\/p>\n","protected":false},"featured_media":231990,"comment_status":"open","ping_status":"closed","template":"","meta":[],"pwb-brand":[591],"product_brand":[],"product_cat":[22,17],"product_tag":[3667],"class_list":{"0":"post-231988","1":"product","2":"type-product","3":"status-publish","4":"has-post-thumbnail","6":"pwb-brand-sog","7":"product_cat-zaviraci-noze","8":"product_cat-noze","9":"product_tag-b2b","11":"first","12":"outofstock","13":"taxable","14":"shipping-taxable","15":"purchasable","16":"product-type-simple"},"brands":[{"id":591,"name":"SOG","slug":"sog"}],"_links":{"self":[{"href":"https:\/\/www.moskito.cz\/fr\/wp-json\/wp\/v2\/product\/231988","targetHints":{"allow":["GET"]}}],"collection":[{"href":"https:\/\/www.moskito.cz\/fr\/wp-json\/wp\/v2\/product"}],"about":[{"href":"https:\/\/www.moskito.cz\/fr\/wp-json\/wp\/v2\/types\/product"}],"replies":[{"embeddable":true,"href":"https:\/\/www.moskito.cz\/fr\/wp-json\/wp\/v2\/comments?post=231988"}],"wp:featuredmedia":[{"embeddable":true,"href":"https:\/\/www.moskito.cz\/fr\/wp-json\/wp\/v2\/media\/231990"}],"wp:attachment":[{"href":"https:\/\/www.moskito.cz\/fr\/wp-json\/wp\/v2\/media?parent=231988"}],"wp:term":[{"taxonomy":"pwb-brand","embeddable":true,"href":"https:\/\/www.moskito.cz\/fr\/wp-json\/wp\/v2\/pwb-brand?post=231988"},{"taxonomy":"product_brand","embeddable":true,"href":"https:\/\/www.moskito.cz\/fr\/wp-json\/wp\/v2\/product_brand?post=231988"},{"taxonomy":"product_cat","embeddable":true,"href":"https:\/\/www.moskito.cz\/fr\/wp-json\/wp\/v2\/product_cat?post=231988"},{"taxonomy":"product_tag","embeddable":true,"href":"https:\/\/www.moskito.cz\/fr\/wp-json\/wp\/v2\/product_tag?post=231988"}],"curies":[{"name":"wp","href":"https:\/\/api.w.org\/{rel}","templated":true}]}}