{"id":232569,"date":"2022-12-10T15:55:48","date_gmt":"2022-12-10T14:55:48","guid":{"rendered":"https:\/\/www.moskito.cz\/?post_type=product&#038;p=232569"},"modified":"2025-08-21T09:07:56","modified_gmt":"2025-08-21T08:07:56","slug":"cold-steel-katana-warrior-series-2","status":"publish","type":"product","link":"https:\/\/www.moskito.cz\/fr\/produkt\/cold-steel-katana-warrior-series-2\/","title":{"rendered":"Cold Steel KATANA WARRIOR SERIES"},"content":{"rendered":"<p><strong>Cold Steel<\/strong> KATANA WARRIOR SERIES.<\/p>\n<p>Od sv\u00e9ho prvn\u00edho p\u0159edstaven\u00ed se me\u010de Emperor Series od Cold Steel staly obl\u00edben\u00fdmi u mnoha na\u0161ich z\u00e1kazn\u00edk\u016f. P\u0159esto jsme si v\u011bdomi, \u017ee existuj\u00ed lid\u00e9, kte\u0159\u00ed cht\u011bj\u00ed me\u010d p\u0159ipraven\u00fd k boji, ale doufaj\u00ed, \u017ee jej najdou za p\u0159ijateln\u011bj\u0161\u00ed cenu. Na\u0161e s\u00e9rie Warrior \u0159e\u0161\u00ed tento probl\u00e9m p\u0159\u00edmo. Me\u010de \u0159ady Warrior sd\u00edlej\u00ed stejnou vysoce v\u00fdkonnou ocel 1060, tepeln\u00e9 zpracov\u00e1n\u00ed a ostrost jako jejich prot\u011bj\u0161ky Emperor, ale vynechali jsme jejich drah\u00e9 zrcadlov\u00e9 le\u0161t\u011bn\u00ed ve prosp\u011bch prakti\u010dt\u011bj\u0161\u00edho proveden\u00ed. D\u00edky tomu je \u0159ada Warrior perfektn\u00ed volbou pro tr\u00e9nink a zdokonalov\u00e1n\u00ed \u0159ezn\u00fdch technik (Tameshigiri) bez po\u0161kozen\u00ed nebo za\u0161pin\u011bn\u00ed \u010depele.<\/p>\n<p>\u010cepel ocel 1060.<\/p>\n<p>Rukoje\u0165 Rejno\u010d\u00ed k\u016f\u017ee\/\u010dern\u00e1 \u0161\u0148\u016fra.<\/p>\n<p>Pouzdro \u010cern\u011b lakovan\u00e9 d\u0159evo.<\/p>\n<p>D\u00e9lka \u010cepele 74,2 cm.<\/p>\n<p>Celkov\u00e1 d\u00e9lka 102,8 cm.<\/p>\n<p>Hmotnost: 41,4 oz<\/p>\n","protected":false},"excerpt":{"rendered":"<p>Me\u010de \u0159ady <strong>Warrior<\/strong> jsou vyrobeny z vysoce uhl\u00edkov\u00e9 oceli 1060 s tepelnou \u00fapravou.<\/p>\n","protected":false},"featured_media":232570,"comment_status":"open","ping_status":"closed","template":"","meta":[],"pwb-brand":[211],"product_brand":[],"product_cat":[24,1942],"product_tag":[3667],"class_list":{"0":"post-232569","1":"product","2":"type-product","3":"status-publish","4":"has-post-thumbnail","6":"pwb-brand-cold-steel","7":"product_cat-katany-a-mece","8":"product_cat-mece-dyky-repliky","9":"product_tag-b2b","11":"first","12":"outofstock","13":"sale","14":"taxable","15":"shipping-taxable","16":"purchasable","17":"product-type-simple"},"brands":[{"id":211,"name":"Cold Steel","slug":"cold-steel"}],"_links":{"self":[{"href":"https:\/\/www.moskito.cz\/fr\/wp-json\/wp\/v2\/product\/232569","targetHints":{"allow":["GET"]}}],"collection":[{"href":"https:\/\/www.moskito.cz\/fr\/wp-json\/wp\/v2\/product"}],"about":[{"href":"https:\/\/www.moskito.cz\/fr\/wp-json\/wp\/v2\/types\/product"}],"replies":[{"embeddable":true,"href":"https:\/\/www.moskito.cz\/fr\/wp-json\/wp\/v2\/comments?post=232569"}],"wp:featuredmedia":[{"embeddable":true,"href":"https:\/\/www.moskito.cz\/fr\/wp-json\/wp\/v2\/media\/232570"}],"wp:attachment":[{"href":"https:\/\/www.moskito.cz\/fr\/wp-json\/wp\/v2\/media?parent=232569"}],"wp:term":[{"taxonomy":"pwb-brand","embeddable":true,"href":"https:\/\/www.moskito.cz\/fr\/wp-json\/wp\/v2\/pwb-brand?post=232569"},{"taxonomy":"product_brand","embeddable":true,"href":"https:\/\/www.moskito.cz\/fr\/wp-json\/wp\/v2\/product_brand?post=232569"},{"taxonomy":"product_cat","embeddable":true,"href":"https:\/\/www.moskito.cz\/fr\/wp-json\/wp\/v2\/product_cat?post=232569"},{"taxonomy":"product_tag","embeddable":true,"href":"https:\/\/www.moskito.cz\/fr\/wp-json\/wp\/v2\/product_tag?post=232569"}],"curies":[{"name":"wp","href":"https:\/\/api.w.org\/{rel}","templated":true}]}}