{"id":233874,"date":"2022-12-14T10:52:11","date_gmt":"2022-12-14T09:52:11","guid":{"rendered":"https:\/\/www.moskito.cz\/produkt\/tanto-shira-saya-black-wood-z-oceli-aisi-1045-s-lestenou-imitaci-hamonu\/"},"modified":"2025-05-07T10:44:46","modified_gmt":"2025-05-07T09:44:46","slug":"tanto-shira-saya-black-wood-z-oceli-aisi-1045-s-lestenou-imitaci-hamonu","status":"publish","type":"product","link":"https:\/\/www.moskito.cz\/fr\/produkt\/tanto-shira-saya-black-wood-z-oceli-aisi-1045-s-lestenou-imitaci-hamonu\/","title":{"rendered":"Tanto shira saya BLACK WOOD z oceli AISI 1045 s le\u0161t\u011bnou imitac\u00ed hamonu"},"content":{"rendered":"<p>Tanto  BLACK-WOOD &#038; uhl\u00edkov\u00e9 ocel  AISI 1045 &#038;  le\u0161t\u011bn\u00e1 imitace hamonu<\/p>\n","protected":false},"excerpt":{"rendered":"<p>Tanto  BLACK-WOOD &#038; uhl\u00edkov\u00e9 ocel  AISI 1045 &#038;  le\u0161t\u011bn\u00e1 imitace hamonu<\/p>\n","protected":false},"featured_media":233875,"comment_status":"closed","ping_status":"open","template":"","meta":[],"pwb-brand":[2081],"product_brand":[],"product_cat":[24,1942],"product_tag":[],"class_list":{"0":"post-233874","1":"product","2":"type-product","3":"status-publish","4":"has-post-thumbnail","6":"pwb-brand-kawashima","7":"product_cat-katany-a-mece","8":"product_cat-mece-dyky-repliky","10":"first","11":"outofstock","12":"purchasable","13":"product-type-simple"},"brands":[{"id":2081,"name":"Kawashima","slug":"kawashima"}],"_links":{"self":[{"href":"https:\/\/www.moskito.cz\/fr\/wp-json\/wp\/v2\/product\/233874","targetHints":{"allow":["GET"]}}],"collection":[{"href":"https:\/\/www.moskito.cz\/fr\/wp-json\/wp\/v2\/product"}],"about":[{"href":"https:\/\/www.moskito.cz\/fr\/wp-json\/wp\/v2\/types\/product"}],"replies":[{"embeddable":true,"href":"https:\/\/www.moskito.cz\/fr\/wp-json\/wp\/v2\/comments?post=233874"}],"wp:featuredmedia":[{"embeddable":true,"href":"https:\/\/www.moskito.cz\/fr\/wp-json\/wp\/v2\/media\/233875"}],"wp:attachment":[{"href":"https:\/\/www.moskito.cz\/fr\/wp-json\/wp\/v2\/media?parent=233874"}],"wp:term":[{"taxonomy":"pwb-brand","embeddable":true,"href":"https:\/\/www.moskito.cz\/fr\/wp-json\/wp\/v2\/pwb-brand?post=233874"},{"taxonomy":"product_brand","embeddable":true,"href":"https:\/\/www.moskito.cz\/fr\/wp-json\/wp\/v2\/product_brand?post=233874"},{"taxonomy":"product_cat","embeddable":true,"href":"https:\/\/www.moskito.cz\/fr\/wp-json\/wp\/v2\/product_cat?post=233874"},{"taxonomy":"product_tag","embeddable":true,"href":"https:\/\/www.moskito.cz\/fr\/wp-json\/wp\/v2\/product_tag?post=233874"}],"curies":[{"name":"wp","href":"https:\/\/api.w.org\/{rel}","templated":true}]}}