{"id":235433,"date":"2024-07-31T00:06:13","date_gmt":"2024-07-30T23:06:13","guid":{"rendered":"https:\/\/www.moskito.cz\/produkt\/ocilka-nerezova-250-mm-risam-rr003\/"},"modified":"2025-05-07T10:44:46","modified_gmt":"2025-05-07T09:44:46","slug":"ocilka-nerezova-250-mm-risam-rr003","status":"publish","type":"product","link":"https:\/\/www.moskito.cz\/fr\/produkt\/ocilka-nerezova-250-mm-risam-rr003\/","title":{"rendered":"oc\u00edlka nerezov\u00e1 250 mm RISAM RR003"},"content":{"rendered":"<p>Oc\u00edlka nerezov\u00e1 250 mm &#038;  RISAM RR003 &#038; ergonomick\u00e1 rukoje\u0165<\/p>\n","protected":false},"excerpt":{"rendered":"<p>Oc\u00edlka nerezov\u00e1 250 mm &#038;  RISAM RR003 &#038; ergonomick\u00e1 rukoje\u0165<\/p>\n","protected":false},"featured_media":235434,"comment_status":"closed","ping_status":"open","template":"","meta":[],"pwb-brand":[3086],"product_brand":[],"product_cat":[26],"product_tag":[],"class_list":{"0":"post-235433","1":"product","2":"type-product","3":"status-publish","4":"has-post-thumbnail","6":"pwb-brand-risam-kitchen","7":"product_cat-brousky-a-ocilky","9":"first","10":"outofstock","11":"purchasable","12":"product-type-simple"},"brands":[{"id":3086,"name":"RISAM kitchen","slug":"risam-kitchen"}],"_links":{"self":[{"href":"https:\/\/www.moskito.cz\/fr\/wp-json\/wp\/v2\/product\/235433","targetHints":{"allow":["GET"]}}],"collection":[{"href":"https:\/\/www.moskito.cz\/fr\/wp-json\/wp\/v2\/product"}],"about":[{"href":"https:\/\/www.moskito.cz\/fr\/wp-json\/wp\/v2\/types\/product"}],"replies":[{"embeddable":true,"href":"https:\/\/www.moskito.cz\/fr\/wp-json\/wp\/v2\/comments?post=235433"}],"wp:featuredmedia":[{"embeddable":true,"href":"https:\/\/www.moskito.cz\/fr\/wp-json\/wp\/v2\/media\/235434"}],"wp:attachment":[{"href":"https:\/\/www.moskito.cz\/fr\/wp-json\/wp\/v2\/media?parent=235433"}],"wp:term":[{"taxonomy":"pwb-brand","embeddable":true,"href":"https:\/\/www.moskito.cz\/fr\/wp-json\/wp\/v2\/pwb-brand?post=235433"},{"taxonomy":"product_brand","embeddable":true,"href":"https:\/\/www.moskito.cz\/fr\/wp-json\/wp\/v2\/product_brand?post=235433"},{"taxonomy":"product_cat","embeddable":true,"href":"https:\/\/www.moskito.cz\/fr\/wp-json\/wp\/v2\/product_cat?post=235433"},{"taxonomy":"product_tag","embeddable":true,"href":"https:\/\/www.moskito.cz\/fr\/wp-json\/wp\/v2\/product_tag?post=235433"}],"curies":[{"name":"wp","href":"https:\/\/api.w.org\/{rel}","templated":true}]}}