{"id":237759,"date":"2023-01-19T20:56:52","date_gmt":"2023-01-19T19:56:52","guid":{"rendered":"https:\/\/www.moskito.cz\/?post_type=product&#038;p=237759"},"modified":"2025-05-07T10:45:31","modified_gmt":"2025-05-07T09:45:31","slug":"vystrelovaci-nuz-microtech-signature-series-dirac-auto-otf-225-3ocs","status":"publish","type":"product","link":"https:\/\/www.moskito.cz\/fr\/produkt\/vystrelovaci-nuz-microtech-signature-series-dirac-auto-otf-225-3ocs\/","title":{"rendered":"Vyst\u0159elovac\u00ed N\u016f\u017e Microtech Signature Series Dirac AUTO OTF 225-3OCS"},"content":{"rendered":"<p>Vyst\u0159elovac\u00ed N\u016f\u017e <strong>Microtech<\/strong> Signature Series Dirac AUTO OTF 225-3OCS.<\/p>\n<p>irac je prvn\u00ed dvou\u010dinn\u00fd n\u016f\u017e Microtech s jezdcem pro vyst\u0159elov\u00e1n\u00ed krytu. Extr\u00e9mn\u011b ergonomick\u00fd podvozek se vyzna\u010duje zak\u0159iven\u00fdmi liniemi podobn\u00fdmi HALO pro trochu jin\u00fd pocit ve srovn\u00e1n\u00ed s jin\u00fdmi rukoje\u0165mi. Prozkoumali tento konkr\u00e9tn\u00ed design OTF a pou\u017eili sv\u00e9 typick\u00e9 mikrotechnologick\u00e9 funkce s ultra vysokou toleranc\u00ed, jako je propriet\u00e1rn\u00ed hardware, inovativn\u00ed vnit\u0159n\u00ed mechanismus a rozb\u00edje\u010d skla. S celkovou d\u00e9lkou 18.12 cm je Dirac tak akor\u00e1t pro ka\u017edodenn\u00ed n\u016f\u017e.<\/p>\n<p>Specifikace<br \/>\nD\u00e9lka \u010depele: 7.5<br \/>\nCelkov\u00e1 d\u00e9lka: 18.5 cm<br \/>\nOcel: M390<br \/>\nStyl \u010depele: D\u00fdka s dvojit\u00fdm ost\u0159\u00edm, hladk\u00e1\/zoubkovan\u00e1<br \/>\nBrou\u0161en\u00ed \u010depele: Ploch\u00e9<br \/>\nPovrchov\u00e1 \u00faprava \u010depele: OD Green Camo<br \/>\nMateri\u00e1l rukojeti: hlin\u00edk 6061-T6, OD Green Camo Mil-Spec Hard Coat Eloxovan\u00fd<br \/>\nTlou\u0161\u0165ka rukojeti: 1.05 cm<br \/>\nUzamykac\u00ed mechanismus: Kryc\u00ed \u0161oup\u00e1tko<br \/>\nKapesn\u00ed spona: 301 Nerezov\u00e1 ocel (sklopn\u00e1)<br \/>\nHmotnost: 2,2 oz.<br \/>\nDesign\u00e9r: Tony Marfione<br \/>\nVyrobeno v USA<\/p>\n<p><iframe title=\"Microtech Combat Troodon Torture Test\" width=\"800\" height=\"450\" src=\"https:\/\/www.youtube.com\/embed\/xE9TeOFYEjg?feature=oembed\" frameborder=\"0\" allow=\"accelerometer; autoplay; clipboard-write; encrypted-media; gyroscope; picture-in-picture; web-share\" allowfullscreen><\/iframe><\/p>\n<p>&nbsp;<\/p>\n<p>&nbsp;<\/p>\n","protected":false},"excerpt":{"rendered":"<p>V pr\u016fb\u011bhu let\u00a0<strong>Microtech\u00ae\u00a0<\/strong>Knives naplnil v\u00e1\u0161n\u00ed a dovednost\u00ed v\u00fdrobu no\u017e\u016f, a\u017e z nich vytvo\u0159il t\u00e9m\u011b\u0159 um\u011bleck\u00e1 d\u00edla,kter\u00e9 jsou vrcholem funk\u010dnosti.V\u0161echny d\u00edly jsou vyrobeny v USA.<br \/>\n<strong>Na v\u0161echny no\u017ee Microtech je do\u017eivotn\u00ed z\u00e1ruka ( min. 80 000 cykl\u016f, otev\u0159en\u00ed a zav\u0159en\u00ed)<\/strong><\/p>\n","protected":false},"featured_media":237760,"comment_status":"open","ping_status":"closed","template":"","meta":[],"pwb-brand":[431],"product_brand":[],"product_cat":[2019,17],"product_tag":[3667],"class_list":{"0":"post-237759","1":"product","2":"type-product","3":"status-publish","4":"has-post-thumbnail","6":"pwb-brand-microtech","7":"product_cat-vystrelovaci-noze","8":"product_cat-noze","9":"product_tag-b2b","11":"first","12":"instock","13":"taxable","14":"shipping-taxable","15":"purchasable","16":"product-type-simple"},"brands":[{"id":431,"name":"Microtech","slug":"microtech"}],"_links":{"self":[{"href":"https:\/\/www.moskito.cz\/fr\/wp-json\/wp\/v2\/product\/237759","targetHints":{"allow":["GET"]}}],"collection":[{"href":"https:\/\/www.moskito.cz\/fr\/wp-json\/wp\/v2\/product"}],"about":[{"href":"https:\/\/www.moskito.cz\/fr\/wp-json\/wp\/v2\/types\/product"}],"replies":[{"embeddable":true,"href":"https:\/\/www.moskito.cz\/fr\/wp-json\/wp\/v2\/comments?post=237759"}],"wp:featuredmedia":[{"embeddable":true,"href":"https:\/\/www.moskito.cz\/fr\/wp-json\/wp\/v2\/media\/237760"}],"wp:attachment":[{"href":"https:\/\/www.moskito.cz\/fr\/wp-json\/wp\/v2\/media?parent=237759"}],"wp:term":[{"taxonomy":"pwb-brand","embeddable":true,"href":"https:\/\/www.moskito.cz\/fr\/wp-json\/wp\/v2\/pwb-brand?post=237759"},{"taxonomy":"product_brand","embeddable":true,"href":"https:\/\/www.moskito.cz\/fr\/wp-json\/wp\/v2\/product_brand?post=237759"},{"taxonomy":"product_cat","embeddable":true,"href":"https:\/\/www.moskito.cz\/fr\/wp-json\/wp\/v2\/product_cat?post=237759"},{"taxonomy":"product_tag","embeddable":true,"href":"https:\/\/www.moskito.cz\/fr\/wp-json\/wp\/v2\/product_tag?post=237759"}],"curies":[{"name":"wp","href":"https:\/\/api.w.org\/{rel}","templated":true}]}}