{"id":238231,"date":"2023-01-24T19:07:19","date_gmt":"2023-01-24T18:07:19","guid":{"rendered":"https:\/\/www.moskito.cz\/?post_type=product&#038;p=238231"},"modified":"2025-05-07T10:45:41","modified_gmt":"2025-05-07T09:45:41","slug":"zaviraci-nuz-rike-knife-alien2-b","status":"publish","type":"product","link":"https:\/\/www.moskito.cz\/fr\/produkt\/zaviraci-nuz-rike-knife-alien2-b\/","title":{"rendered":"Zav\u00edrac\u00ed N\u016f\u017e Rike Knife Alien2-B"},"content":{"rendered":"<p>Zav\u00edrac\u00ed N\u016f\u017e <strong>Rike Knife<\/strong> Alien2-B.<\/p>\n<p>Rike Alien 2 je futuristick\u00fd kapesn\u00ed n\u016f\u017e vylep\u0161en\u00fd o v\u0161echny vlastnosti mimozem\u0161\u0165ana. Typ biomechanick\u00e9ho designu, kter\u00fd se zd\u00e1 b\u00fdt p\u0159evzat z pr\u00e1ce HR Gigera. V tomto p\u0159\u00edpad\u011b se zm\u011bnil v cool karambit.<\/p>\n<p>\u010cepel: B\u00f6hler N690<\/p>\n<p>Z\u00e1mek: Liner Lock<\/p>\n<p>Otev\u00edrac\u00ed mechanismus: Ploutev<\/p>\n<p>Rukoje\u0165: Titan<\/p>\n<p>Celkov\u00e1 d\u00e9lka:: 220 mm<\/p>\n<p>D\u00e9lka \u010depele:: 83 mm<\/p>\n<p>D\u00e9lka zav\u0159en\u00e9ho no\u017ee:: 137 mm<\/p>\n","protected":false},"excerpt":{"rendered":"<p><strong>Rikeknife<\/strong>\u00a0je origin\u00e1ln\u00ed zna\u010dka navr\u017een\u00e1 na\u0161\u00edm zakladatelem Richardem Wu. Je dlouholet\u00fdm nad\u0161encem do no\u017e\u016f, m\u00e1 zku\u0161enosti s mechanick\u00fdm designem a v\u00fdrobou, neust\u00e1le usiluje o dokonalost a detailn\u00ed dokonalost ve v\u0161ech designech no\u017e\u016f vyr\u00e1b\u011bn\u00fdch\u00a0<strong>Rikeknife<\/strong>.<\/p>\n<p><strong>Doprava zdarma.<\/strong><\/p>\n","protected":false},"featured_media":238232,"comment_status":"open","ping_status":"closed","template":"","meta":[],"pwb-brand":[1318],"product_brand":[],"product_cat":[22,17],"product_tag":[],"class_list":{"0":"post-238231","1":"product","2":"type-product","3":"status-publish","4":"has-post-thumbnail","6":"pwb-brand-rike-knife","7":"product_cat-zaviraci-noze","8":"product_cat-noze","10":"first","11":"outofstock","12":"taxable","13":"shipping-taxable","14":"purchasable","15":"product-type-simple"},"brands":[{"id":1318,"name":"Rike Knife","slug":"rike-knife"}],"_links":{"self":[{"href":"https:\/\/www.moskito.cz\/fr\/wp-json\/wp\/v2\/product\/238231","targetHints":{"allow":["GET"]}}],"collection":[{"href":"https:\/\/www.moskito.cz\/fr\/wp-json\/wp\/v2\/product"}],"about":[{"href":"https:\/\/www.moskito.cz\/fr\/wp-json\/wp\/v2\/types\/product"}],"replies":[{"embeddable":true,"href":"https:\/\/www.moskito.cz\/fr\/wp-json\/wp\/v2\/comments?post=238231"}],"wp:featuredmedia":[{"embeddable":true,"href":"https:\/\/www.moskito.cz\/fr\/wp-json\/wp\/v2\/media\/238232"}],"wp:attachment":[{"href":"https:\/\/www.moskito.cz\/fr\/wp-json\/wp\/v2\/media?parent=238231"}],"wp:term":[{"taxonomy":"pwb-brand","embeddable":true,"href":"https:\/\/www.moskito.cz\/fr\/wp-json\/wp\/v2\/pwb-brand?post=238231"},{"taxonomy":"product_brand","embeddable":true,"href":"https:\/\/www.moskito.cz\/fr\/wp-json\/wp\/v2\/product_brand?post=238231"},{"taxonomy":"product_cat","embeddable":true,"href":"https:\/\/www.moskito.cz\/fr\/wp-json\/wp\/v2\/product_cat?post=238231"},{"taxonomy":"product_tag","embeddable":true,"href":"https:\/\/www.moskito.cz\/fr\/wp-json\/wp\/v2\/product_tag?post=238231"}],"curies":[{"name":"wp","href":"https:\/\/api.w.org\/{rel}","templated":true}]}}