{"id":238747,"date":"2023-01-28T23:06:23","date_gmt":"2023-01-28T22:06:23","guid":{"rendered":"https:\/\/www.moskito.cz\/?post_type=product&#038;p=238747"},"modified":"2025-05-07T10:45:57","modified_gmt":"2025-05-07T09:45:57","slug":"vystrelovaci-nuz-microtech-signature-makora-otf-auto-bronze-206-13rds","status":"publish","type":"product","link":"https:\/\/www.moskito.cz\/fr\/produkt\/vystrelovaci-nuz-microtech-signature-makora-otf-auto-bronze-206-13rds\/","title":{"rendered":"Vyst\u0159elovac\u00ed N\u016f\u017e Microtech Signature Makora OTF AUTO Bronze 206-13RDS"},"content":{"rendered":"<p>Vyst\u0159elovac\u00ed N\u016f\u017e <strong>Microtech<\/strong> Signature Makora OTF AUTO Bronze 206-13RDS<\/p>\n<p>Koncept Makory se vyvinul ze slavn\u00e9ho designu <strong>Microtech<\/strong> Ultratech. Byl testov\u00e1n v praxi a osv\u011bd\u010den\u00fd po dobu n\u011bkolika let. Tento design obsahuje mnoho funkc\u00ed, kter\u00e9 byly po\u017eadov\u00e1ny a specifikov\u00e1ny u\u017eivateli, kte\u0159\u00ed preferuj\u00ed tento vysoce \u00fa\u010dinn\u00fd n\u00e1stroj p\u0159ed jak\u00fdmkoli jin\u00fdm. Pru\u017eina Makory z\u016fst\u00e1v\u00e1 v \u201eklidov\u00e9\u201c poloze po celou dobu, s v\u00fdjimkou vysunut\u00ed. Bez \u00fanavy na stla\u010den\u00e9 pru\u017ein\u011b, kdy\u017e n\u016f\u017e nen\u00ed pou\u017e\u00edv\u00e1n, to d\u00e1v\u00e1 u\u017eivatel\u016fm spolehlivost a jistotu, \u017ee kdy\u017e se stiskne uvoln\u011bn\u00ed, n\u016f\u017e bude fungovat. Mezi dal\u0161\u00ed vlastnosti pat\u0159\u00ed rychl\u00e9 a efektivn\u00ed otev\u00edr\u00e1n\u00ed a zav\u00edr\u00e1n\u00ed jednou rukou, \u010depel z pr\u00e9miov\u00e9 oceli, oboustrann\u00e1 spona na kapsu a \u0161rouby odoln\u00e9 proti neopr\u00e1vn\u011bn\u00e9 manipulaci.<\/p>\n<p>Specifikace<br \/>\nD\u00e9lka \u010depele: 8.25 cm<br \/>\nCelkov\u00e1 d\u00e9lka: 21.12 cm<br \/>\nVezm\u011bte pros\u00edm na v\u011bdom\u00ed, \u017ee ocel \u010depele nelze specifikovat, proto\u017ee se m\u016f\u017ee m\u011bnit v z\u00e1vislosti na dostupnosti (informace od Microtech)<br \/>\nTlou\u0161\u0165ka \u010depele: 0.31 cm<br \/>\nStyl \u010depele: D\u00fdka s dvojitou hranou<br \/>\nBrou\u0161en\u00ed \u010depele: Ploch\u00e9<br \/>\nPovrchov\u00e1 \u00faprava \u010depele: Bronzov\u00e1<br \/>\nMateri\u00e1l rukojeti: \u010cerven\u00fd leteck\u00fd hlin\u00edk s \u010dern\u00fdmi trak\u010dn\u00edmi vlo\u017ekami<br \/>\nTlou\u0161\u0165ka rukojeti: 1.38 cm<br \/>\nUzamykac\u00ed mechanismus: Posuvn\u00fd<br \/>\nKapesn\u00ed spona: Titan (skl\u00e1p\u011bc\u00ed, prav\u00e9\/lev\u00e9 no\u0161en\u00ed)<br \/>\nHmotnost: 3,32 oz.<br \/>\nDesign\u00e9r: Tony Marfione<br \/>\nVnit\u0159n\u00ed nikl Boron<br \/>\nVyrobeno v USA<\/p>\n<p><iframe title=\"Microtech Combat Troodon Torture Test\" width=\"800\" height=\"450\" src=\"https:\/\/www.youtube.com\/embed\/xE9TeOFYEjg?feature=oembed\" frameborder=\"0\" allow=\"accelerometer; autoplay; clipboard-write; encrypted-media; gyroscope; picture-in-picture; web-share\" allowfullscreen><\/iframe><\/p>\n<p>&nbsp;<\/p>\n","protected":false},"excerpt":{"rendered":"<p>V pr\u016fb\u011bhu let\u00a0<strong>Microtech\u00ae Knives<\/strong>\u00a0naplnil v\u00e1\u0161n\u00ed a dovednost\u00ed v\u00fdrobu no\u017e\u016f, a\u017e z nich vytvo\u0159il t\u00e9m\u011b\u0159 um\u011bleck\u00e1 d\u00edla,kter\u00e9 jsou vrcholem funk\u010dnosti.V\u0161echny d\u00edly jsou vyrobeny v USA.<br \/>\n<strong>Na v\u0161echny no\u017ee Microtech je do\u017eivotn\u00ed z\u00e1ruka.<\/strong><\/p>\n<p><strong>Doprava zdarma.<\/strong><\/p>\n","protected":false},"featured_media":238749,"comment_status":"open","ping_status":"closed","template":"","meta":[],"pwb-brand":[431],"product_brand":[],"product_cat":[2019,17],"product_tag":[3667],"class_list":{"0":"post-238747","1":"product","2":"type-product","3":"status-publish","4":"has-post-thumbnail","6":"pwb-brand-microtech","7":"product_cat-vystrelovaci-noze","8":"product_cat-noze","9":"product_tag-b2b","11":"first","12":"instock","13":"taxable","14":"shipping-taxable","15":"purchasable","16":"product-type-simple"},"brands":[{"id":431,"name":"Microtech","slug":"microtech"}],"_links":{"self":[{"href":"https:\/\/www.moskito.cz\/fr\/wp-json\/wp\/v2\/product\/238747","targetHints":{"allow":["GET"]}}],"collection":[{"href":"https:\/\/www.moskito.cz\/fr\/wp-json\/wp\/v2\/product"}],"about":[{"href":"https:\/\/www.moskito.cz\/fr\/wp-json\/wp\/v2\/types\/product"}],"replies":[{"embeddable":true,"href":"https:\/\/www.moskito.cz\/fr\/wp-json\/wp\/v2\/comments?post=238747"}],"wp:featuredmedia":[{"embeddable":true,"href":"https:\/\/www.moskito.cz\/fr\/wp-json\/wp\/v2\/media\/238749"}],"wp:attachment":[{"href":"https:\/\/www.moskito.cz\/fr\/wp-json\/wp\/v2\/media?parent=238747"}],"wp:term":[{"taxonomy":"pwb-brand","embeddable":true,"href":"https:\/\/www.moskito.cz\/fr\/wp-json\/wp\/v2\/pwb-brand?post=238747"},{"taxonomy":"product_brand","embeddable":true,"href":"https:\/\/www.moskito.cz\/fr\/wp-json\/wp\/v2\/product_brand?post=238747"},{"taxonomy":"product_cat","embeddable":true,"href":"https:\/\/www.moskito.cz\/fr\/wp-json\/wp\/v2\/product_cat?post=238747"},{"taxonomy":"product_tag","embeddable":true,"href":"https:\/\/www.moskito.cz\/fr\/wp-json\/wp\/v2\/product_tag?post=238747"}],"curies":[{"name":"wp","href":"https:\/\/api.w.org\/{rel}","templated":true}]}}