{"id":240144,"date":"2023-02-19T22:40:05","date_gmt":"2023-02-19T21:40:05","guid":{"rendered":"https:\/\/www.moskito.cz\/?post_type=product&#038;p=240144"},"modified":"2025-05-07T10:46:25","modified_gmt":"2025-05-07T09:46:25","slug":"zaviraci-nuz-cmb-made-knives-dagon-bronze-titanium-cmb-11c","status":"publish","type":"product","link":"https:\/\/www.moskito.cz\/fr\/produkt\/zaviraci-nuz-cmb-made-knives-dagon-bronze-titanium-cmb-11c\/","title":{"rendered":"Zav\u00edrac\u00ed N\u016f\u017e CMB Made Knives Dagon Bronze Titanium CMB-11C"},"content":{"rendered":"<p>Zav\u00edrac\u00ed N\u016f\u017e <strong>CMB Made Knives<\/strong> Dagon Bronze Titanium CMB-11C<\/p>\n<p>Dagon Bronze CMB Made Knives se m\u016f\u017ee pochlubit v\u0161\u00edm, co by spr\u00e1vn\u00fd EDC n\u016f\u017e m\u011bl: robustn\u00ed konstrukc\u00ed, neot\u0159esiteln\u00fdm uzam\u010den\u00edm, pr\u00e9miov\u00fdmi materi\u00e1ly a renomovanou zna\u010dkou. Je to ten druh kapesn\u00edho no\u017ee, kter\u00fd m\u016f\u017eete vz\u00edt do jak\u00e9hokoli boje nebo pr\u00e1ce a vyj\u00edt na vrchol. Je to kapesn\u00ed n\u016f\u017e s ploutvemi, kter\u00fd se snadno otev\u00edr\u00e1 jednou rukou a obsahuje kapesn\u00ed klip pro bezpe\u010dn\u00e9 no\u0161en\u00ed v kapse.<\/p>\n<p>Hled\u00e1te n\u011bco podobn\u00e9ho? Existuje spousta dal\u0161\u00edch zav\u00edrac\u00edch no\u017e\u016f vyroben\u00fdch CMB, ze kter\u00fdch si m\u016f\u017eete vybrat!<\/p>\n<p>Design\u00e9r:Bolt.Vision<br \/>\nN\u00e1zev modelu: Dagon<\/p>\n<p>Celkov\u00e1 d\u00e9lka: 210 mm (8,26&Prime;)<br \/>\nD\u00e9lka \u010depele: 92 mm (3,62&Prime;)<br \/>\n\u0160\u00ed\u0159ka \u010depele: 27 mm (1,06&Prime;)<br \/>\nTlou\u0161\u0165ka \u010depele: 3,5 mm<br \/>\nD\u00e9lka rukojeti: 118 mm (4,64&Prime;)<\/p>\n<p>Materi\u00e1l \u010depele: M390<br \/>\nPovrch \u010depele: sat\u00e9n<br \/>\nPovrch rukojeti: Bronz<br \/>\nMateri\u00e1l rukojeti: 6AL4V titan<br \/>\nKlip: 6AL4V Titanium<\/p>\n<p>Hmotnost: 104g (3,66oz)<br \/>\nTvrdost: 59-61HRC<br \/>\nTyp z\u00e1mku: R\u00e1mov\u00fd z\u00e1mek<br \/>\nKonstrukce: m\u011bd\u011bn\u00e9 keramick\u00e9 kuli\u010dkov\u00e9 lo\u017eisko<\/p>\n","protected":false},"excerpt":{"rendered":"<p>Tento\u00a0<strong>CMB Made Knives<\/strong> Dagon Bronze Titanium m\u00e1 design, kde \u010depel a rukoje\u0165 sm\u011b\u0159uj\u00ed proti sob\u011b a vytv\u00e1\u0159ej\u00ed esteticky p\u0159\u00edjemnou rovnov\u00e1hu.<\/p>\n","protected":false},"featured_media":240145,"comment_status":"open","ping_status":"closed","template":"","meta":[],"pwb-brand":[3246],"product_brand":[],"product_cat":[22,17],"product_tag":[],"class_list":{"0":"post-240144","1":"product","2":"type-product","3":"status-publish","4":"has-post-thumbnail","6":"pwb-brand-cmb-made-knives","7":"product_cat-zaviraci-noze","8":"product_cat-noze","10":"first","11":"instock","12":"taxable","13":"shipping-taxable","14":"purchasable","15":"product-type-simple"},"brands":[{"id":3246,"name":"CMB Made Knives","slug":"cmb-made-knives"}],"_links":{"self":[{"href":"https:\/\/www.moskito.cz\/fr\/wp-json\/wp\/v2\/product\/240144","targetHints":{"allow":["GET"]}}],"collection":[{"href":"https:\/\/www.moskito.cz\/fr\/wp-json\/wp\/v2\/product"}],"about":[{"href":"https:\/\/www.moskito.cz\/fr\/wp-json\/wp\/v2\/types\/product"}],"replies":[{"embeddable":true,"href":"https:\/\/www.moskito.cz\/fr\/wp-json\/wp\/v2\/comments?post=240144"}],"wp:featuredmedia":[{"embeddable":true,"href":"https:\/\/www.moskito.cz\/fr\/wp-json\/wp\/v2\/media\/240145"}],"wp:attachment":[{"href":"https:\/\/www.moskito.cz\/fr\/wp-json\/wp\/v2\/media?parent=240144"}],"wp:term":[{"taxonomy":"pwb-brand","embeddable":true,"href":"https:\/\/www.moskito.cz\/fr\/wp-json\/wp\/v2\/pwb-brand?post=240144"},{"taxonomy":"product_brand","embeddable":true,"href":"https:\/\/www.moskito.cz\/fr\/wp-json\/wp\/v2\/product_brand?post=240144"},{"taxonomy":"product_cat","embeddable":true,"href":"https:\/\/www.moskito.cz\/fr\/wp-json\/wp\/v2\/product_cat?post=240144"},{"taxonomy":"product_tag","embeddable":true,"href":"https:\/\/www.moskito.cz\/fr\/wp-json\/wp\/v2\/product_tag?post=240144"}],"curies":[{"name":"wp","href":"https:\/\/api.w.org\/{rel}","templated":true}]}}